{"id":37871,"date":"2026-02-27T00:41:17","date_gmt":"2026-02-27T00:41:17","guid":{"rendered":"https:\/\/nordicmart.andreevmaster.com\/product\/songmics-ripustettava-hylly-4-taskulla-harmaana\/"},"modified":"2026-02-27T09:57:28","modified_gmt":"2026-02-27T09:57:28","slug":"songmics-ripustettava-hylly-4-taskulla-harmaana","status":"publish","type":"product","link":"https:\/\/nordicmart.andreevmaster.com\/fi\/tuote\/songmics-ripustettava-hylly-4-taskulla-harmaana\/","title":{"rendered":"SONGMICS ripustettava hylly 4 taskulla, harmaana"},"content":{"rendered":"<p>SONGMICS Ripustettava j\u00e4rjestelij\u00e4, 4 taskua, ripustettava s\u00e4ilytys oviaukkoon, makuuhuoneeseen, toimistoon, lastenhuoneeseen, 33,5 x 12 x 100 cm, musta RDH004B01<br \/>\nV\u00e4ri: harmaa melange<br \/>\nMateriaali: 80 g\/m\u00b2 kuitukangas, sis\u00e4rakenne ja takasein\u00e4t 2 mm paksua pahvia, metallikoukut<br \/>\nKoko yhteens\u00e4: 33,5 x 12 x 100 cm (P x L x K)<br \/>\nTaskujen koko:<br \/>\nPituus: 32 cm<br \/>\nKorkeus: 17 cm<br \/>\nSyvyys: 10 cm (alaosa), 11 cm (yl\u00e4osa)<br \/>\nPaino: 900 g<br \/>\nMaks. staattinen kokonaiskuormitus: 5 kg<\/p>\n","protected":false},"excerpt":{"rendered":"<p>SONGMICS Ripustettava j\u00e4rjestelij\u00e4, 4 taskua, ripustettava s\u00e4ilytys oviaukkoon, makuuhuoneeseen, toimistoon, lastenhuoneeseen, 33,5 x 12 x 100 cm, musta RDH004B01<\/p>\n","protected":false},"featured_media":45713,"comment_status":"open","ping_status":"closed","template":"","meta":[],"product_brand":[],"product_cat":[32],"product_tag":[],"class_list":{"0":"post-37871","1":"product","2":"type-product","3":"status-publish","4":"has-post-thumbnail","6":"product_cat-uncategorized-fi","8":"first","9":"instock","10":"shipping-taxable","11":"purchasable","12":"product-type-simple"},"_links":{"self":[{"href":"https:\/\/nordicmart.andreevmaster.com\/fi\/wp-json\/wp\/v2\/product\/37871","targetHints":{"allow":["GET"]}}],"collection":[{"href":"https:\/\/nordicmart.andreevmaster.com\/fi\/wp-json\/wp\/v2\/product"}],"about":[{"href":"https:\/\/nordicmart.andreevmaster.com\/fi\/wp-json\/wp\/v2\/types\/product"}],"replies":[{"embeddable":true,"href":"https:\/\/nordicmart.andreevmaster.com\/fi\/wp-json\/wp\/v2\/comments?post=37871"}],"wp:featuredmedia":[{"embeddable":true,"href":"https:\/\/nordicmart.andreevmaster.com\/fi\/wp-json\/wp\/v2\/media\/45713"}],"wp:attachment":[{"href":"https:\/\/nordicmart.andreevmaster.com\/fi\/wp-json\/wp\/v2\/media?parent=37871"}],"wp:term":[{"taxonomy":"product_brand","embeddable":true,"href":"https:\/\/nordicmart.andreevmaster.com\/fi\/wp-json\/wp\/v2\/product_brand?post=37871"},{"taxonomy":"product_cat","embeddable":true,"href":"https:\/\/nordicmart.andreevmaster.com\/fi\/wp-json\/wp\/v2\/product_cat?post=37871"},{"taxonomy":"product_tag","embeddable":true,"href":"https:\/\/nordicmart.andreevmaster.com\/fi\/wp-json\/wp\/v2\/product_tag?post=37871"}],"curies":[{"name":"wp","href":"https:\/\/api.w.org\/{rel}","templated":true}]}}