{"id":37867,"date":"2026-02-27T00:41:16","date_gmt":"2026-02-27T00:41:16","guid":{"rendered":"https:\/\/nordicmart.andreevmaster.com\/product\/vasagle-lipasto-laatikot-vintage-ruskea-musta\/"},"modified":"2026-02-27T09:57:27","modified_gmt":"2026-02-27T09:57:27","slug":"vasagle-lipasto-laatikot-vintage-ruskea-musta","status":"publish","type":"product","link":"https:\/\/nordicmart.andreevmaster.com\/fi\/tuote\/vasagle-lipasto-laatikot-vintage-ruskea-musta\/","title":{"rendered":"VASAGLE lipasto, laatikot, vintage-ruskea-musta"},"content":{"rendered":"<p>Tuotetiedot: &#8211; V\u00e4ri: vintage-ruskea-musta &#8211; Materiaali: lastulevy, ter\u00e4s, kuitukangas, MDF (keskitihe\u00e4 kuitulevy) &#8211; Koko: 87,5 x 40 x 106 cm (P x L x K) &#8211; Paino: 24,1 kg &#8211; Pinnan maks. staattinen kantavuus: 30 kg &#8211; Avoimen hyllyn maks. staattinen kantavuus: 10 kg &#8211; Jokaisen laatikon maks. staattinen kantavuus: 5 kg &#8211; Maks. staattinen kantavuus yhteens\u00e4: 80 kg Toimitus sis\u00e4lt\u00e4\u00e4:- 1 x lipasto &#8211; 2 x kaatumisenestolaite &#8211; 4 x s\u00e4\u00e4dett\u00e4v\u00e4t jalat &#8211; 1 x lis\u00e4varustepaketti &#8211; 1 x ohjeet VASAGLE Huomautukset: &#8211; Turvallisuussyist\u00e4 lapset eiv\u00e4t saa kiivet\u00e4 tuotteen p\u00e4\u00e4lle tai leikki\u00e4 sill\u00e4. &#8211; Kiinnit\u00e4 tuote sein\u00e4\u00e4n mukana toimitetulla kaatumisenestolaitteella turvallisuuden takaamiseksi k\u00e4yt\u00f6n aikana.<\/p>\n","protected":false},"excerpt":{"rendered":"<p>VASAGLE lipasto, sivup\u00f6yt\u00e4, kaappi, 8 laatikkoa, avoin lokero, kuitukankaiset laatikot, MDF-etulevy, ter\u00e4srunko, vintage-ruskea-musta RDD021B01<\/p>\n","protected":false},"featured_media":45709,"comment_status":"open","ping_status":"closed","template":"","meta":[],"product_brand":[],"product_cat":[32],"product_tag":[],"class_list":{"0":"post-37867","1":"product","2":"type-product","3":"status-publish","4":"has-post-thumbnail","6":"product_cat-uncategorized-fi","8":"first","9":"instock","10":"shipping-taxable","11":"purchasable","12":"product-type-simple"},"_links":{"self":[{"href":"https:\/\/nordicmart.andreevmaster.com\/fi\/wp-json\/wp\/v2\/product\/37867","targetHints":{"allow":["GET"]}}],"collection":[{"href":"https:\/\/nordicmart.andreevmaster.com\/fi\/wp-json\/wp\/v2\/product"}],"about":[{"href":"https:\/\/nordicmart.andreevmaster.com\/fi\/wp-json\/wp\/v2\/types\/product"}],"replies":[{"embeddable":true,"href":"https:\/\/nordicmart.andreevmaster.com\/fi\/wp-json\/wp\/v2\/comments?post=37867"}],"wp:featuredmedia":[{"embeddable":true,"href":"https:\/\/nordicmart.andreevmaster.com\/fi\/wp-json\/wp\/v2\/media\/45709"}],"wp:attachment":[{"href":"https:\/\/nordicmart.andreevmaster.com\/fi\/wp-json\/wp\/v2\/media?parent=37867"}],"wp:term":[{"taxonomy":"product_brand","embeddable":true,"href":"https:\/\/nordicmart.andreevmaster.com\/fi\/wp-json\/wp\/v2\/product_brand?post=37867"},{"taxonomy":"product_cat","embeddable":true,"href":"https:\/\/nordicmart.andreevmaster.com\/fi\/wp-json\/wp\/v2\/product_cat?post=37867"},{"taxonomy":"product_tag","embeddable":true,"href":"https:\/\/nordicmart.andreevmaster.com\/fi\/wp-json\/wp\/v2\/product_tag?post=37867"}],"curies":[{"name":"wp","href":"https:\/\/api.w.org\/{rel}","templated":true}]}}