{"id":37863,"date":"2026-02-27T00:41:15","date_gmt":"2026-02-27T00:41:15","guid":{"rendered":"https:\/\/nordicmart.andreevmaster.com\/product\/songmics-vaateripustin-metallinen-vaateripustin-12-koukulla-vaateripustin\/"},"modified":"2026-02-27T09:57:26","modified_gmt":"2026-02-27T09:57:26","slug":"songmics-vaateripustin-metallinen-vaateripustin-12-koukulla-vaateripustin","status":"publish","type":"product","link":"https:\/\/nordicmart.andreevmaster.com\/fi\/tuote\/songmics-vaateripustin-metallinen-vaateripustin-12-koukulla-vaateripustin\/","title":{"rendered":"SONGMICS vaateripustin, metallinen vaateripustin 12 koukulla, vaateripustin"},"content":{"rendered":"<p>Tuotetiedot: V\u00e4ri: valkoinen Materiaali: ter\u00e4s Koko: 55 x 55 x 180 cm (L x K x S) Paino: 2,8 kg Maks. staattinen kantavuus koukkua kohti: 5 kg Toimitus sis\u00e4lt\u00e4\u00e4: 1 x vaatehylly 1 x lis\u00e4varustepaketti 1 x ohjeet SONGMICS Huomautukset:Turvallisuussyist\u00e4 lapset eiv\u00e4t saa kiivet\u00e4 vaatekaapille tai leikki\u00e4 sill\u00e4.<\/p>\n","protected":false},"excerpt":{"rendered":"<p>SONGMICS vaateripustin, metallinen vaateripustin 12 koukulla, vaateripustin, 4 jalkaa, takkiteline takkeja, hattuja, laukkuja varten, eteiseen, makuuhuoneeseen, toimistoon, musta RCR031B01<\/p>\n","protected":false},"featured_media":45705,"comment_status":"open","ping_status":"closed","template":"","meta":[],"product_brand":[],"product_cat":[32],"product_tag":[],"class_list":{"0":"post-37863","1":"product","2":"type-product","3":"status-publish","4":"has-post-thumbnail","6":"product_cat-uncategorized-fi","8":"first","9":"instock","10":"shipping-taxable","11":"purchasable","12":"product-type-simple"},"_links":{"self":[{"href":"https:\/\/nordicmart.andreevmaster.com\/fi\/wp-json\/wp\/v2\/product\/37863","targetHints":{"allow":["GET"]}}],"collection":[{"href":"https:\/\/nordicmart.andreevmaster.com\/fi\/wp-json\/wp\/v2\/product"}],"about":[{"href":"https:\/\/nordicmart.andreevmaster.com\/fi\/wp-json\/wp\/v2\/types\/product"}],"replies":[{"embeddable":true,"href":"https:\/\/nordicmart.andreevmaster.com\/fi\/wp-json\/wp\/v2\/comments?post=37863"}],"wp:featuredmedia":[{"embeddable":true,"href":"https:\/\/nordicmart.andreevmaster.com\/fi\/wp-json\/wp\/v2\/media\/45705"}],"wp:attachment":[{"href":"https:\/\/nordicmart.andreevmaster.com\/fi\/wp-json\/wp\/v2\/media?parent=37863"}],"wp:term":[{"taxonomy":"product_brand","embeddable":true,"href":"https:\/\/nordicmart.andreevmaster.com\/fi\/wp-json\/wp\/v2\/product_brand?post=37863"},{"taxonomy":"product_cat","embeddable":true,"href":"https:\/\/nordicmart.andreevmaster.com\/fi\/wp-json\/wp\/v2\/product_cat?post=37863"},{"taxonomy":"product_tag","embeddable":true,"href":"https:\/\/nordicmart.andreevmaster.com\/fi\/wp-json\/wp\/v2\/product_tag?post=37863"}],"curies":[{"name":"wp","href":"https:\/\/api.w.org\/{rel}","templated":true}]}}