{"id":37860,"date":"2026-02-27T00:41:14","date_gmt":"2026-02-27T00:41:14","guid":{"rendered":"https:\/\/nordicmart.andreevmaster.com\/product\/songmics-vapaasti-seisova-vaateteline-vaateteline-sateenvarjotelineella-12-koukkua\/"},"modified":"2026-02-27T09:57:25","modified_gmt":"2026-02-27T09:57:25","slug":"songmics-vapaasti-seisova-vaateteline-vaateteline-sateenvarjotelineella-12-koukkua","status":"publish","type":"product","link":"https:\/\/nordicmart.andreevmaster.com\/fi\/tuote\/songmics-vapaasti-seisova-vaateteline-vaateteline-sateenvarjotelineella-12-koukkua\/","title":{"rendered":"SONGMICS vapaasti seisova vaateteline, vaateteline sateenvarjotelineell\u00e4, 12 koukkua"},"content":{"rendered":"<p>SONGMICS vapaasti seisova vaateteline, vaateripustin ja sateenvarjotelineen, 12 koukkua, metalli, korkeus 175 cm, eteiseen, k\u00e4yt\u00e4v\u00e4\u00e4n, olohuoneeseen, makuuhuoneeseen<br \/>\nTekniset tiedot:<br \/>\n&#8211; Mitat: 40 x 40 x 175 cm (S x L x K)<br \/>\n&#8211; Paino: 3,7 kg<br \/>\n&#8211; Maks. staattinen kantavuus koukkua kohti: 3 kg<br \/>\n&#8211; Maks. staattinen kantavuus yhteens\u00e4: 15 kg<br \/>\n&#8211; V\u00e4ri: musta<br \/>\n&#8211; Materiaali: metalli<\/p>\n","protected":false},"excerpt":{"rendered":"<p>SONGMICS vapaasti seisova vaateteline, vaateripustin ja sateenvarjotelineen, 12 koukkua, metalli, korkeus 175 cm, eteiseen, k\u00e4yt\u00e4v\u00e4\u00e4n, olohuoneeseen, makuuhuoneeseen<\/p>\n","protected":false},"featured_media":45703,"comment_status":"open","ping_status":"closed","template":"","meta":[],"product_brand":[],"product_cat":[32],"product_tag":[],"class_list":{"0":"post-37860","1":"product","2":"type-product","3":"status-publish","4":"has-post-thumbnail","6":"product_cat-uncategorized-fi","8":"first","9":"instock","10":"shipping-taxable","11":"purchasable","12":"product-type-simple"},"_links":{"self":[{"href":"https:\/\/nordicmart.andreevmaster.com\/fi\/wp-json\/wp\/v2\/product\/37860","targetHints":{"allow":["GET"]}}],"collection":[{"href":"https:\/\/nordicmart.andreevmaster.com\/fi\/wp-json\/wp\/v2\/product"}],"about":[{"href":"https:\/\/nordicmart.andreevmaster.com\/fi\/wp-json\/wp\/v2\/types\/product"}],"replies":[{"embeddable":true,"href":"https:\/\/nordicmart.andreevmaster.com\/fi\/wp-json\/wp\/v2\/comments?post=37860"}],"wp:featuredmedia":[{"embeddable":true,"href":"https:\/\/nordicmart.andreevmaster.com\/fi\/wp-json\/wp\/v2\/media\/45703"}],"wp:attachment":[{"href":"https:\/\/nordicmart.andreevmaster.com\/fi\/wp-json\/wp\/v2\/media?parent=37860"}],"wp:term":[{"taxonomy":"product_brand","embeddable":true,"href":"https:\/\/nordicmart.andreevmaster.com\/fi\/wp-json\/wp\/v2\/product_brand?post=37860"},{"taxonomy":"product_cat","embeddable":true,"href":"https:\/\/nordicmart.andreevmaster.com\/fi\/wp-json\/wp\/v2\/product_cat?post=37860"},{"taxonomy":"product_tag","embeddable":true,"href":"https:\/\/nordicmart.andreevmaster.com\/fi\/wp-json\/wp\/v2\/product_tag?post=37860"}],"curies":[{"name":"wp","href":"https:\/\/api.w.org\/{rel}","templated":true}]}}