{"id":37857,"date":"2026-02-27T00:41:13","date_gmt":"2026-02-27T00:41:13","guid":{"rendered":"https:\/\/nordicmart.andreevmaster.com\/product\/vasagle-vaateripustin-vaateripustin-massiivipuusta-takkiteline-puun-muotoinen\/"},"modified":"2026-02-27T09:57:25","modified_gmt":"2026-02-27T09:57:25","slug":"vasagle-vaateripustin-vaateripustin-massiivipuusta-takkiteline-puun-muotoinen","status":"publish","type":"product","link":"https:\/\/nordicmart.andreevmaster.com\/fi\/tuote\/vasagle-vaateripustin-vaateripustin-massiivipuusta-takkiteline-puun-muotoinen\/","title":{"rendered":"VASAGLE vaateripustin, vaateripustin massiivipuusta, takkiteline puun muotoinen"},"content":{"rendered":"<p>Naulakko, vaateteline massiivipuusta, takkiteline puun muotoinen, 8 koukkua takkeja, hattuja varten, eteiseen, musta<br \/>\nTuotetiedot:<br \/>\n&#8211; V\u00e4ri: musta<br \/>\n&#8211; Materiaali: kumipuu (teline ja koukut), MDF (keskitihe\u00e4 kuitulevy) (jalusta)<br \/>\n&#8211; Koko: 30 x 30 x 175 cm (S x L x K)<br \/>\n&#8211; Paino: 3,9 kg<br \/>\n&#8211; Maks. staattinen kokonaiskuormitus: 24 kg<\/p>\n<p>Toimitus sis\u00e4lt\u00e4\u00e4<br \/>\n&#8211; 1 x vaateripustin<br \/>\n&#8211; 1 x lis\u00e4varustepaketti<br \/>\n&#8211; 1 x ohjeet<\/p>\n<p>Huomautukset:<br \/>\n&#8211; \u00c4l\u00e4 altista vaatekaappia suoralle auringonvalolle pitk\u00e4ksi aikaa.<br \/>\n&#8211; Ripusta tavarat niin, ett\u00e4 paino jakautuu tasaisesti, jotta vaatekaappi ei kaadu.<\/p>\n","protected":false},"excerpt":{"rendered":"<p>Naulakko, vaateteline massiivipuusta, takkiteline puun muotoinen, 8 koukkua takkeja, hattuja varten, eteiseen, musta<\/p>\n","protected":false},"featured_media":45700,"comment_status":"open","ping_status":"closed","template":"","meta":[],"product_brand":[],"product_cat":[32],"product_tag":[],"class_list":{"0":"post-37857","1":"product","2":"type-product","3":"status-publish","4":"has-post-thumbnail","6":"product_cat-uncategorized-fi","8":"first","9":"instock","10":"shipping-taxable","11":"purchasable","12":"product-type-simple"},"_links":{"self":[{"href":"https:\/\/nordicmart.andreevmaster.com\/fi\/wp-json\/wp\/v2\/product\/37857","targetHints":{"allow":["GET"]}}],"collection":[{"href":"https:\/\/nordicmart.andreevmaster.com\/fi\/wp-json\/wp\/v2\/product"}],"about":[{"href":"https:\/\/nordicmart.andreevmaster.com\/fi\/wp-json\/wp\/v2\/types\/product"}],"replies":[{"embeddable":true,"href":"https:\/\/nordicmart.andreevmaster.com\/fi\/wp-json\/wp\/v2\/comments?post=37857"}],"wp:featuredmedia":[{"embeddable":true,"href":"https:\/\/nordicmart.andreevmaster.com\/fi\/wp-json\/wp\/v2\/media\/45700"}],"wp:attachment":[{"href":"https:\/\/nordicmart.andreevmaster.com\/fi\/wp-json\/wp\/v2\/media?parent=37857"}],"wp:term":[{"taxonomy":"product_brand","embeddable":true,"href":"https:\/\/nordicmart.andreevmaster.com\/fi\/wp-json\/wp\/v2\/product_brand?post=37857"},{"taxonomy":"product_cat","embeddable":true,"href":"https:\/\/nordicmart.andreevmaster.com\/fi\/wp-json\/wp\/v2\/product_cat?post=37857"},{"taxonomy":"product_tag","embeddable":true,"href":"https:\/\/nordicmart.andreevmaster.com\/fi\/wp-json\/wp\/v2\/product_tag?post=37857"}],"curies":[{"name":"wp","href":"https:\/\/api.w.org\/{rel}","templated":true}]}}