{"id":37854,"date":"2026-02-27T00:41:12","date_gmt":"2026-02-27T00:41:12","guid":{"rendered":"https:\/\/nordicmart.andreevmaster.com\/product\/vasagle-vaateripustin-vaateripustin-massiivipuusta-8-koukkua\/"},"modified":"2026-02-27T09:57:24","modified_gmt":"2026-02-27T09:57:24","slug":"vasagle-vaateripustin-vaateripustin-massiivipuusta-8-koukkua","status":"publish","type":"product","link":"https:\/\/nordicmart.andreevmaster.com\/fi\/tuote\/vasagle-vaateripustin-vaateripustin-massiivipuusta-8-koukkua\/","title":{"rendered":"VASAGLE vaateripustin, vaateripustin massiivipuusta, 8 koukkua"},"content":{"rendered":"<p>VASAGLE vaateripustin, massiivipuinen vaateripustin, vapaasti seisova puumainen vaateripustin, 8 koukulla, takkeja, hattuja, laukkuja varten, eteiseen, k\u00e4yt\u00e4v\u00e4\u00e4n, kumipuu<br \/>\nTekniset tiedot:<br \/>\n&#8211; Mitat: 51,1 x 44,3 x 177 cm (S x L x K)<br \/>\n&#8211; Yksitt\u00e4isten koukkujen pituus: 12,5 cm<br \/>\n&#8211; Paino: 2,5 kg<br \/>\n&#8211; Maks. staattinen kantavuus koukkua kohti: 3 kg<br \/>\n&#8211; Maks. staattinen kokonaiskantavuus: 24 kg<br \/>\n&#8211; V\u00e4ri: musta<br \/>\n&#8211; Materiaali: kumipuu<\/p>\n","protected":false},"excerpt":{"rendered":"<p>VASAGLE vaateripustin, massiivipuinen vaateripustin, vapaasti seisova puumainen vaateripustin, 8 koukulla, takkeja, hattuja, laukkuja varten, eteiseen, k\u00e4yt\u00e4v\u00e4\u00e4n, kumipuu<\/p>\n","protected":false},"featured_media":45697,"comment_status":"open","ping_status":"closed","template":"","meta":[],"product_brand":[],"product_cat":[32],"product_tag":[],"class_list":{"0":"post-37854","1":"product","2":"type-product","3":"status-publish","4":"has-post-thumbnail","6":"product_cat-uncategorized-fi","8":"first","9":"instock","10":"shipping-taxable","11":"purchasable","12":"product-type-simple"},"_links":{"self":[{"href":"https:\/\/nordicmart.andreevmaster.com\/fi\/wp-json\/wp\/v2\/product\/37854","targetHints":{"allow":["GET"]}}],"collection":[{"href":"https:\/\/nordicmart.andreevmaster.com\/fi\/wp-json\/wp\/v2\/product"}],"about":[{"href":"https:\/\/nordicmart.andreevmaster.com\/fi\/wp-json\/wp\/v2\/types\/product"}],"replies":[{"embeddable":true,"href":"https:\/\/nordicmart.andreevmaster.com\/fi\/wp-json\/wp\/v2\/comments?post=37854"}],"wp:featuredmedia":[{"embeddable":true,"href":"https:\/\/nordicmart.andreevmaster.com\/fi\/wp-json\/wp\/v2\/media\/45697"}],"wp:attachment":[{"href":"https:\/\/nordicmart.andreevmaster.com\/fi\/wp-json\/wp\/v2\/media?parent=37854"}],"wp:term":[{"taxonomy":"product_brand","embeddable":true,"href":"https:\/\/nordicmart.andreevmaster.com\/fi\/wp-json\/wp\/v2\/product_brand?post=37854"},{"taxonomy":"product_cat","embeddable":true,"href":"https:\/\/nordicmart.andreevmaster.com\/fi\/wp-json\/wp\/v2\/product_cat?post=37854"},{"taxonomy":"product_tag","embeddable":true,"href":"https:\/\/nordicmart.andreevmaster.com\/fi\/wp-json\/wp\/v2\/product_tag?post=37854"}],"curies":[{"name":"wp","href":"https:\/\/api.w.org\/{rel}","templated":true}]}}