{"id":37853,"date":"2026-02-27T00:41:12","date_gmt":"2026-02-27T00:41:12","guid":{"rendered":"https:\/\/nordicmart.andreevmaster.com\/product\/vasagle-vino-vaateripustin-musta-ruskea\/"},"modified":"2026-02-27T09:57:24","modified_gmt":"2026-02-27T09:57:24","slug":"vasagle-vino-vaateripustin-musta-ruskea","status":"publish","type":"product","link":"https:\/\/nordicmart.andreevmaster.com\/fi\/tuote\/vasagle-vino-vaateripustin-musta-ruskea\/","title":{"rendered":"VASAGLE vino vaateripustin musta-ruskea"},"content":{"rendered":"<p>Ensivaikutelma on t\u00e4rke\u00e4: teollisen muotoilun huonekalut n\u00e4ytt\u00e4v\u00e4t tyylikk\u00e4ilt\u00e4 ja ainutlaatuisilta \u2013 kuten t\u00e4m\u00e4 vaateripustin. Vesiputkielementit, pultteista inspiraationsa saaneet koukut ja hyllyt synteettisest\u00e4 hartsista \u2013 t\u00e4m\u00e4 eteisen vaatekaappi on todellinen katseenvangitsija, joka her\u00e4tt\u00e4\u00e4 huomiota joka kerta, kun yst\u00e4v\u00e4si astuvat kotiisi.T\u00e4m\u00e4n vaatekaapin kohokohdat yhdell\u00e4 silm\u00e4yksell\u00e4:Nojaa t\u00e4m\u00e4 vino vaatekaappi sein\u00e4\u00e4 vasten, ja se pysyy vakaana kuin taikaiskusta. Se on my\u00f6s vankka ja kest\u00e4v\u00e4. 5 koukkua on tarkoitettu vaatteiden, laukkujen tai hattujen ripustamiseen. 3 hylly\u00e4 sopivat hyvin kenkien, laukkujen ja laatikoiden s\u00e4ilytt\u00e4miseen. T\u00e4m\u00e4n eteisen vaateripustimen kokoaminen ei aiheuta p\u00e4\u00e4nvaivaa. Tuotetiedot: V\u00e4ri: musta Materiaali: rautaputket, synteettinen hartsi Koko: 73 x 29,5 x 177 cm (P x L x K) Paino: 6,4 kg Maks. staattinen kantavuus koukkua kohti: 3 kg Maks. staattinen kantavuus hylly\u00e4 kohti: 15 kg Toimitus sis\u00e4lt\u00e4\u00e4: 1 x vaatekaappi 1 x s\u00e4ilytyslaatikko tarvikkeilla 1 x ohjeet (DE, EN, FR, ES, IT) VASAGLE Huomautukset: Kenk\u00e4telineen takajalat on varustettu s\u00e4\u00e4dett\u00e4vill\u00e4 jaloilla, jotka tasoittavat pienet ep\u00e4tasaisuudet lattiassa.<\/p>\n","protected":false},"excerpt":{"rendered":"<p>VASAGLE vaateripustin teollinen muotoilu, vaateripustin, vino, vesiputkielementit, eteinen, kenk\u00e4hylly, nojaa sein\u00e4\u00e4 vasten, koukkuilla ja hyllyill\u00e4, tukeva metallirunko, musta RCR75BX<\/p>\n","protected":false},"featured_media":45696,"comment_status":"open","ping_status":"closed","template":"","meta":[],"product_brand":[],"product_cat":[32],"product_tag":[],"class_list":{"0":"post-37853","1":"product","2":"type-product","3":"status-publish","4":"has-post-thumbnail","6":"product_cat-uncategorized-fi","8":"first","9":"instock","10":"shipping-taxable","11":"purchasable","12":"product-type-simple"},"_links":{"self":[{"href":"https:\/\/nordicmart.andreevmaster.com\/fi\/wp-json\/wp\/v2\/product\/37853","targetHints":{"allow":["GET"]}}],"collection":[{"href":"https:\/\/nordicmart.andreevmaster.com\/fi\/wp-json\/wp\/v2\/product"}],"about":[{"href":"https:\/\/nordicmart.andreevmaster.com\/fi\/wp-json\/wp\/v2\/types\/product"}],"replies":[{"embeddable":true,"href":"https:\/\/nordicmart.andreevmaster.com\/fi\/wp-json\/wp\/v2\/comments?post=37853"}],"wp:featuredmedia":[{"embeddable":true,"href":"https:\/\/nordicmart.andreevmaster.com\/fi\/wp-json\/wp\/v2\/media\/45696"}],"wp:attachment":[{"href":"https:\/\/nordicmart.andreevmaster.com\/fi\/wp-json\/wp\/v2\/media?parent=37853"}],"wp:term":[{"taxonomy":"product_brand","embeddable":true,"href":"https:\/\/nordicmart.andreevmaster.com\/fi\/wp-json\/wp\/v2\/product_brand?post=37853"},{"taxonomy":"product_cat","embeddable":true,"href":"https:\/\/nordicmart.andreevmaster.com\/fi\/wp-json\/wp\/v2\/product_cat?post=37853"},{"taxonomy":"product_tag","embeddable":true,"href":"https:\/\/nordicmart.andreevmaster.com\/fi\/wp-json\/wp\/v2\/product_tag?post=37853"}],"curies":[{"name":"wp","href":"https:\/\/api.w.org\/{rel}","templated":true}]}}