{"id":37852,"date":"2026-02-27T00:41:11","date_gmt":"2026-02-27T00:41:11","guid":{"rendered":"https:\/\/nordicmart.andreevmaster.com\/product\/songmics-vino-vaatekaappi-musta\/"},"modified":"2026-02-27T09:57:23","modified_gmt":"2026-02-27T09:57:23","slug":"songmics-vino-vaatekaappi-musta","status":"publish","type":"product","link":"https:\/\/nordicmart.andreevmaster.com\/fi\/tuote\/songmics-vino-vaatekaappi-musta\/","title":{"rendered":"SONGMICS vino vaatekaappi, musta"},"content":{"rendered":"<p>Moderni vivahde: SONGMICS on p\u00e4\u00e4tt\u00e4nyt kehitt\u00e4\u00e4 t\u00e4m\u00e4n suoraviivaisen ja hienostuneen vaateripustimen tuomaan modernin vivahteen kotiisi. Modernisoi eteinen, olohuone tai toimisto t\u00e4ll\u00e4 vaatekaapilla, joka luo rauhallisen ja tyynen ilmapiirin. T\u00e4m\u00e4n vaatekaapin kohokohdat yhdell\u00e4 silm\u00e4yksell\u00e4: Nojaa t\u00e4m\u00e4 vino vaatekaappi sein\u00e4\u00e4 vasten, ja se pysyy vakaana kuin taikaiskusta. Lis\u00e4ksi se on tukeva ja kest\u00e4v\u00e4. 5 s\u00e4\u00e4dett\u00e4v\u00e4\u00e4 koukkua on tarkoitettu vaatteiden, laukkujen tai hattujen ripustamiseen.Kolme hylly\u00e4 sopivat hyvin kenkien, laukkujen ja laatikoiden s\u00e4ilytykseen. T\u00e4m\u00e4n eteisen vaateripustimen kokoaminen ei aiheuta p\u00e4\u00e4nvaivaa. Tuotetiedot: V\u00e4ri: musta Materiaali: rauta Koko: 72,5 x 34 x 170 cm (P x L x K) Paino: 7 kg Maks. staattinen kantavuus koukkua kohti: 5 kg Maks. staattinen kantavuus hylly\u00e4 kohti: 10 kg Toimitus sis\u00e4lt\u00e4\u00e4: 1 x vaatekaappi 1 x s\u00e4ilytyslaatikko tarvikkeilla 1 x ohjeet (DE, EN, FR, ES, IT) SONGMICS Huomautukset:Kenk\u00e4telineen takajalat on varustettu s\u00e4\u00e4dett\u00e4vill\u00e4 jaloilla, jotka tasoittavat pienet ep\u00e4tasaisuudet lattiassa.<\/p>\n","protected":false},"excerpt":{"rendered":"<p>SONGMICS vaateripustin, moderni vaateripustin, vino, eteinen, sis\u00e4\u00e4nk\u00e4ynti, kenk\u00e4hylly, nojaa sein\u00e4\u00e4 vasten, s\u00e4\u00e4dett\u00e4v\u00e4t koukut, ritil\u00e4hyllyill\u00e4, tukeva metallirunko, musta RCR70BK<\/p>\n","protected":false},"featured_media":0,"comment_status":"open","ping_status":"closed","template":"","meta":[],"product_brand":[],"product_cat":[32],"product_tag":[],"class_list":{"0":"post-37852","1":"product","2":"type-product","3":"status-publish","5":"product_cat-uncategorized-fi","7":"first","8":"instock","9":"shipping-taxable","10":"purchasable","11":"product-type-simple"},"_links":{"self":[{"href":"https:\/\/nordicmart.andreevmaster.com\/fi\/wp-json\/wp\/v2\/product\/37852","targetHints":{"allow":["GET"]}}],"collection":[{"href":"https:\/\/nordicmart.andreevmaster.com\/fi\/wp-json\/wp\/v2\/product"}],"about":[{"href":"https:\/\/nordicmart.andreevmaster.com\/fi\/wp-json\/wp\/v2\/types\/product"}],"replies":[{"embeddable":true,"href":"https:\/\/nordicmart.andreevmaster.com\/fi\/wp-json\/wp\/v2\/comments?post=37852"}],"wp:attachment":[{"href":"https:\/\/nordicmart.andreevmaster.com\/fi\/wp-json\/wp\/v2\/media?parent=37852"}],"wp:term":[{"taxonomy":"product_brand","embeddable":true,"href":"https:\/\/nordicmart.andreevmaster.com\/fi\/wp-json\/wp\/v2\/product_brand?post=37852"},{"taxonomy":"product_cat","embeddable":true,"href":"https:\/\/nordicmart.andreevmaster.com\/fi\/wp-json\/wp\/v2\/product_cat?post=37852"},{"taxonomy":"product_tag","embeddable":true,"href":"https:\/\/nordicmart.andreevmaster.com\/fi\/wp-json\/wp\/v2\/product_tag?post=37852"}],"curies":[{"name":"wp","href":"https:\/\/api.w.org\/{rel}","templated":true}]}}