{"id":37850,"date":"2026-02-27T00:41:11","date_gmt":"2026-02-27T00:41:11","guid":{"rendered":"https:\/\/nordicmart.andreevmaster.com\/product\/songmics-bambusta-valmistettu-vaateteline\/"},"modified":"2026-02-27T09:57:23","modified_gmt":"2026-02-27T09:57:23","slug":"songmics-bambusta-valmistettu-vaateteline","status":"publish","type":"product","link":"https:\/\/nordicmart.andreevmaster.com\/fi\/tuote\/songmics-bambusta-valmistettu-vaateteline\/","title":{"rendered":"SONGMICS bambusta valmistettu vaateteline"},"content":{"rendered":"<p>Miksi sinun pit\u00e4isi valita SONGMICS 100 % bambua &#8211; Luonnollinen ja uusiutuva bambu voi kasvaa jopa 76 cm p\u00e4iv\u00e4ss\u00e4 ja tuottaa kaksi kertaa enemm\u00e4n happea kuin puu. SONGMICS k\u00e4ytt\u00e4\u00e4 bambua, joka on kasvatettu 4-6 vuoden ajan. Valitse t\u00e4m\u00e4 SONGMICS-sein\u00e4vaatekoukku, joka on valmistettu valikoidusta bambusta! Huomiota yksityiskohtiin Sile\u00e4pintaiset koukkutelineemme ovat hell\u00e4varaisia herkille vaatteillesi, joten sinun ei tarvitse huolehtia vaatteiden takertumisesta tai lankojen vet\u00e4ytymisest\u00e4. Erinomaiset ominaisuudet Hylly- ja koukkutelineen yhdistelm\u00e4 tarjoaa tilaa p\u00e4ivitt\u00e4isille asusteillesi ja suosikkikoristeillesi yhdess\u00e4 paikassa. kest\u00e4v\u00e4t koukut kantavat jopa 3 kg ja koko hylly kest\u00e4\u00e4 jopa vaikuttavat 20 kg, joten kaikki tavarasi ovat hyvin suojattuja. Helppo asennus Tarvittavat ruuvit toimitetaan mukana, ohjeet ovat selke\u00e4t ja asennus onnistuu muutamassa minuutissa ilman apua. Tuotetiedot:  &#8211; V\u00e4ri: puunv\u00e4rinen RCR105N; ruskea RCR105BR; valkoinen RCR105WT &#8211; Materiaali: 100 % bambu &#8211; Mitat: 74 x 20 x 12 cm (L x K x S) &#8211; Paino: 3,3 kg &#8211; Kantavuus: 20 kg (3 kg per koukku) Toimitus sis\u00e4lt\u00e4\u00e4:  &#8211; 1 x koukkuteline &#8211; 1 x lis\u00e4varustepussi &#8211; 1 x ohjeet (DE, EN, ES, FR, IT)<\/p>\n","protected":false},"excerpt":{"rendered":"<p>SONGMICS vaateripustin rullilla, bambusta valmistettu vaateripustin, vaatetangolla, 2 hyllyll\u00e4 ja 4 koukulla, kengille, hattuille ja huiveille, eteiseen, olohuoneeseen ja vierashuoneeseen RCR52N<\/p>\n","protected":false},"featured_media":45694,"comment_status":"open","ping_status":"closed","template":"","meta":[],"product_brand":[],"product_cat":[32],"product_tag":[],"class_list":{"0":"post-37850","1":"product","2":"type-product","3":"status-publish","4":"has-post-thumbnail","6":"product_cat-uncategorized-fi","8":"first","9":"instock","10":"shipping-taxable","11":"purchasable","12":"product-type-simple"},"_links":{"self":[{"href":"https:\/\/nordicmart.andreevmaster.com\/fi\/wp-json\/wp\/v2\/product\/37850","targetHints":{"allow":["GET"]}}],"collection":[{"href":"https:\/\/nordicmart.andreevmaster.com\/fi\/wp-json\/wp\/v2\/product"}],"about":[{"href":"https:\/\/nordicmart.andreevmaster.com\/fi\/wp-json\/wp\/v2\/types\/product"}],"replies":[{"embeddable":true,"href":"https:\/\/nordicmart.andreevmaster.com\/fi\/wp-json\/wp\/v2\/comments?post=37850"}],"wp:featuredmedia":[{"embeddable":true,"href":"https:\/\/nordicmart.andreevmaster.com\/fi\/wp-json\/wp\/v2\/media\/45694"}],"wp:attachment":[{"href":"https:\/\/nordicmart.andreevmaster.com\/fi\/wp-json\/wp\/v2\/media?parent=37850"}],"wp:term":[{"taxonomy":"product_brand","embeddable":true,"href":"https:\/\/nordicmart.andreevmaster.com\/fi\/wp-json\/wp\/v2\/product_brand?post=37850"},{"taxonomy":"product_cat","embeddable":true,"href":"https:\/\/nordicmart.andreevmaster.com\/fi\/wp-json\/wp\/v2\/product_cat?post=37850"},{"taxonomy":"product_tag","embeddable":true,"href":"https:\/\/nordicmart.andreevmaster.com\/fi\/wp-json\/wp\/v2\/product_tag?post=37850"}],"curies":[{"name":"wp","href":"https:\/\/api.w.org\/{rel}","templated":true}]}}