{"id":37849,"date":"2026-02-27T00:41:10","date_gmt":"2026-02-27T00:41:10","guid":{"rendered":"https:\/\/nordicmart.andreevmaster.com\/product\/songmics-vaateripustin-5-lehtea-kulta\/"},"modified":"2026-02-27T09:57:22","modified_gmt":"2026-02-27T09:57:22","slug":"songmics-vaateripustin-5-lehtea-kulta","status":"publish","type":"product","link":"https:\/\/nordicmart.andreevmaster.com\/fi\/tuote\/songmics-vaateripustin-5-lehtea-kulta\/","title":{"rendered":"SONGMICS vaateripustin 5 lehte\u00e4 kulta"},"content":{"rendered":"<p>Kaikki siististi ripustettuna: t\u00e4ss\u00e4 vaateripustimessa on 5 koukkua, joten sinun ei en\u00e4\u00e4 tarvitse heitt\u00e4\u00e4 vaatteitasi ja asusteitasi l\u00e4himm\u00e4lle sohvalle heti, kun astut sis\u00e4\u00e4n kotiisi. N\u00e4in kotisi saa siistin ja raikkaan ilmeen. Ripaus luontoa kotiisi: t\u00e4m\u00e4 vaateteline on saanut inspiraationsa puista ja tuo ripauksen luonnollisuutta eteiseesi, makuuhuoneeseesi tai olohuoneeseesi. Kiedo telineeseen muutama valosarja, jotta kotisi saa l\u00e4mpim\u00e4n hohteen.Tuotetiedot: V\u00e4ri: kultainen Materiaali: rauta Koko: 32 x 32 x 175 cm (P x L x K) Paino: 7,4 kg Maks. staattinen kantavuus koukkua kohti: 5 kg Toimitus sis\u00e4lt\u00e4\u00e4: 1 x vaatehylly 1 x lis\u00e4varustepussi 1 x ohjeet (DE, EN, ES, FR, IT) SONGMICS-ohjeet:Jakaa paino tasaisesti tuotteen p\u00e4\u00e4lle, jotta se ei kaadu. Kaikki kuormituskyky\u00e4 koskevat tiedot viittaavat suurimpaan staattiseen kuormituskykyyn tasaisella alustalla.<\/p>\n","protected":false},"excerpt":{"rendered":"<p>SONGMICS vaatekaappi, vaateripustin 5 lehtim\u00e4isell\u00e4 koukulla, puiden muotoinen, hattuhylly eteiseen, k\u00e4yt\u00e4v\u00e4\u00e4n, takkeja, hattuja, laukkuja varten, mattamusta RCR27B<\/p>\n","protected":false},"featured_media":45693,"comment_status":"open","ping_status":"closed","template":"","meta":[],"product_brand":[],"product_cat":[32],"product_tag":[],"class_list":{"0":"post-37849","1":"product","2":"type-product","3":"status-publish","4":"has-post-thumbnail","6":"product_cat-uncategorized-fi","8":"first","9":"instock","10":"shipping-taxable","11":"purchasable","12":"product-type-simple"},"_links":{"self":[{"href":"https:\/\/nordicmart.andreevmaster.com\/fi\/wp-json\/wp\/v2\/product\/37849","targetHints":{"allow":["GET"]}}],"collection":[{"href":"https:\/\/nordicmart.andreevmaster.com\/fi\/wp-json\/wp\/v2\/product"}],"about":[{"href":"https:\/\/nordicmart.andreevmaster.com\/fi\/wp-json\/wp\/v2\/types\/product"}],"replies":[{"embeddable":true,"href":"https:\/\/nordicmart.andreevmaster.com\/fi\/wp-json\/wp\/v2\/comments?post=37849"}],"wp:featuredmedia":[{"embeddable":true,"href":"https:\/\/nordicmart.andreevmaster.com\/fi\/wp-json\/wp\/v2\/media\/45693"}],"wp:attachment":[{"href":"https:\/\/nordicmart.andreevmaster.com\/fi\/wp-json\/wp\/v2\/media?parent=37849"}],"wp:term":[{"taxonomy":"product_brand","embeddable":true,"href":"https:\/\/nordicmart.andreevmaster.com\/fi\/wp-json\/wp\/v2\/product_brand?post=37849"},{"taxonomy":"product_cat","embeddable":true,"href":"https:\/\/nordicmart.andreevmaster.com\/fi\/wp-json\/wp\/v2\/product_cat?post=37849"},{"taxonomy":"product_tag","embeddable":true,"href":"https:\/\/nordicmart.andreevmaster.com\/fi\/wp-json\/wp\/v2\/product_tag?post=37849"}],"curies":[{"name":"wp","href":"https:\/\/api.w.org\/{rel}","templated":true}]}}