{"id":37847,"date":"2026-02-27T00:41:10","date_gmt":"2026-02-27T00:41:10","guid":{"rendered":"https:\/\/nordicmart.andreevmaster.com\/product\/songmics-hattu-ja-vaateripustin-teollinen-muotoilu\/"},"modified":"2026-02-27T09:57:22","modified_gmt":"2026-02-27T09:57:22","slug":"songmics-hattu-ja-vaateripustin-teollinen-muotoilu","status":"publish","type":"product","link":"https:\/\/nordicmart.andreevmaster.com\/fi\/tuote\/songmics-hattu-ja-vaateripustin-teollinen-muotoilu\/","title":{"rendered":"SONGMICS hattu- ja vaateripustin teollinen muotoilu"},"content":{"rendered":"<p>J\u00e4rjestys ja rauhallisuus: Kotimme on paikka, jossa tunnemme olomme mukavimmaksi ja voimme rentoutua h\u00e4iri\u00f6itt\u00e4. Usein kuitenkin lev\u00e4ll\u00e4\u00e4n olevat esineet ja vaatteet h\u00e4iritsev\u00e4t rauhaa. Ratkaise t\u00e4m\u00e4 ongelma t\u00e4ll\u00e4 hattu- ja vaatetelineell\u00e4! Siin\u00e4 on 6 koukkua ja hylly, joten se tarjoaa runsaasti tilaa vaatteille, hattuille, laukkuille tai sateenvarjoille.Teollinen sisustus: SONGMICS on p\u00e4\u00e4tt\u00e4nyt yhdist\u00e4\u00e4 joukon urbaania elementtej\u00e4 tyylikk\u00e4\u00e4ll\u00e4 ja harmonisella tavalla tuodakseen t\u00e4m\u00e4n urbaanin tunnelman my\u00f6s kotiisi. Vesiputkista valmistettu rakenne ja betonin n\u00e4k\u00f6inen hylly saavat asuntosi loistamaan aivan uudessa valossa. Tuotetiedot: V\u00e4ri: mattamusta Materiaali: rauta, MDF (keskitihe\u00e4 kuitulevy) Koko: 57 x 57 x 181,5 cm (P x L x K) Paino: 3,5 kg Maks. staattinen kantavuus koukkua kohti: 5 kg Toimitus sis\u00e4lt\u00e4\u00e4: 1 x vaateripustin 1 x tarvikepussi 1 x ohjeet (DE, EN, ES, FR, IT) SONGMICS Huomautukset:Jakaa paino tasaisesti tuotteen p\u00e4\u00e4lle, jotta se ei kaadu. Kaikki kuormituskyky\u00e4 koskevat tiedot viittaavat suurimpaan staattiseen kuormituskykyyn tasaisella alustalla.<\/p>\n","protected":false},"excerpt":{"rendered":"<p>SONGMICS vaateripustin, vaateripustin 6 koukulla ja hyllyll\u00e4, urbaani teollisuustyyli, hattuhylly eteiseen, eteiseen, takkeja, hattuja, laukkuja varten, musta RCR26BC<\/p>\n","protected":false},"featured_media":45691,"comment_status":"open","ping_status":"closed","template":"","meta":[],"product_brand":[],"product_cat":[32],"product_tag":[],"class_list":{"0":"post-37847","1":"product","2":"type-product","3":"status-publish","4":"has-post-thumbnail","6":"product_cat-uncategorized-fi","8":"first","9":"instock","10":"shipping-taxable","11":"purchasable","12":"product-type-simple"},"_links":{"self":[{"href":"https:\/\/nordicmart.andreevmaster.com\/fi\/wp-json\/wp\/v2\/product\/37847","targetHints":{"allow":["GET"]}}],"collection":[{"href":"https:\/\/nordicmart.andreevmaster.com\/fi\/wp-json\/wp\/v2\/product"}],"about":[{"href":"https:\/\/nordicmart.andreevmaster.com\/fi\/wp-json\/wp\/v2\/types\/product"}],"replies":[{"embeddable":true,"href":"https:\/\/nordicmart.andreevmaster.com\/fi\/wp-json\/wp\/v2\/comments?post=37847"}],"wp:featuredmedia":[{"embeddable":true,"href":"https:\/\/nordicmart.andreevmaster.com\/fi\/wp-json\/wp\/v2\/media\/45691"}],"wp:attachment":[{"href":"https:\/\/nordicmart.andreevmaster.com\/fi\/wp-json\/wp\/v2\/media?parent=37847"}],"wp:term":[{"taxonomy":"product_brand","embeddable":true,"href":"https:\/\/nordicmart.andreevmaster.com\/fi\/wp-json\/wp\/v2\/product_brand?post=37847"},{"taxonomy":"product_cat","embeddable":true,"href":"https:\/\/nordicmart.andreevmaster.com\/fi\/wp-json\/wp\/v2\/product_cat?post=37847"},{"taxonomy":"product_tag","embeddable":true,"href":"https:\/\/nordicmart.andreevmaster.com\/fi\/wp-json\/wp\/v2\/product_tag?post=37847"}],"curies":[{"name":"wp","href":"https:\/\/api.w.org\/{rel}","templated":true}]}}