{"id":37846,"date":"2026-02-27T00:41:10","date_gmt":"2026-02-27T00:41:10","guid":{"rendered":"https:\/\/nordicmart.andreevmaster.com\/product\/songmics-hattu-ja-hyllytteline-musta\/"},"modified":"2026-02-27T09:57:22","modified_gmt":"2026-02-27T09:57:22","slug":"songmics-hattu-ja-hyllytteline-musta","status":"publish","type":"product","link":"https:\/\/nordicmart.andreevmaster.com\/fi\/tuote\/songmics-hattu-ja-hyllytteline-musta\/","title":{"rendered":"SONGMICS Hattu- ja hyllytteline, musta"},"content":{"rendered":"<p>C-muotoiset kaksoiskoukut Ripusta kaksi vaatekappaletta samanaikaisesti C-koukkuun. Metallinen hylly alaosassa S\u00e4ilyt\u00e4 t\u00e4ss\u00e4 laukkuasi, kenki\u00e4si tai muita esineit\u00e4. Muoviset jalkakupit N\u00e4m\u00e4 suojaavat lattiaasi naarmuilta. Tuotetiedot: V\u00e4ri: mattamusta Materiaali: ter\u00e4s, MDF (keskitihe\u00e4 kuitulevy) Koko: 41 x 41 x 167,5 cm (P x L x K) Paino: 3,6 kg Maks. staattinen kantavuus koukkua kohti: 3 kg Toimitus sis\u00e4lt\u00e4\u00e4: 1 x vaateripustin 1 x lis\u00e4varustepussi 1 x ohjeet (DE, EN, ES, FR, IT) SONGMICS Huomautukset:Jakaa paino tasaisesti tuotteen p\u00e4\u00e4lle, jotta se ei kaadu. Kaikki kuormituskyky\u00e4 koskevat tiedot viittaavat maksimaaliseen staattiseen kuormituskykyyn tasaisella alustalla.<\/p>\n","protected":false},"excerpt":{"rendered":"<p>SONGMICS Vaatekaappi, vaateteline, jossa 3 kaksoiskoukkua, 3 L-koukkua ja hylly, moderni, hattuteline eteiseen, k\u00e4yt\u00e4v\u00e4\u00e4n, toimistoon, takkeja, hattuja, laukkuja varten, musta RCR25B<\/p>\n","protected":false},"featured_media":45690,"comment_status":"open","ping_status":"closed","template":"","meta":[],"product_brand":[],"product_cat":[32],"product_tag":[],"class_list":{"0":"post-37846","1":"product","2":"type-product","3":"status-publish","4":"has-post-thumbnail","6":"product_cat-uncategorized-fi","8":"first","9":"instock","10":"shipping-taxable","11":"purchasable","12":"product-type-simple"},"_links":{"self":[{"href":"https:\/\/nordicmart.andreevmaster.com\/fi\/wp-json\/wp\/v2\/product\/37846","targetHints":{"allow":["GET"]}}],"collection":[{"href":"https:\/\/nordicmart.andreevmaster.com\/fi\/wp-json\/wp\/v2\/product"}],"about":[{"href":"https:\/\/nordicmart.andreevmaster.com\/fi\/wp-json\/wp\/v2\/types\/product"}],"replies":[{"embeddable":true,"href":"https:\/\/nordicmart.andreevmaster.com\/fi\/wp-json\/wp\/v2\/comments?post=37846"}],"wp:featuredmedia":[{"embeddable":true,"href":"https:\/\/nordicmart.andreevmaster.com\/fi\/wp-json\/wp\/v2\/media\/45690"}],"wp:attachment":[{"href":"https:\/\/nordicmart.andreevmaster.com\/fi\/wp-json\/wp\/v2\/media?parent=37846"}],"wp:term":[{"taxonomy":"product_brand","embeddable":true,"href":"https:\/\/nordicmart.andreevmaster.com\/fi\/wp-json\/wp\/v2\/product_brand?post=37846"},{"taxonomy":"product_cat","embeddable":true,"href":"https:\/\/nordicmart.andreevmaster.com\/fi\/wp-json\/wp\/v2\/product_cat?post=37846"},{"taxonomy":"product_tag","embeddable":true,"href":"https:\/\/nordicmart.andreevmaster.com\/fi\/wp-json\/wp\/v2\/product_tag?post=37846"}],"curies":[{"name":"wp","href":"https:\/\/api.w.org\/{rel}","templated":true}]}}