{"id":37845,"date":"2026-02-27T00:41:09","date_gmt":"2026-02-27T00:41:09","guid":{"rendered":"https:\/\/nordicmart.andreevmaster.com\/product\/songmics-metallinen-hattuteline-valkoinen\/"},"modified":"2026-02-27T09:57:21","modified_gmt":"2026-02-27T09:57:21","slug":"songmics-metallinen-hattuteline-valkoinen","status":"publish","type":"product","link":"https:\/\/nordicmart.andreevmaster.com\/fi\/tuote\/songmics-metallinen-hattuteline-valkoinen\/","title":{"rendered":"SONGMICS metallinen hattuteline, valkoinen"},"content":{"rendered":"<p>Heit\u00e4tk\u00f6 takit ja p\u00e4\u00e4llystakit aina tuolille? Etsitk\u00f6 aina pitk\u00e4\u00e4n k\u00e4silaukkuasi, koska et muista, mihin olet sen ripustanut? Onko nykyinen vaatekaappisi aina t\u00e4ynn\u00e4 syntym\u00e4p\u00e4ivien ja perhejuhlien aikana?  Sitten tarvitset Songmics-vaatekaapin eteiseen! Sen 12 vaatekoukkua tarjoavat runsaasti tilaa vaatteiden ja asusteiden ripustamiseen. Koukut on varustettu pallop\u00e4ill\u00e4, jotka suojaavat vaatteitasi ja huivejasi naarmuilta. Vahvistetut jalat tekev\u00e4t siit\u00e4 my\u00f6s eritt\u00e4in vakaa. Songmics-vaatekaappi on helppo koota valmiiden ruuvinreikien ja kuvitetun, helppotajuisen asennusohjeen ansiosta, ja se vie vain v\u00e4h\u00e4n tilaa (\u00d8 44 cm; korkeus: 182 cm). Se on helppo siirt\u00e4\u00e4 ja sijoittaa mihin tahansa paikkaan.  Songmics-vaatekaapista on iloa vuosiksi. Tuotetiedot: &#8211; Mitat: 182 x 44 cm (K x \u00d8)  &#8211; Materiaali: rautaputki &#8211; V\u00e4ri: valkoinen &#8211; Pakkauksen mitat: 73 x 28 x 5,5 cm &#8211; Nettopaino: 2,6 kg &#8211; Bruttopaino: 2,9 kg Toimitus sis\u00e4lt\u00e4\u00e4: &#8211; 1 x vaatekaappi &#8211; 1 x ohjeet (DE, EN, FR, IT, ES)<\/p>\n","protected":false},"excerpt":{"rendered":"<p>SONGMICS korkeus 182 cm vaateripustin vakaa metallinen vaateripustin vaateripustin valkoinen RCR19W<\/p>\n","protected":false},"featured_media":45689,"comment_status":"open","ping_status":"closed","template":"","meta":[],"product_brand":[],"product_cat":[32],"product_tag":[],"class_list":{"0":"post-37845","1":"product","2":"type-product","3":"status-publish","4":"has-post-thumbnail","6":"product_cat-uncategorized-fi","8":"first","9":"instock","10":"shipping-taxable","11":"purchasable","12":"product-type-simple"},"_links":{"self":[{"href":"https:\/\/nordicmart.andreevmaster.com\/fi\/wp-json\/wp\/v2\/product\/37845","targetHints":{"allow":["GET"]}}],"collection":[{"href":"https:\/\/nordicmart.andreevmaster.com\/fi\/wp-json\/wp\/v2\/product"}],"about":[{"href":"https:\/\/nordicmart.andreevmaster.com\/fi\/wp-json\/wp\/v2\/types\/product"}],"replies":[{"embeddable":true,"href":"https:\/\/nordicmart.andreevmaster.com\/fi\/wp-json\/wp\/v2\/comments?post=37845"}],"wp:featuredmedia":[{"embeddable":true,"href":"https:\/\/nordicmart.andreevmaster.com\/fi\/wp-json\/wp\/v2\/media\/45689"}],"wp:attachment":[{"href":"https:\/\/nordicmart.andreevmaster.com\/fi\/wp-json\/wp\/v2\/media?parent=37845"}],"wp:term":[{"taxonomy":"product_brand","embeddable":true,"href":"https:\/\/nordicmart.andreevmaster.com\/fi\/wp-json\/wp\/v2\/product_brand?post=37845"},{"taxonomy":"product_cat","embeddable":true,"href":"https:\/\/nordicmart.andreevmaster.com\/fi\/wp-json\/wp\/v2\/product_cat?post=37845"},{"taxonomy":"product_tag","embeddable":true,"href":"https:\/\/nordicmart.andreevmaster.com\/fi\/wp-json\/wp\/v2\/product_tag?post=37845"}],"curies":[{"name":"wp","href":"https:\/\/api.w.org\/{rel}","templated":true}]}}