{"id":37843,"date":"2026-02-27T00:41:09","date_gmt":"2026-02-27T00:41:09","guid":{"rendered":"https:\/\/nordicmart.andreevmaster.com\/product\/songmics-metallinen-hattuteline-musta\/"},"modified":"2026-02-27T09:57:21","modified_gmt":"2026-02-27T09:57:21","slug":"songmics-metallinen-hattuteline-musta","status":"publish","type":"product","link":"https:\/\/nordicmart.andreevmaster.com\/fi\/tuote\/songmics-metallinen-hattuteline-musta\/","title":{"rendered":"SONGMICS metallinen hattuteline, musta"},"content":{"rendered":"<p>Etsitk\u00f6 monipuolista vaateripustinta? Sen on oltava helppo asentaa, tilaa s\u00e4\u00e4st\u00e4v\u00e4 ja vakaa? T\u00e4m\u00e4 Songmics-vaateripustin t\u00e4ytt\u00e4\u00e4 kaikki n\u00e4m\u00e4 vaatimukset! T\u00e4m\u00e4 kaunis ja yksinkertainen vaateripustin sopii t\u00e4ydellisesti jokaiseen eteiseen ja k\u00e4yt\u00e4v\u00e4\u00e4n. Kahdeksan koukun ansiosta siin\u00e4 on runsaasti tilaa takkeille, p\u00e4\u00e4llystakeille, laukkuille jne., ja ne ovat aina k\u00e4tev\u00e4sti saatavilla. Jokaisessa koukussa on kumip\u00e4\u00e4ty, joka suojaa vaatteitasi vaurioilta. Kolmijalka takaa vakauden, ja tukevat rautaputket varmistavat kest\u00e4vyyden. Songmics-vaatekaapista on iloa vuosiksi. Huomautus:  Yhdelle puolelle kohdistuva raskas kuorma voi aiheuttaa telineen kaatumisen. Suosittelemme ripustamaan tavarat telineeseen tasaisesti painoa jakamalla. Tuotetiedot: &#8211; Mitat: Korkeus: 176 cm, kahden jalan v\u00e4linen et\u00e4isyys: 49 cm  &#8211; Materiaali: Rautaputki  &#8211; V\u00e4ri: musta &#8211; Pakkauksen mitat: 80 x 27,5 x 6 cm  &#8211; Nettopaino: 2,1 kg &#8211; Bruttopaino: 2,53 kg  Toimitus sis\u00e4lt\u00e4\u00e4:  &#8211; 1 x vaateripustin &#8211; 1 x ohjeet (DE, FR, IT, EN, ES)<\/p>\n","protected":false},"excerpt":{"rendered":"<p>SONGMICS vakaa metallinen vaateteline, vaatekaappi, korkeus noin 176 cm, musta RCR17B<\/p>\n","protected":false},"featured_media":45687,"comment_status":"open","ping_status":"closed","template":"","meta":[],"product_brand":[],"product_cat":[32],"product_tag":[],"class_list":{"0":"post-37843","1":"product","2":"type-product","3":"status-publish","4":"has-post-thumbnail","6":"product_cat-uncategorized-fi","8":"first","9":"instock","10":"shipping-taxable","11":"purchasable","12":"product-type-simple"},"_links":{"self":[{"href":"https:\/\/nordicmart.andreevmaster.com\/fi\/wp-json\/wp\/v2\/product\/37843","targetHints":{"allow":["GET"]}}],"collection":[{"href":"https:\/\/nordicmart.andreevmaster.com\/fi\/wp-json\/wp\/v2\/product"}],"about":[{"href":"https:\/\/nordicmart.andreevmaster.com\/fi\/wp-json\/wp\/v2\/types\/product"}],"replies":[{"embeddable":true,"href":"https:\/\/nordicmart.andreevmaster.com\/fi\/wp-json\/wp\/v2\/comments?post=37843"}],"wp:featuredmedia":[{"embeddable":true,"href":"https:\/\/nordicmart.andreevmaster.com\/fi\/wp-json\/wp\/v2\/media\/45687"}],"wp:attachment":[{"href":"https:\/\/nordicmart.andreevmaster.com\/fi\/wp-json\/wp\/v2\/media?parent=37843"}],"wp:term":[{"taxonomy":"product_brand","embeddable":true,"href":"https:\/\/nordicmart.andreevmaster.com\/fi\/wp-json\/wp\/v2\/product_brand?post=37843"},{"taxonomy":"product_cat","embeddable":true,"href":"https:\/\/nordicmart.andreevmaster.com\/fi\/wp-json\/wp\/v2\/product_cat?post=37843"},{"taxonomy":"product_tag","embeddable":true,"href":"https:\/\/nordicmart.andreevmaster.com\/fi\/wp-json\/wp\/v2\/product_tag?post=37843"}],"curies":[{"name":"wp","href":"https:\/\/api.w.org\/{rel}","templated":true}]}}