{"id":37842,"date":"2026-02-27T00:41:08","date_gmt":"2026-02-27T00:41:08","guid":{"rendered":"https:\/\/nordicmart.andreevmaster.com\/product\/vasagle-filigraner-vaateripustin-marmorimainen-ulkonako\/"},"modified":"2026-02-27T09:57:21","modified_gmt":"2026-02-27T09:57:21","slug":"vasagle-filigraner-vaateripustin-marmorimainen-ulkonako","status":"publish","type":"product","link":"https:\/\/nordicmart.andreevmaster.com\/fi\/tuote\/vasagle-filigraner-vaateripustin-marmorimainen-ulkonako\/","title":{"rendered":"VASAGLE Filigraner vaateripustin marmorimainen ulkon\u00e4k\u00f6"},"content":{"rendered":"<p>Huoneen kulman kohokohta: selkeiden linjojen ja yksinkertaisten v\u00e4rien yhdistelm\u00e4 tekee vaatekaapista kodin kohokohdan. Lis\u00e4ksi rautakehyksen ja marmorimaisen hyllyjen yhdistelm\u00e4 tuo ripauksen raikkautta. Enemm\u00e4n kuin vain koriste-elementti: tyylikk\u00e4\u00e4n ulkon\u00e4\u00f6n lis\u00e4ksi vaatekaappi on my\u00f6s k\u00e4yt\u00e4nn\u00f6llinen, joten kaikki p\u00e4ivitt\u00e4iset tavarasi voidaan ripustaa siististi. 6 koukussa ja 2 hyllyll\u00e4 on tilaa takkeillesi, laukuillesi jne. T\u00e4m\u00e4 vaatekaappi luo selkeytt\u00e4 eteiseesi, jolloin kodikkuuden tunne valtaa sinut heti, kun astut kotiisi. Tuotetiedot: V\u00e4ri: valkoinen, marmorimainen Materiaali: Rautakehys, MDF-levyt Mitat: 49 x 49 x 179 cm (P x L x K) Paino: 4,46 kg Maks. kantavuus koukkua kohti: 5 kg Maks. kantavuus hylly\u00e4 kohti: 10 kg Toimitus sis\u00e4lt\u00e4\u00e4: 1 x vaatekaappi 1 x ohjeet (DE, EN, FR, ES, IT)<\/p>\n","protected":false},"excerpt":{"rendered":"<p>VASAGLE puumainen vaatehylly, vaateteline, vapaasti seisova vaatekaappi, 2 hyllyll\u00e4, vaatteille, hattuille, laukkuille, teollinen muotoilu, vintage-ruskea-musta RCR16BX<\/p>\n","protected":false},"featured_media":45686,"comment_status":"open","ping_status":"closed","template":"","meta":[],"product_brand":[],"product_cat":[32],"product_tag":[],"class_list":{"0":"post-37842","1":"product","2":"type-product","3":"status-publish","4":"has-post-thumbnail","6":"product_cat-uncategorized-fi","8":"first","9":"instock","10":"shipping-taxable","11":"purchasable","12":"product-type-simple"},"_links":{"self":[{"href":"https:\/\/nordicmart.andreevmaster.com\/fi\/wp-json\/wp\/v2\/product\/37842","targetHints":{"allow":["GET"]}}],"collection":[{"href":"https:\/\/nordicmart.andreevmaster.com\/fi\/wp-json\/wp\/v2\/product"}],"about":[{"href":"https:\/\/nordicmart.andreevmaster.com\/fi\/wp-json\/wp\/v2\/types\/product"}],"replies":[{"embeddable":true,"href":"https:\/\/nordicmart.andreevmaster.com\/fi\/wp-json\/wp\/v2\/comments?post=37842"}],"wp:featuredmedia":[{"embeddable":true,"href":"https:\/\/nordicmart.andreevmaster.com\/fi\/wp-json\/wp\/v2\/media\/45686"}],"wp:attachment":[{"href":"https:\/\/nordicmart.andreevmaster.com\/fi\/wp-json\/wp\/v2\/media?parent=37842"}],"wp:term":[{"taxonomy":"product_brand","embeddable":true,"href":"https:\/\/nordicmart.andreevmaster.com\/fi\/wp-json\/wp\/v2\/product_brand?post=37842"},{"taxonomy":"product_cat","embeddable":true,"href":"https:\/\/nordicmart.andreevmaster.com\/fi\/wp-json\/wp\/v2\/product_cat?post=37842"},{"taxonomy":"product_tag","embeddable":true,"href":"https:\/\/nordicmart.andreevmaster.com\/fi\/wp-json\/wp\/v2\/product_tag?post=37842"}],"curies":[{"name":"wp","href":"https:\/\/api.w.org\/{rel}","templated":true}]}}