{"id":37841,"date":"2026-02-27T00:41:08","date_gmt":"2026-02-27T00:41:08","guid":{"rendered":"https:\/\/nordicmart.andreevmaster.com\/product\/vasagle-teollisen-muotoilun-vaateripustin\/"},"modified":"2026-02-27T09:57:21","modified_gmt":"2026-02-27T09:57:21","slug":"vasagle-teollisen-muotoilun-vaateripustin","status":"publish","type":"product","link":"https:\/\/nordicmart.andreevmaster.com\/fi\/tuote\/vasagle-teollisen-muotoilun-vaateripustin\/","title":{"rendered":"VASAGLE teollisen muotoilun vaateripustin"},"content":{"rendered":"<p>Kotisi pit\u00e4isi olla turvapaikka, jossa voit rentoutua ulkomaailman stressist\u00e4. Mutta kotisi on aina kaaos ja ymp\u00e4riins\u00e4 lent\u00e4v\u00e4t vaatteet, laukut jne. pilaavat kaiken kodikkuuden? Miten voit hallita ep\u00e4j\u00e4rjestyst\u00e4? Osta SONGMICS-vaatekaappi ja ota ensimm\u00e4inen askel kohti kaaoksen poistamista. Huoneen kulman kohokohta Mustan ter\u00e4ksen ja vintage-hyllyjen yhdistelm\u00e4 tekee t\u00e4st\u00e4 yksinkertaisesta vaatekaapista kodin kohokohdan. Enemm\u00e4n kuin vain koriste-elementti Vaatekaappi on paitsi n\u00e4ytt\u00e4v\u00e4, my\u00f6s eritt\u00e4in k\u00e4yt\u00e4nn\u00f6llinen, joten pian kaikki p\u00e4ivitt\u00e4iset tavarasi voidaan ripustaa siististi paikoilleen. 6 koukussa ja 2 lis\u00e4hyllyll\u00e4 on tilaa takkeillesi, laukuillesi jne. T\u00e4m\u00e4 vaatekaappi luo selkeytt\u00e4 eteiseesi, joten tunnet olosi kotoisaksi heti, kun astut kotiisi. Tuotetiedot: &#8211; V\u00e4ri: vintage-ruskea-musta &#8211; Materiaali: ter\u00e4s, MDF-levyt &#8211; Mitat: 49 x 179 x 49 cm (L x K x S) &#8211; Paino: 4,46 kg &#8211; Maks. kantavuus koukkua kohti: 5 kg &#8211; Maks. kantavuus hylly\u00e4 kohti: 10 kg Toimitus sis\u00e4lt\u00e4\u00e4: &#8211; 1 x vaatekaappi &#8211; 1 x ohjeet (DE, EN, FR, ES, IT)<\/p>\n","protected":false},"excerpt":{"rendered":"<p>VASAGLE puumainen vaatehylly, vaateteline, vapaasti seisova vaatekaappi, 2 hyllyll\u00e4, vaatteille, hattuille, laukkuille, teollinen muotoilu, vintage-ruskea-musta RCR16BX<\/p>\n","protected":false},"featured_media":45685,"comment_status":"open","ping_status":"closed","template":"","meta":[],"product_brand":[],"product_cat":[32],"product_tag":[],"class_list":{"0":"post-37841","1":"product","2":"type-product","3":"status-publish","4":"has-post-thumbnail","6":"product_cat-uncategorized-fi","8":"first","9":"instock","10":"shipping-taxable","11":"purchasable","12":"product-type-simple"},"_links":{"self":[{"href":"https:\/\/nordicmart.andreevmaster.com\/fi\/wp-json\/wp\/v2\/product\/37841","targetHints":{"allow":["GET"]}}],"collection":[{"href":"https:\/\/nordicmart.andreevmaster.com\/fi\/wp-json\/wp\/v2\/product"}],"about":[{"href":"https:\/\/nordicmart.andreevmaster.com\/fi\/wp-json\/wp\/v2\/types\/product"}],"replies":[{"embeddable":true,"href":"https:\/\/nordicmart.andreevmaster.com\/fi\/wp-json\/wp\/v2\/comments?post=37841"}],"wp:featuredmedia":[{"embeddable":true,"href":"https:\/\/nordicmart.andreevmaster.com\/fi\/wp-json\/wp\/v2\/media\/45685"}],"wp:attachment":[{"href":"https:\/\/nordicmart.andreevmaster.com\/fi\/wp-json\/wp\/v2\/media?parent=37841"}],"wp:term":[{"taxonomy":"product_brand","embeddable":true,"href":"https:\/\/nordicmart.andreevmaster.com\/fi\/wp-json\/wp\/v2\/product_brand?post=37841"},{"taxonomy":"product_cat","embeddable":true,"href":"https:\/\/nordicmart.andreevmaster.com\/fi\/wp-json\/wp\/v2\/product_cat?post=37841"},{"taxonomy":"product_tag","embeddable":true,"href":"https:\/\/nordicmart.andreevmaster.com\/fi\/wp-json\/wp\/v2\/product_tag?post=37841"}],"curies":[{"name":"wp","href":"https:\/\/api.w.org\/{rel}","templated":true}]}}