{"id":37840,"date":"2026-02-27T00:41:08","date_gmt":"2026-02-27T00:41:08","guid":{"rendered":"https:\/\/nordicmart.andreevmaster.com\/product\/vapaasti-seisova-naulakko-naulakko-eteisen-puu-2-hyllylla-vaatteille-hattuille-laukkuille-teollinen-tyyli-rustiikkinen-ruskea-ja-musta-rcr16bx\/"},"modified":"2026-02-27T09:57:21","modified_gmt":"2026-02-27T09:57:21","slug":"vapaasti-seisova-naulakko-naulakko-eteisen-puu-2-hyllylla-vaatteille-hattuille-laukkuille-teollinen-tyyli-rustiikkinen-ruskea-ja-musta-rcr16bx","status":"publish","type":"product","link":"https:\/\/nordicmart.andreevmaster.com\/fi\/tuote\/vapaasti-seisova-naulakko-naulakko-eteisen-puu-2-hyllylla-vaatteille-hattuille-laukkuille-teollinen-tyyli-rustiikkinen-ruskea-ja-musta-rcr16bx\/","title":{"rendered":"Vapaasti seisova naulakko, naulakko, eteisen puu 2 hyllyll\u00e4, vaatteille, hattuille, laukkuille, teollinen tyyli, rustiikkinen ruskea ja musta RCR16BX"},"content":{"rendered":"<p>Tulet rakastamaan t\u00e4t\u00e4! Eik\u00f6 sinulla ole paikkaa, johon voisit j\u00e4rjest\u00e4\u00e4 sohvalle levitetyt vaatteesi? T\u00e4m\u00e4 eteisen puu auttaa sinua p\u00e4\u00e4sem\u00e4\u00e4n eroon sotkusta! Telineell\u00e4 on yksinkertainen kolmion muotoinen siluetti, ja siin\u00e4 on 6 tyylik\u00e4st\u00e4 koukkua ja kaksi tukevaa hylly\u00e4 \u2013 pid\u00e4 tavarat j\u00e4rjestyksess\u00e4.Vakaus ensin: Naulakko on valmistettu ter\u00e4srungosta ja paksusta lastulevyst\u00e4, ja se on eritt\u00e4in kest\u00e4v\u00e4 ja vakaa; kolmion muotoinen pohja antaa lis\u00e4vakautta; jokainen koukku kest\u00e4\u00e4 jopa 11 lb:n painon, jokainen hylly 22 lb:n painon. Kaksi kolmionmuotoista hylly\u00e4, joissa on silmiinpist\u00e4v\u00e4 rustiikkinen ruskea pinta, ovat telineen kruunu ja tarjoavat ylim\u00e4\u00e4r\u00e4ist\u00e4 s\u00e4ilytystilaa; voit lis\u00e4t\u00e4 ruukkukasvin tuomaan eloa kokonaisuuteen.Minimalistinen tyyli: T\u00e4m\u00e4 minimalistinen naulakko luo rauhallisen ja j\u00e4rjestyksellisen tilan, jossa on tilaa hengitt\u00e4\u00e4 kotonasi; avaa ovi, riisu raskas takki, rentoudu ja rentoudu p\u00e4iv\u00e4n p\u00e4\u00e4tteeksi.<\/p>\n<p>Mit\u00e4 saat: Teollisen tyylinen naulakko, jossa on 6 sile\u00e4\u00e4 koukkua ja kaksi kolmionmuotoista s\u00e4ilytyshylly\u00e4, lis\u00e4varustepussi ja helppotajuinen ohje \u2013 anna kodillesi j\u00e4rjestyksellinen ja tyylik\u00e4s ilme. <\/p>\n<p>Kotisi pit\u00e4isi olla turvapaikka, jossa voit rentoutua ymp\u00e4r\u00f6iv\u00e4n maailman stressist\u00e4. Mutta onko kotisi aina sekaisin, jossa vaatteet, laukut jne. lentelev\u00e4t ymp\u00e4riins\u00e4 ja pilaavat kodikkuuden? Miten voit p\u00e4\u00e4st\u00e4 eroon sekaannuksesta? Osta SONGMICS-naulakko ja ota ensimm\u00e4inen askel kohti kaaoksen poistamista. Huoneesi kulman kohokohta Mustan ter\u00e4ksen ja vintage-hyllyjen yhdistelm\u00e4 tekee t\u00e4st\u00e4 yksinkertaisesta naulakosta kodin kohokohdan. Enemm\u00e4n kuin vain koriste-elementti Houkuttelevan ulkon\u00e4k\u00f6ns\u00e4 lis\u00e4ksi naulakko on my\u00f6s eritt\u00e4in k\u00e4yt\u00e4nn\u00f6llinen, joten voit ripustaa kaikki p\u00e4ivitt\u00e4iset tavarasi siististi. Siin\u00e4 on 6 koukkua ja 2 ylim\u00e4\u00e4r\u00e4ist\u00e4 hylly\u00e4 takkeillesi, laukuillesi jne. T\u00e4m\u00e4 naulakko luo selkeytt\u00e4 eteiseesi ja luo kodikkaan tunnelman heti, kun astut kotiisi. Tuotetiedot: &#8211; V\u00e4ri: Vintage ruskea-musta &#8211; Materiaali: Ter\u00e4s, MDF-levyt &#8211; Mitat: 49 x 179 x 49 cm (L x K x S) &#8211; Paino: 4,46 kg &#8211; Maks. kuormituskapasiteetti koukkua kohti: 5 kg &#8211; Maks. kuormituskapasiteetti hylly\u00e4 kohti: 10 kg Toimitus sis\u00e4lt\u00e4\u00e4: &#8211; 1 x naulakko &#8211; 1 x k\u00e4ytt\u00f6ohje (DE, EN, FR, ES, IT)<\/p>\n","protected":false},"excerpt":{"rendered":"<p>Tulet rakastamaan t\u00e4t\u00e4! Eik\u00f6 sinulla ole paikkaa, johon voisit j\u00e4rjest\u00e4\u00e4 sohvalle levitetyt vaatteesi? T\u00e4m\u00e4 eteisen puu auttaa sinua p\u00e4\u00e4sem\u00e4\u00e4n eroon sotkusta! Telineell\u00e4 on yksinkertainen kolmion muotoinen siluetti, ja siin\u00e4 on 6 tyylik\u00e4st\u00e4 koukkua ja kaksi tukevaa hylly\u00e4 \u2013 pid\u00e4 tavarat j\u00e4rjestyksess\u00e4.Vakaus ensin: Naulakko on valmistettu ter\u00e4srungosta ja paksusta lastulevyst\u00e4, ja se on eritt\u00e4in kest\u00e4v\u00e4 ja [&hellip;]<\/p>\n","protected":false},"featured_media":0,"comment_status":"open","ping_status":"closed","template":"","meta":[],"product_brand":[],"product_cat":[32],"product_tag":[],"class_list":{"0":"post-37840","1":"product","2":"type-product","3":"status-publish","5":"product_cat-uncategorized-fi","7":"first","8":"instock","9":"shipping-taxable","10":"product-type-simple"},"_links":{"self":[{"href":"https:\/\/nordicmart.andreevmaster.com\/fi\/wp-json\/wp\/v2\/product\/37840","targetHints":{"allow":["GET"]}}],"collection":[{"href":"https:\/\/nordicmart.andreevmaster.com\/fi\/wp-json\/wp\/v2\/product"}],"about":[{"href":"https:\/\/nordicmart.andreevmaster.com\/fi\/wp-json\/wp\/v2\/types\/product"}],"replies":[{"embeddable":true,"href":"https:\/\/nordicmart.andreevmaster.com\/fi\/wp-json\/wp\/v2\/comments?post=37840"}],"wp:attachment":[{"href":"https:\/\/nordicmart.andreevmaster.com\/fi\/wp-json\/wp\/v2\/media?parent=37840"}],"wp:term":[{"taxonomy":"product_brand","embeddable":true,"href":"https:\/\/nordicmart.andreevmaster.com\/fi\/wp-json\/wp\/v2\/product_brand?post=37840"},{"taxonomy":"product_cat","embeddable":true,"href":"https:\/\/nordicmart.andreevmaster.com\/fi\/wp-json\/wp\/v2\/product_cat?post=37840"},{"taxonomy":"product_tag","embeddable":true,"href":"https:\/\/nordicmart.andreevmaster.com\/fi\/wp-json\/wp\/v2\/product_tag?post=37840"}],"curies":[{"name":"wp","href":"https:\/\/api.w.org\/{rel}","templated":true}]}}