{"id":37839,"date":"2026-02-27T00:41:08","date_gmt":"2026-02-27T00:41:08","guid":{"rendered":"https:\/\/nordicmart.andreevmaster.com\/product\/songmics-puumainen-vaatekaappi-valkoinen\/"},"modified":"2026-02-27T09:57:20","modified_gmt":"2026-02-27T09:57:20","slug":"songmics-puumainen-vaatekaappi-valkoinen","status":"publish","type":"product","link":"https:\/\/nordicmart.andreevmaster.com\/fi\/tuote\/songmics-puumainen-vaatekaappi-valkoinen\/","title":{"rendered":"SONGMICS puumainen vaatekaappi, valkoinen"},"content":{"rendered":"<p>Kotisi pit\u00e4isi olla turvapaikka, jossa voit rentoutua ulkomaailman stressist\u00e4. Mutta kotisi on aina kaaos ja ymp\u00e4riins\u00e4 lent\u00e4v\u00e4t vaatteet, laukut jne. pilaavat kaiken kodikkuuden? Miten voit hallita ep\u00e4j\u00e4rjestyst\u00e4?  Osta SONGMICS-vaatekaappi ja ota ensimm\u00e4inen askel kohti kaaoksen poistamista. Huoneen kulman kohokohta Selkeiden linjojen ja yksinkertaisen v\u00e4rin yhdistelm\u00e4 tekee vaatekaapista kodin kohokohdan. Lis\u00e4ksi rautakehyksen ja py\u00f6kkipuun yhdistelm\u00e4 tuo ripauksen raikkautta. Enemm\u00e4n kuin vain koriste-elementti Vaatekaappi on paitsi n\u00e4ytt\u00e4v\u00e4, my\u00f6s eritt\u00e4in k\u00e4yt\u00e4nn\u00f6llinen, joten pian kaikki p\u00e4ivitt\u00e4iset tavarasi voidaan ripustaa siististi paikoilleen. 9 koukussa on sopiva paikka takkeillesi, laukuillesi jne. T\u00e4m\u00e4 vaatekaappi luo selkeytt\u00e4 eteiseesi, joten tunnet olosi kotoisaksi heti, kun astut kotiisi. Tuotetiedot: &#8211; V\u00e4ri: valkoinen, luonnonv\u00e4ri &#8211; Materiaali: rautakehys, py\u00f6kkipuu &#8211; Mitat: 49 x 172 x 49 cm (L x K x S) &#8211; Paino: 3 kg &#8211; Maks. kantavuus koukkua kohti: 5 kg Toimitus sis\u00e4lt\u00e4\u00e4: &#8211; 1 x vaatekaappi &#8211; 1 x ohjeet (DE, EN, FR, ES, IT) SONGMICS Huomautukset: &#8211; Kun haluat ripustaa vaatteesi, \u00e4l\u00e4 ved\u00e4 niist\u00e4 \u00e4killisesti, jotta vaatekaappi ei kaadu.<\/p>\n","protected":false},"excerpt":{"rendered":"<p>SONGMICS puumainen vaateripustin, vaateripustin, vapaasti seisova vaateripustin, 9 koukulla, py\u00f6kkipuuta, vaatteille, hattuille, laukkuille, valkoinen, luonnonv\u00e4ri RCR15WY<\/p>\n","protected":false},"featured_media":45684,"comment_status":"open","ping_status":"closed","template":"","meta":[],"product_brand":[],"product_cat":[32],"product_tag":[],"class_list":{"0":"post-37839","1":"product","2":"type-product","3":"status-publish","4":"has-post-thumbnail","6":"product_cat-uncategorized-fi","8":"first","9":"instock","10":"shipping-taxable","11":"purchasable","12":"product-type-simple"},"_links":{"self":[{"href":"https:\/\/nordicmart.andreevmaster.com\/fi\/wp-json\/wp\/v2\/product\/37839","targetHints":{"allow":["GET"]}}],"collection":[{"href":"https:\/\/nordicmart.andreevmaster.com\/fi\/wp-json\/wp\/v2\/product"}],"about":[{"href":"https:\/\/nordicmart.andreevmaster.com\/fi\/wp-json\/wp\/v2\/types\/product"}],"replies":[{"embeddable":true,"href":"https:\/\/nordicmart.andreevmaster.com\/fi\/wp-json\/wp\/v2\/comments?post=37839"}],"wp:featuredmedia":[{"embeddable":true,"href":"https:\/\/nordicmart.andreevmaster.com\/fi\/wp-json\/wp\/v2\/media\/45684"}],"wp:attachment":[{"href":"https:\/\/nordicmart.andreevmaster.com\/fi\/wp-json\/wp\/v2\/media?parent=37839"}],"wp:term":[{"taxonomy":"product_brand","embeddable":true,"href":"https:\/\/nordicmart.andreevmaster.com\/fi\/wp-json\/wp\/v2\/product_brand?post=37839"},{"taxonomy":"product_cat","embeddable":true,"href":"https:\/\/nordicmart.andreevmaster.com\/fi\/wp-json\/wp\/v2\/product_cat?post=37839"},{"taxonomy":"product_tag","embeddable":true,"href":"https:\/\/nordicmart.andreevmaster.com\/fi\/wp-json\/wp\/v2\/product_tag?post=37839"}],"curies":[{"name":"wp","href":"https:\/\/api.w.org\/{rel}","templated":true}]}}