{"id":37837,"date":"2026-02-27T00:41:07","date_gmt":"2026-02-27T00:41:07","guid":{"rendered":"https:\/\/nordicmart.andreevmaster.com\/product\/songmics-vaatekaappi-valkoinen\/"},"modified":"2026-02-27T09:57:20","modified_gmt":"2026-02-27T09:57:20","slug":"songmics-vaatekaappi-valkoinen","status":"publish","type":"product","link":"https:\/\/nordicmart.andreevmaster.com\/fi\/tuote\/songmics-vaatekaappi-valkoinen\/","title":{"rendered":"SONGMICS vaatekaappi, valkoinen"},"content":{"rendered":"<p>T\u00e4m\u00e4 vapaasti seisova vaatekaappi on juuri se, mit\u00e4 sinun on viel\u00e4 puuttunut onneesi. Siisti koti tekee yksinkertaisesti onnelliseksi. Hanki t\u00e4m\u00e4 VASAGLE-vaatekaappi ja ota ensimm\u00e4inen askel kohti onnellisempaa kotia. Siivoa vaatekasat sohvalta ja muuta asuntosi j\u00e4lleen viihtyis\u00e4ksi. T\u00e4m\u00e4n vaatekaapin kohokohdat yhdell\u00e4 silm\u00e4yksell\u00e4: &#8211; Py\u00f6re\u00e4n, halkaisijaltaan suuren jalustan ansiosta t\u00e4m\u00e4 vaatekaappi on vakaa eik\u00e4 kaadu, kun ripustat takkisi koukkuun. Lis\u00e4ksi se on eritt\u00e4in kest\u00e4v\u00e4 ja pitk\u00e4ik\u00e4inen. &#8211; K\u00e4yt\u00f6ss\u00e4si on 7 koukkua, joissa on py\u00f6ristetyt p\u00e4\u00e4t ja joihin voit ripustaa vaatteet, laukut ja muut tavarat k\u00e4tev\u00e4sti saataville ja siististi. &#8211; Asennus ei aiheuta p\u00e4\u00e4nvaivaa: t\u00e4m\u00e4n vaatekaapin kokoaminen on lastenleikki\u00e4! Tuotetiedot: &#8211; V\u00e4ri: valkoinen &#8211; Materiaali: kumipuu (teline ja koukut), MDF (keskitihe\u00e4 kuitulevy) (py\u00f6re\u00e4 jalusta) &#8211; Koko: 38 x 175 cm (\u00d8 x K) &#8211; Pidikkeen paksuus: 4 cm &#8211; Koukun pituus: 12,5 cm &#8211; Paino: 3,3 kg &#8211; Koukun maks. staattinen kantavuus (tasaisella painonjaolla): 5 kg &#8211; Kokonaiskantavuus (tasaisella painonjaolla): 20 kg Toimitus sis\u00e4lt\u00e4\u00e4:- 1 x vaateripustin &#8211; 1 x lis\u00e4varustepussi &#8211; 1 x ohjeet (DE, EN, FR, ES, IT) VASAGLE Huomautukset: &#8211; \u00c4l\u00e4 altista tuotetta suoralle auringonvalolle pitk\u00e4ksi aikaa. &#8211; Tuote ei saa joutua kosketuksiin ter\u00e4vien esineiden kanssa, jotta se ei vahingoitu.<\/p>\n","protected":false},"excerpt":{"rendered":"<p>SONGMICS vaatekaappi, vaateripustin, 7 koukkua py\u00f6ristetyill\u00e4 p\u00e4ill\u00e4, vapaasti seisova puumainen vaatekaappi, puu, vaatteille, hattuille, laukkuille, eteinen, olohuone, valkoinen RCR07WT<\/p>\n","protected":false},"featured_media":45682,"comment_status":"open","ping_status":"closed","template":"","meta":[],"product_brand":[],"product_cat":[32],"product_tag":[],"class_list":{"0":"post-37837","1":"product","2":"type-product","3":"status-publish","4":"has-post-thumbnail","6":"product_cat-uncategorized-fi","8":"first","9":"instock","10":"shipping-taxable","11":"purchasable","12":"product-type-simple"},"_links":{"self":[{"href":"https:\/\/nordicmart.andreevmaster.com\/fi\/wp-json\/wp\/v2\/product\/37837","targetHints":{"allow":["GET"]}}],"collection":[{"href":"https:\/\/nordicmart.andreevmaster.com\/fi\/wp-json\/wp\/v2\/product"}],"about":[{"href":"https:\/\/nordicmart.andreevmaster.com\/fi\/wp-json\/wp\/v2\/types\/product"}],"replies":[{"embeddable":true,"href":"https:\/\/nordicmart.andreevmaster.com\/fi\/wp-json\/wp\/v2\/comments?post=37837"}],"wp:featuredmedia":[{"embeddable":true,"href":"https:\/\/nordicmart.andreevmaster.com\/fi\/wp-json\/wp\/v2\/media\/45682"}],"wp:attachment":[{"href":"https:\/\/nordicmart.andreevmaster.com\/fi\/wp-json\/wp\/v2\/media?parent=37837"}],"wp:term":[{"taxonomy":"product_brand","embeddable":true,"href":"https:\/\/nordicmart.andreevmaster.com\/fi\/wp-json\/wp\/v2\/product_brand?post=37837"},{"taxonomy":"product_cat","embeddable":true,"href":"https:\/\/nordicmart.andreevmaster.com\/fi\/wp-json\/wp\/v2\/product_cat?post=37837"},{"taxonomy":"product_tag","embeddable":true,"href":"https:\/\/nordicmart.andreevmaster.com\/fi\/wp-json\/wp\/v2\/product_tag?post=37837"}],"curies":[{"name":"wp","href":"https:\/\/api.w.org\/{rel}","templated":true}]}}