{"id":37836,"date":"2026-02-27T00:41:07","date_gmt":"2026-02-27T00:41:07","guid":{"rendered":"https:\/\/nordicmart.andreevmaster.com\/product\/vasagle-vapaasti-seisova-vaateteline\/"},"modified":"2026-02-27T09:57:20","modified_gmt":"2026-02-27T09:57:20","slug":"vasagle-vapaasti-seisova-vaateteline","status":"publish","type":"product","link":"https:\/\/nordicmart.andreevmaster.com\/fi\/tuote\/vasagle-vapaasti-seisova-vaateteline\/","title":{"rendered":"VASAGLE Vapaasti seisova vaateteline"},"content":{"rendered":"<p>T\u00e4m\u00e4 vapaasti seisova vaateteline on juuri se, mit\u00e4 sinun on viel\u00e4 puuttunut onneesi<br \/>\nSiisti koti tekee yksinkertaisesti onnelliseksi. Hanki t\u00e4m\u00e4 VASAGLE-vaatekaappi ja ota ensimm\u00e4inen askel kohti onnellisempaa kotia. Siivoa vaatekasat sohvalta ja muuta asuntosi j\u00e4lleen viihtyis\u00e4ksi.<\/p>\n<p>T\u00e4m\u00e4n vaatekaapin kohokohdat yhdell\u00e4 silm\u00e4yksell\u00e4:<br \/>\n&#8211; Kolmijalkainen jalusta tukee vaatekaappia, joten se on vakaa eik\u00e4 kaadu, kun ripustat takkisi koukkuun. Lis\u00e4ksi se on eritt\u00e4in tukeva ja kest\u00e4v\u00e4.<br \/>\n&#8211; K\u00e4yt\u00f6ss\u00e4si on 8 koukkua, joissa on py\u00f6ristetyt p\u00e4\u00e4t ja joihin voit ripustaa vaatteet, laukut ja muut tavarat k\u00e4tev\u00e4sti saataville ja siististi.<br \/>\n&#8211; Asennus ei aiheuta p\u00e4\u00e4nvaivaa: t\u00e4m\u00e4n vaatekaapin kokoaminen on lastenleikki\u00e4! Tuotetiedot:<br \/>\n&#8211; V\u00e4ri: valkoinen<br \/>\n&#8211; Materiaali: kumipuu<br \/>\n&#8211; Koko: 47 x 47 x 175 cm (P x L x K)<br \/>\n&#8211; Koukun pituus: 12,3 cm<br \/>\n&#8211; Paino: 2,2 kg<br \/>\n&#8211; Maks. staattinen kantavuus koukkua kohti: 5 kg<br \/>\n&#8211; Maks. staattinen kokonaiskuormitus: 15 kg<\/p>\n<p>Toimitus sis\u00e4lt\u00e4\u00e4:<br \/>\n&#8211; 1 x vaateripustin<br \/>\n&#8211; 1 x ohjeet (DE, EN, FR, ES, IT)<\/p>\n<p>VASAGLE-ohjeet:<br \/>\n&#8211; \u00c4l\u00e4 altista tuotetta suoralle auringonvalolle pitk\u00e4ksi aikaa.<\/p>\n","protected":false},"excerpt":{"rendered":"<p>VASAGLE vaateteline, vapaasti seisova vaateteline, vaateteline massiivipuusta, puun muotoinen, 8 koukulla, vaatteille, hattuille, laukkuille, eteiseen, sis\u00e4\u00e4nk\u00e4yntialueelle, valkoinen RCR04WT<\/p>\n","protected":false},"featured_media":45681,"comment_status":"open","ping_status":"closed","template":"","meta":[],"product_brand":[],"product_cat":[32],"product_tag":[],"class_list":{"0":"post-37836","1":"product","2":"type-product","3":"status-publish","4":"has-post-thumbnail","6":"product_cat-uncategorized-fi","8":"first","9":"instock","10":"shipping-taxable","11":"purchasable","12":"product-type-simple"},"_links":{"self":[{"href":"https:\/\/nordicmart.andreevmaster.com\/fi\/wp-json\/wp\/v2\/product\/37836","targetHints":{"allow":["GET"]}}],"collection":[{"href":"https:\/\/nordicmart.andreevmaster.com\/fi\/wp-json\/wp\/v2\/product"}],"about":[{"href":"https:\/\/nordicmart.andreevmaster.com\/fi\/wp-json\/wp\/v2\/types\/product"}],"replies":[{"embeddable":true,"href":"https:\/\/nordicmart.andreevmaster.com\/fi\/wp-json\/wp\/v2\/comments?post=37836"}],"wp:featuredmedia":[{"embeddable":true,"href":"https:\/\/nordicmart.andreevmaster.com\/fi\/wp-json\/wp\/v2\/media\/45681"}],"wp:attachment":[{"href":"https:\/\/nordicmart.andreevmaster.com\/fi\/wp-json\/wp\/v2\/media?parent=37836"}],"wp:term":[{"taxonomy":"product_brand","embeddable":true,"href":"https:\/\/nordicmart.andreevmaster.com\/fi\/wp-json\/wp\/v2\/product_brand?post=37836"},{"taxonomy":"product_cat","embeddable":true,"href":"https:\/\/nordicmart.andreevmaster.com\/fi\/wp-json\/wp\/v2\/product_cat?post=37836"},{"taxonomy":"product_tag","embeddable":true,"href":"https:\/\/nordicmart.andreevmaster.com\/fi\/wp-json\/wp\/v2\/product_tag?post=37836"}],"curies":[{"name":"wp","href":"https:\/\/api.w.org\/{rel}","templated":true}]}}