{"id":37830,"date":"2026-02-27T00:41:05","date_gmt":"2026-02-27T00:41:05","guid":{"rendered":"https:\/\/nordicmart.andreevmaster.com\/product\/songmics-seinavaatekoukku-puun-muotoinen-7-koukkua-helmenvalkoinen\/"},"modified":"2026-02-27T09:57:18","modified_gmt":"2026-02-27T09:57:18","slug":"songmics-seinavaatekoukku-puun-muotoinen-7-koukkua-helmenvalkoinen","status":"publish","type":"product","link":"https:\/\/nordicmart.andreevmaster.com\/fi\/tuote\/songmics-seinavaatekoukku-puun-muotoinen-7-koukkua-helmenvalkoinen\/","title":{"rendered":"SONGMICS sein\u00e4vaatekoukku puun muotoinen, 7 koukkua, helmenvalkoinen"},"content":{"rendered":"<p>SONGMICS HOME sein\u00e4vaatekoukku, puun muotoinen vaatekoukku, 4 isoa vaatekoukkua, 3 py\u00f6re\u00e4\u00e4 koukkua, pallonupit, vaatteille, hattuille, laukkuille, musta RCR035B01<br \/>\nV\u00e4ri: helmenvalkoinen<br \/>\nMateriaali: ter\u00e4s<br \/>\nKoko: 13 x 19 x 41 cm (S x L x K)<br \/>\nPaino: 0,8 kg<br \/>\nMaks. staattinen kantavuus koukkua kohti: 3 kg<br \/>\nMaks. staattinen kantavuus yhteens\u00e4: 21 kg<\/p>\n","protected":false},"excerpt":{"rendered":"<p>SONGMICS HOME sein\u00e4vaatekoukku, puun muotoinen vaatekoukku, 4 isoa vaatekoukkua, 3 py\u00f6re\u00e4\u00e4 koukkua, pallonupit, vaatteille, hattuille, laukkuille, musta RCR035B01<\/p>\n","protected":false},"featured_media":45675,"comment_status":"open","ping_status":"closed","template":"","meta":[],"product_brand":[],"product_cat":[32],"product_tag":[],"class_list":{"0":"post-37830","1":"product","2":"type-product","3":"status-publish","4":"has-post-thumbnail","6":"product_cat-uncategorized-fi","8":"first","9":"instock","10":"shipping-taxable","11":"purchasable","12":"product-type-simple"},"_links":{"self":[{"href":"https:\/\/nordicmart.andreevmaster.com\/fi\/wp-json\/wp\/v2\/product\/37830","targetHints":{"allow":["GET"]}}],"collection":[{"href":"https:\/\/nordicmart.andreevmaster.com\/fi\/wp-json\/wp\/v2\/product"}],"about":[{"href":"https:\/\/nordicmart.andreevmaster.com\/fi\/wp-json\/wp\/v2\/types\/product"}],"replies":[{"embeddable":true,"href":"https:\/\/nordicmart.andreevmaster.com\/fi\/wp-json\/wp\/v2\/comments?post=37830"}],"wp:featuredmedia":[{"embeddable":true,"href":"https:\/\/nordicmart.andreevmaster.com\/fi\/wp-json\/wp\/v2\/media\/45675"}],"wp:attachment":[{"href":"https:\/\/nordicmart.andreevmaster.com\/fi\/wp-json\/wp\/v2\/media?parent=37830"}],"wp:term":[{"taxonomy":"product_brand","embeddable":true,"href":"https:\/\/nordicmart.andreevmaster.com\/fi\/wp-json\/wp\/v2\/product_brand?post=37830"},{"taxonomy":"product_cat","embeddable":true,"href":"https:\/\/nordicmart.andreevmaster.com\/fi\/wp-json\/wp\/v2\/product_cat?post=37830"},{"taxonomy":"product_tag","embeddable":true,"href":"https:\/\/nordicmart.andreevmaster.com\/fi\/wp-json\/wp\/v2\/product_tag?post=37830"}],"curies":[{"name":"wp","href":"https:\/\/api.w.org\/{rel}","templated":true}]}}