{"id":37827,"date":"2026-02-27T00:41:04","date_gmt":"2026-02-27T00:41:04","guid":{"rendered":"https:\/\/nordicmart.andreevmaster.com\/product\/vasagle-vaateripustin-8-koukulla-ja-hyllylla-luonnonbeige\/"},"modified":"2026-02-27T09:57:18","modified_gmt":"2026-02-27T09:57:18","slug":"vasagle-vaateripustin-8-koukulla-ja-hyllylla-luonnonbeige","status":"publish","type":"product","link":"https:\/\/nordicmart.andreevmaster.com\/fi\/tuote\/vasagle-vaateripustin-8-koukulla-ja-hyllylla-luonnonbeige\/","title":{"rendered":"VASAGLE vaateripustin 8 koukulla ja hyllyll\u00e4, luonnonbeige"},"content":{"rendered":"<p>VASAGLE vaateripustin, vaateteline, 8 koukulla ja hyllyll\u00e4, korkeus 170,5 cm, takkeja, hattuja, laukkuja varten, eteinen, k\u00e4yt\u00e4v\u00e4, makuuhuone, musta RCR033B01<br \/>\nV\u00e4ri: luonnonbeige<br \/>\nMateriaali: kumipuu, MDF (keskitihe\u00e4 kuitulevy)<br \/>\nKoko: 34,7 x 34,7 x 170,5 cm (S x L x K)<br \/>\nPaino: 3,8 kg<br \/>\nMaks. staattinen kantavuus koukkua kohti: 4 kg<br \/>\nHyllypinnan maks. staattinen kantavuus: 10 kg<br \/>\nMaks. staattinen kantavuus yhteens\u00e4: 40 kg<\/p>\n","protected":false},"excerpt":{"rendered":"<p>VASAGLE vaateripustin, vaateteline, 8 koukulla ja hyllyll\u00e4, korkeus 170,5 cm, takkeja, hattuja, laukkuja varten, eteinen, k\u00e4yt\u00e4v\u00e4, makuuhuone, musta RCR033B01<\/p>\n","protected":false},"featured_media":0,"comment_status":"open","ping_status":"closed","template":"","meta":[],"product_brand":[],"product_cat":[32],"product_tag":[],"class_list":{"0":"post-37827","1":"product","2":"type-product","3":"status-publish","5":"product_cat-uncategorized-fi","7":"first","8":"instock","9":"shipping-taxable","10":"purchasable","11":"product-type-simple"},"_links":{"self":[{"href":"https:\/\/nordicmart.andreevmaster.com\/fi\/wp-json\/wp\/v2\/product\/37827","targetHints":{"allow":["GET"]}}],"collection":[{"href":"https:\/\/nordicmart.andreevmaster.com\/fi\/wp-json\/wp\/v2\/product"}],"about":[{"href":"https:\/\/nordicmart.andreevmaster.com\/fi\/wp-json\/wp\/v2\/types\/product"}],"replies":[{"embeddable":true,"href":"https:\/\/nordicmart.andreevmaster.com\/fi\/wp-json\/wp\/v2\/comments?post=37827"}],"wp:attachment":[{"href":"https:\/\/nordicmart.andreevmaster.com\/fi\/wp-json\/wp\/v2\/media?parent=37827"}],"wp:term":[{"taxonomy":"product_brand","embeddable":true,"href":"https:\/\/nordicmart.andreevmaster.com\/fi\/wp-json\/wp\/v2\/product_brand?post=37827"},{"taxonomy":"product_cat","embeddable":true,"href":"https:\/\/nordicmart.andreevmaster.com\/fi\/wp-json\/wp\/v2\/product_cat?post=37827"},{"taxonomy":"product_tag","embeddable":true,"href":"https:\/\/nordicmart.andreevmaster.com\/fi\/wp-json\/wp\/v2\/product_tag?post=37827"}],"curies":[{"name":"wp","href":"https:\/\/api.w.org\/{rel}","templated":true}]}}