{"id":37821,"date":"2026-02-27T00:41:03","date_gmt":"2026-02-27T00:41:03","guid":{"rendered":"https:\/\/nordicmart.andreevmaster.com\/product\/songmics-vaateripustin-koukut\/"},"modified":"2026-02-27T09:57:17","modified_gmt":"2026-02-27T09:57:17","slug":"songmics-vaateripustin-koukut","status":"publish","type":"product","link":"https:\/\/nordicmart.andreevmaster.com\/fi\/tuote\/songmics-vaateripustin-koukut\/","title":{"rendered":"SONGMICS vaateripustin koukut"},"content":{"rendered":"<p>V\u00e4hemm\u00e4n kiirett\u00e4 aamuisin: Kun l\u00e4hdet t\u00f6ihin tai yliopistoon, voit ottaa takit ja p\u00e4\u00e4llystakit siististi vaatekaapista. Sinun ei en\u00e4\u00e4 tarvitse kaivaa vaatekasoja ja huolehtia ryppyist\u00e4 ja taitteista \u2013 voit l\u00e4hte\u00e4 kotoa rauhassa. Ripusta vaatteet siististi ja luo kodikas ilmapiiri: Tilaa s\u00e4\u00e4st\u00e4v\u00e4 vaateteline on helppo tapa tuoda j\u00e4rjestyst\u00e4 vaatekaaokseen. Ter\u00e4ksest\u00e4 valmistettu teline kest\u00e4\u00e4 jopa 30 kg:n painon \u2013 se pysyy vakaana ja luotettavana apunasi vuosien ajan, pit\u00e4\u00e4 vaatteesi ja luo sinulle miellytt\u00e4v\u00e4n ilmapiirin. Tuotetiedot:- V\u00e4ri: musta &#8211; Materiaali: ter\u00e4s &#8211; Koko: 54 x 54 x 171,1 cm (P x L x K) &#8211; Paino: 2,2 kg &#8211; Maks. staattinen kantavuus koukkua kohti: 5 kg &#8211; Maks. staattinen kantavuus yhteens\u00e4: 30 kg Toimitus sis\u00e4lt\u00e4\u00e4: &#8211; 1 x vaateteline &#8211; 1 x ohjeet SONGMICSin huomautukset:- Turvallisuussyist\u00e4 lapset eiv\u00e4t saa kiivet\u00e4 tuotteelle tai leikki\u00e4 sill\u00e4. &#8211; Ripusta esineet tasaisesti t\u00e4lle telineelle, jotta se ei kaadu.<\/p>\n","protected":false},"excerpt":{"rendered":"<p>SONGMICS vaateripustin, vaateteline, 6 koukkua, ter\u00e4st\u00e4, takkeja, hattuja, laukkuja varten, 54 x 54 x 171,1 cm, musta RCR029B01<\/p>\n","protected":false},"featured_media":45667,"comment_status":"open","ping_status":"closed","template":"","meta":[],"product_brand":[],"product_cat":[32],"product_tag":[],"class_list":{"0":"post-37821","1":"product","2":"type-product","3":"status-publish","4":"has-post-thumbnail","6":"product_cat-uncategorized-fi","8":"first","9":"instock","10":"shipping-taxable","11":"purchasable","12":"product-type-simple"},"_links":{"self":[{"href":"https:\/\/nordicmart.andreevmaster.com\/fi\/wp-json\/wp\/v2\/product\/37821","targetHints":{"allow":["GET"]}}],"collection":[{"href":"https:\/\/nordicmart.andreevmaster.com\/fi\/wp-json\/wp\/v2\/product"}],"about":[{"href":"https:\/\/nordicmart.andreevmaster.com\/fi\/wp-json\/wp\/v2\/types\/product"}],"replies":[{"embeddable":true,"href":"https:\/\/nordicmart.andreevmaster.com\/fi\/wp-json\/wp\/v2\/comments?post=37821"}],"wp:featuredmedia":[{"embeddable":true,"href":"https:\/\/nordicmart.andreevmaster.com\/fi\/wp-json\/wp\/v2\/media\/45667"}],"wp:attachment":[{"href":"https:\/\/nordicmart.andreevmaster.com\/fi\/wp-json\/wp\/v2\/media?parent=37821"}],"wp:term":[{"taxonomy":"product_brand","embeddable":true,"href":"https:\/\/nordicmart.andreevmaster.com\/fi\/wp-json\/wp\/v2\/product_brand?post=37821"},{"taxonomy":"product_cat","embeddable":true,"href":"https:\/\/nordicmart.andreevmaster.com\/fi\/wp-json\/wp\/v2\/product_cat?post=37821"},{"taxonomy":"product_tag","embeddable":true,"href":"https:\/\/nordicmart.andreevmaster.com\/fi\/wp-json\/wp\/v2\/product_tag?post=37821"}],"curies":[{"name":"wp","href":"https:\/\/api.w.org\/{rel}","templated":true}]}}