{"id":37816,"date":"2026-02-27T00:41:01","date_gmt":"2026-02-27T00:41:01","guid":{"rendered":"https:\/\/nordicmart.andreevmaster.com\/product\/songmics-hoikka-vaatekaappi-valkoinen\/"},"modified":"2026-02-27T09:57:15","modified_gmt":"2026-02-27T09:57:15","slug":"songmics-hoikka-vaatekaappi-valkoinen","status":"publish","type":"product","link":"https:\/\/nordicmart.andreevmaster.com\/fi\/tuote\/songmics-hoikka-vaatekaappi-valkoinen\/","title":{"rendered":"SONGMICS Hoikka vaatekaappi, valkoinen"},"content":{"rendered":"<p>Etsitk\u00f6 vaateripustinta, jolla on monipuoliset ominaisuudet? Sen on oltava helppo koota, tilaa s\u00e4\u00e4st\u00e4v\u00e4 ja vakaa? T\u00e4m\u00e4 Songmics-vaateripustin t\u00e4ytt\u00e4\u00e4 kaikki n\u00e4m\u00e4 vaatimukset! Vakaa metallirunko on maalattu valkoiseksi ja varustettu 9 koukulla, jotka tarjoavat riitt\u00e4v\u00e4sti tilaa takkeillesi, p\u00e4\u00e4llystakeillesi ja laukuillesi. Keskimm\u00e4isille pienille hyllyille voi my\u00f6s asettaa sateenvarjot.Teline on t\u00e4ysin vakaa my\u00f6s &#8221;t\u00e4yteen kuormattuna&#8221;. Songmics-vaatetelineest\u00e4 on iloa vuosiksi. Tuotetiedot: Mitat: 50 x 176 x 50 cm (L x K x S) Materiaali: jauhemaalatut ter\u00e4sputket + ABS-muovi Nettopaino: 5,5 kg Bruttopaino: 5,9 kg Pakkauksen mitat: 103 x 31,5 x 7 cm Toimitus sis\u00e4lt\u00e4\u00e4: 1 x vaatehylly 1 x ohjeet (saksa, englanti, ranska, italia, espanja)<\/p>\n","protected":false},"excerpt":{"rendered":"<p>SONGMICS metallinen vaateteline, 176 cm korkea, valkoinen \u2013 tyylik\u00e4s ja eritt\u00e4in vakaa RCR01W<\/p>\n","protected":false},"featured_media":45662,"comment_status":"open","ping_status":"closed","template":"","meta":[],"product_brand":[],"product_cat":[32],"product_tag":[],"class_list":{"0":"post-37816","1":"product","2":"type-product","3":"status-publish","4":"has-post-thumbnail","6":"product_cat-uncategorized-fi","8":"first","9":"instock","10":"shipping-taxable","11":"purchasable","12":"product-type-simple"},"_links":{"self":[{"href":"https:\/\/nordicmart.andreevmaster.com\/fi\/wp-json\/wp\/v2\/product\/37816","targetHints":{"allow":["GET"]}}],"collection":[{"href":"https:\/\/nordicmart.andreevmaster.com\/fi\/wp-json\/wp\/v2\/product"}],"about":[{"href":"https:\/\/nordicmart.andreevmaster.com\/fi\/wp-json\/wp\/v2\/types\/product"}],"replies":[{"embeddable":true,"href":"https:\/\/nordicmart.andreevmaster.com\/fi\/wp-json\/wp\/v2\/comments?post=37816"}],"wp:featuredmedia":[{"embeddable":true,"href":"https:\/\/nordicmart.andreevmaster.com\/fi\/wp-json\/wp\/v2\/media\/45662"}],"wp:attachment":[{"href":"https:\/\/nordicmart.andreevmaster.com\/fi\/wp-json\/wp\/v2\/media?parent=37816"}],"wp:term":[{"taxonomy":"product_brand","embeddable":true,"href":"https:\/\/nordicmart.andreevmaster.com\/fi\/wp-json\/wp\/v2\/product_brand?post=37816"},{"taxonomy":"product_cat","embeddable":true,"href":"https:\/\/nordicmart.andreevmaster.com\/fi\/wp-json\/wp\/v2\/product_cat?post=37816"},{"taxonomy":"product_tag","embeddable":true,"href":"https:\/\/nordicmart.andreevmaster.com\/fi\/wp-json\/wp\/v2\/product_tag?post=37816"}],"curies":[{"name":"wp","href":"https:\/\/api.w.org\/{rel}","templated":true}]}}