{"id":37815,"date":"2026-02-27T00:41:01","date_gmt":"2026-02-27T00:41:01","guid":{"rendered":"https:\/\/nordicmart.andreevmaster.com\/product\/vasagle-8-koukun-vaatekaappi-3-saadettavaa-korkeutta-harmaa\/"},"modified":"2026-02-27T09:57:15","modified_gmt":"2026-02-27T09:57:15","slug":"vasagle-8-koukun-vaatekaappi-3-saadettavaa-korkeutta-harmaa","status":"publish","type":"product","link":"https:\/\/nordicmart.andreevmaster.com\/fi\/tuote\/vasagle-8-koukun-vaatekaappi-3-saadettavaa-korkeutta-harmaa\/","title":{"rendered":"VASAGLE 8 koukun vaatekaappi, 3 s\u00e4\u00e4dett\u00e4v\u00e4\u00e4 korkeutta, harmaa"},"content":{"rendered":"<p>VASAGLE vaateripustin, vaateripustin massiivipuusta, vapaasti seisova vaateripustin puun muotoinen, 8 koukulla, takkeja, hattuja, laukkuja varten, eteinen, k\u00e4yt\u00e4v\u00e4, kumipuu<br \/>\nV\u00e4ri: harmaa<br \/>\nMateriaali: kumipuu<br \/>\nKoko: 51,1 x 44,3 x 177 cm (S x L x K)<br \/>\nYksitt\u00e4isen koukun pituus: 12,5 cm<br \/>\nPaino: 2,5 kg<br \/>\nKoukkujen maksimaalinen staattinen kantavuus: 3 kg<br \/>\nMaks. staattinen kokonaiskuormitus: 24 kg<\/p>\n","protected":false},"excerpt":{"rendered":"<p>VASAGLE vaateripustin, vaateripustin massiivipuusta, vapaasti seisova vaateripustin puun muotoinen, 8 koukulla, takkeja, hattuja, laukkuja varten, eteinen, k\u00e4yt\u00e4v\u00e4, kumipuu<\/p>\n","protected":false},"featured_media":45661,"comment_status":"open","ping_status":"closed","template":"","meta":[],"product_brand":[],"product_cat":[32],"product_tag":[],"class_list":{"0":"post-37815","1":"product","2":"type-product","3":"status-publish","4":"has-post-thumbnail","6":"product_cat-uncategorized-fi","8":"first","9":"instock","10":"shipping-taxable","11":"purchasable","12":"product-type-simple"},"_links":{"self":[{"href":"https:\/\/nordicmart.andreevmaster.com\/fi\/wp-json\/wp\/v2\/product\/37815","targetHints":{"allow":["GET"]}}],"collection":[{"href":"https:\/\/nordicmart.andreevmaster.com\/fi\/wp-json\/wp\/v2\/product"}],"about":[{"href":"https:\/\/nordicmart.andreevmaster.com\/fi\/wp-json\/wp\/v2\/types\/product"}],"replies":[{"embeddable":true,"href":"https:\/\/nordicmart.andreevmaster.com\/fi\/wp-json\/wp\/v2\/comments?post=37815"}],"wp:featuredmedia":[{"embeddable":true,"href":"https:\/\/nordicmart.andreevmaster.com\/fi\/wp-json\/wp\/v2\/media\/45661"}],"wp:attachment":[{"href":"https:\/\/nordicmart.andreevmaster.com\/fi\/wp-json\/wp\/v2\/media?parent=37815"}],"wp:term":[{"taxonomy":"product_brand","embeddable":true,"href":"https:\/\/nordicmart.andreevmaster.com\/fi\/wp-json\/wp\/v2\/product_brand?post=37815"},{"taxonomy":"product_cat","embeddable":true,"href":"https:\/\/nordicmart.andreevmaster.com\/fi\/wp-json\/wp\/v2\/product_cat?post=37815"},{"taxonomy":"product_tag","embeddable":true,"href":"https:\/\/nordicmart.andreevmaster.com\/fi\/wp-json\/wp\/v2\/product_tag?post=37815"}],"curies":[{"name":"wp","href":"https:\/\/api.w.org\/{rel}","templated":true}]}}