{"id":37810,"date":"2026-02-27T00:41:00","date_gmt":"2026-02-27T00:41:00","guid":{"rendered":"https:\/\/nordicmart.andreevmaster.com\/product\/teollisuustyylinen-naulakko-vintage-ruskea-musta\/"},"modified":"2026-02-27T09:57:14","modified_gmt":"2026-02-27T09:57:14","slug":"teollisuustyylinen-naulakko-vintage-ruskea-musta","status":"publish","type":"product","link":"https:\/\/nordicmart.andreevmaster.com\/fi\/tuote\/teollisuustyylinen-naulakko-vintage-ruskea-musta\/","title":{"rendered":"Teollisuustyylinen naulakko, vintage ruskea-musta"},"content":{"rendered":"<p>Tuotetiedot: &#8211; V\u00e4ri: vintage ruskea-musta &#8211; Materiaali: lastulevy, ter\u00e4s &#8211; Koko: 38 x 38 x 171 cm (P x L x K) &#8211; Paino: 3,7 kg &#8211; Maks. staattinen kuormituskapasiteetti koukkua kohti: 3 kg &#8211; Maks. hyllyn staattinen kantavuus: 5 kg Toimitus sis\u00e4lt\u00e4\u00e4: &#8211; 1 x naulakko &#8211; 1 x lis\u00e4varustepaketti &#8211; 1 x k\u00e4ytt\u00f6ohje (DE, FR, EN, ES, IT) VASAGLE Huomautukset: &#8211; Turvallisuussyist\u00e4 lapset eiv\u00e4t saa kiivet\u00e4 tuotteelle tai leikki\u00e4 sill\u00e4. Ripusta esineet tasaisesti telineeseen, jotta se ei kaadu.<\/p>\n","protected":false},"excerpt":{"rendered":"<p>Tuotetiedot: &#8211; V\u00e4ri: vintage ruskea-musta &#8211; Materiaali: lastulevy, ter\u00e4s &#8211; Koko: 38 x 38 x 171 cm (P x L x K) &#8211; Paino: 3,7 kg &#8211; Maks. staattinen kuormituskapasiteetti koukkua kohti: 3 kg &#8211; Maks. hyllyn staattinen kantavuus: 5 kg Toimitus sis\u00e4lt\u00e4\u00e4: &#8211; 1 x naulakko &#8211; 1 x lis\u00e4varustepaketti &#8211; 1 x k\u00e4ytt\u00f6ohje [&hellip;]<\/p>\n","protected":false},"featured_media":0,"comment_status":"open","ping_status":"closed","template":"","meta":[],"product_brand":[],"product_cat":[32],"product_tag":[],"class_list":{"0":"post-37810","1":"product","2":"type-product","3":"status-publish","5":"product_cat-uncategorized-fi","7":"first","8":"instock","9":"shipping-taxable","10":"product-type-simple"},"_links":{"self":[{"href":"https:\/\/nordicmart.andreevmaster.com\/fi\/wp-json\/wp\/v2\/product\/37810","targetHints":{"allow":["GET"]}}],"collection":[{"href":"https:\/\/nordicmart.andreevmaster.com\/fi\/wp-json\/wp\/v2\/product"}],"about":[{"href":"https:\/\/nordicmart.andreevmaster.com\/fi\/wp-json\/wp\/v2\/types\/product"}],"replies":[{"embeddable":true,"href":"https:\/\/nordicmart.andreevmaster.com\/fi\/wp-json\/wp\/v2\/comments?post=37810"}],"wp:attachment":[{"href":"https:\/\/nordicmart.andreevmaster.com\/fi\/wp-json\/wp\/v2\/media?parent=37810"}],"wp:term":[{"taxonomy":"product_brand","embeddable":true,"href":"https:\/\/nordicmart.andreevmaster.com\/fi\/wp-json\/wp\/v2\/product_brand?post=37810"},{"taxonomy":"product_cat","embeddable":true,"href":"https:\/\/nordicmart.andreevmaster.com\/fi\/wp-json\/wp\/v2\/product_cat?post=37810"},{"taxonomy":"product_tag","embeddable":true,"href":"https:\/\/nordicmart.andreevmaster.com\/fi\/wp-json\/wp\/v2\/product_tag?post=37810"}],"curies":[{"name":"wp","href":"https:\/\/api.w.org\/{rel}","templated":true}]}}