{"id":37807,"date":"2026-02-27T00:40:59","date_gmt":"2026-02-27T00:40:59","guid":{"rendered":"https:\/\/nordicmart.andreevmaster.com\/product\/songmics-vaateripustin-jossa-sateenvarjoteline-ja-12-koukkua-helmenvalkoinen\/"},"modified":"2026-02-27T09:57:13","modified_gmt":"2026-02-27T09:57:13","slug":"songmics-vaateripustin-jossa-sateenvarjoteline-ja-12-koukkua-helmenvalkoinen","status":"publish","type":"product","link":"https:\/\/nordicmart.andreevmaster.com\/fi\/tuote\/songmics-vaateripustin-jossa-sateenvarjoteline-ja-12-koukkua-helmenvalkoinen\/","title":{"rendered":"SONGMICS vaateripustin, jossa sateenvarjoteline ja 12 koukkua, helmenvalkoinen"},"content":{"rendered":"<p>SONGMICS vapaasti seisova vaateteline, vaateripustin ja sateenvarjotelineen, 12 koukkua, metalli, korkeus 175 cm, eteiseen, k\u00e4yt\u00e4v\u00e4\u00e4n, olohuoneeseen, makuuhuoneeseen<br \/>\nV\u00e4ri: helmenvalkoinen<br \/>\nMateriaali: metalli<br \/>\nKoko: 40 x 40 x 175 cm (S x L x K)<br \/>\nPaino: 3,7 kg<br \/>\nMaks. staattinen kantavuus koukkua kohti: 4 kg<br \/>\nMaks. staattinen kokonaiskuormitus: 15 kg<\/p>\n","protected":false},"excerpt":{"rendered":"<p>SONGMICS vapaasti seisova vaateteline, vaateripustin ja sateenvarjotelineen, 12 koukkua, metalli, korkeus 175 cm, eteiseen, k\u00e4yt\u00e4v\u00e4\u00e4n, olohuoneeseen, makuuhuoneeseen<\/p>\n","protected":false},"featured_media":0,"comment_status":"open","ping_status":"closed","template":"","meta":[],"product_brand":[],"product_cat":[32],"product_tag":[],"class_list":{"0":"post-37807","1":"product","2":"type-product","3":"status-publish","5":"product_cat-uncategorized-fi","7":"first","8":"instock","9":"shipping-taxable","10":"purchasable","11":"product-type-simple"},"_links":{"self":[{"href":"https:\/\/nordicmart.andreevmaster.com\/fi\/wp-json\/wp\/v2\/product\/37807","targetHints":{"allow":["GET"]}}],"collection":[{"href":"https:\/\/nordicmart.andreevmaster.com\/fi\/wp-json\/wp\/v2\/product"}],"about":[{"href":"https:\/\/nordicmart.andreevmaster.com\/fi\/wp-json\/wp\/v2\/types\/product"}],"replies":[{"embeddable":true,"href":"https:\/\/nordicmart.andreevmaster.com\/fi\/wp-json\/wp\/v2\/comments?post=37807"}],"wp:attachment":[{"href":"https:\/\/nordicmart.andreevmaster.com\/fi\/wp-json\/wp\/v2\/media?parent=37807"}],"wp:term":[{"taxonomy":"product_brand","embeddable":true,"href":"https:\/\/nordicmart.andreevmaster.com\/fi\/wp-json\/wp\/v2\/product_brand?post=37807"},{"taxonomy":"product_cat","embeddable":true,"href":"https:\/\/nordicmart.andreevmaster.com\/fi\/wp-json\/wp\/v2\/product_cat?post=37807"},{"taxonomy":"product_tag","embeddable":true,"href":"https:\/\/nordicmart.andreevmaster.com\/fi\/wp-json\/wp\/v2\/product_tag?post=37807"}],"curies":[{"name":"wp","href":"https:\/\/api.w.org\/{rel}","templated":true}]}}