{"id":37805,"date":"2026-02-27T00:40:58","date_gmt":"2026-02-27T00:40:58","guid":{"rendered":"https:\/\/nordicmart.andreevmaster.com\/product\/vasagle-vaateripustin-valkoinen\/"},"modified":"2026-02-27T09:57:13","modified_gmt":"2026-02-27T09:57:13","slug":"vasagle-vaateripustin-valkoinen","status":"publish","type":"product","link":"https:\/\/nordicmart.andreevmaster.com\/fi\/tuote\/vasagle-vaateripustin-valkoinen\/","title":{"rendered":"VASAGLE vaateripustin valkoinen"},"content":{"rendered":"<p>Aplodit t\u00e4lle arjen apulaiselle T\u00e4m\u00e4n vaatekaapin (30 x 30 x 175 cm) avulla voit s\u00e4ilytt\u00e4\u00e4 esineit\u00e4, joita tarvitset l\u00e4htiess\u00e4si kotoa, k\u00e4den ulottuvilla. Siivoa vaatekasat sohvalta, ripusta ne siististi vaatekaappiin ja muuta asuntosi j\u00e4lleen viihtyis\u00e4ksi! Ripaus raikkautta T\u00e4m\u00e4 valkoinen vaatekaappi tuo modernin ilmeen eteiseen, makuuhuoneeseen tai toimistoon. Vaatteesi, hatut, laukut ja jopa sateenvarjot mahtuvat t\u00e4ydellisesti koukkuihin. Tuotetiedot: &#8211; V\u00e4ri: valkoinen &#8211; Materiaali: kumipuu (teline ja koukut), MDF (keskitihe\u00e4 kuitulevy) (jalusta) &#8211; Koko: 30 x 30 x 175 cm (P x L x K) &#8211; Paino: 3,9 kg &#8211; Maks. staattinen kokonaiskuormitus: 20 kg Toimitus sis\u00e4lt\u00e4\u00e4:- 1 x vaatekaappi &#8211; 1 x ohjeet (DE, EN, FR, ES, IT) VASAGLE-ohjeet: &#8211; \u00c4l\u00e4 altista tuotetta suoralle auringonvalolle pitk\u00e4ksi aikaa. &#8211; Ripusta tavarat niin, ett\u00e4 paino jakautuu tasaisesti, jotta tuote ei kaadu.<\/p>\n","protected":false},"excerpt":{"rendered":"<p>VASAGLE vaatekaappi, vaateteline, massiivipuuta, vapaasti seisova, puun muotoinen, 8 koukkua takkeja, hattuja, laukkuja varten, eteinen, k\u00e4yt\u00e4v\u00e4, koukut ja tukitanko kumipuuta, valkoinen RCR010W02<\/p>\n","protected":false},"featured_media":45654,"comment_status":"open","ping_status":"closed","template":"","meta":[],"product_brand":[],"product_cat":[32],"product_tag":[],"class_list":{"0":"post-37805","1":"product","2":"type-product","3":"status-publish","4":"has-post-thumbnail","6":"product_cat-uncategorized-fi","8":"first","9":"instock","10":"shipping-taxable","11":"purchasable","12":"product-type-simple"},"_links":{"self":[{"href":"https:\/\/nordicmart.andreevmaster.com\/fi\/wp-json\/wp\/v2\/product\/37805","targetHints":{"allow":["GET"]}}],"collection":[{"href":"https:\/\/nordicmart.andreevmaster.com\/fi\/wp-json\/wp\/v2\/product"}],"about":[{"href":"https:\/\/nordicmart.andreevmaster.com\/fi\/wp-json\/wp\/v2\/types\/product"}],"replies":[{"embeddable":true,"href":"https:\/\/nordicmart.andreevmaster.com\/fi\/wp-json\/wp\/v2\/comments?post=37805"}],"wp:featuredmedia":[{"embeddable":true,"href":"https:\/\/nordicmart.andreevmaster.com\/fi\/wp-json\/wp\/v2\/media\/45654"}],"wp:attachment":[{"href":"https:\/\/nordicmart.andreevmaster.com\/fi\/wp-json\/wp\/v2\/media?parent=37805"}],"wp:term":[{"taxonomy":"product_brand","embeddable":true,"href":"https:\/\/nordicmart.andreevmaster.com\/fi\/wp-json\/wp\/v2\/product_brand?post=37805"},{"taxonomy":"product_cat","embeddable":true,"href":"https:\/\/nordicmart.andreevmaster.com\/fi\/wp-json\/wp\/v2\/product_cat?post=37805"},{"taxonomy":"product_tag","embeddable":true,"href":"https:\/\/nordicmart.andreevmaster.com\/fi\/wp-json\/wp\/v2\/product_tag?post=37805"}],"curies":[{"name":"wp","href":"https:\/\/api.w.org\/{rel}","templated":true}]}}