{"id":37801,"date":"2026-02-27T00:40:57","date_gmt":"2026-02-27T00:40:57","guid":{"rendered":"https:\/\/nordicmart.andreevmaster.com\/product\/vasagle-vaateripustin-puumalli-8-koukkua-pilvinen-valkoinen\/"},"modified":"2026-02-27T09:57:12","modified_gmt":"2026-02-27T09:57:12","slug":"vasagle-vaateripustin-puumalli-8-koukkua-pilvinen-valkoinen","status":"publish","type":"product","link":"https:\/\/nordicmart.andreevmaster.com\/fi\/tuote\/vasagle-vaateripustin-puumalli-8-koukkua-pilvinen-valkoinen\/","title":{"rendered":"VASAGLE vaateripustin puumalli 8 koukkua pilvinen valkoinen"},"content":{"rendered":"<p>VASAGLE vaatekaappi, vaateteline, massiivipuuta, vapaasti seisova, puun muotoinen, 8 koukkua takkeja, hattuja, laukkuja varten, eteinen, k\u00e4yt\u00e4v\u00e4, koukut ja tukitanko kumipuuta, valkoinen RCR010W02<\/p>\n<p>V\u00e4ri: musta<br \/>\nMateriaali: kumipuu (teline ja koukut), MDF (keskitihe\u00e4 kuitulevy) (jalusta)<br \/>\nKoko: 30 x 30 x 175 cm (S x L x K)<br \/>\nPaino: 3,9 kg<br \/>\nMaks. staattinen kokonaiskuormitus: 24 kg<\/p>\n","protected":false},"excerpt":{"rendered":"<p>VASAGLE vaatekaappi, vaateteline, massiivipuuta, vapaasti seisova, puun muotoinen, 8 koukkua takkeja, hattuja, laukkuja varten, eteinen, k\u00e4yt\u00e4v\u00e4, koukut ja tukitanko kumipuuta, valkoinen RCR010W02<\/p>\n","protected":false},"featured_media":45650,"comment_status":"open","ping_status":"closed","template":"","meta":[],"product_brand":[],"product_cat":[32],"product_tag":[],"class_list":{"0":"post-37801","1":"product","2":"type-product","3":"status-publish","4":"has-post-thumbnail","6":"product_cat-uncategorized-fi","8":"first","9":"instock","10":"shipping-taxable","11":"purchasable","12":"product-type-simple"},"_links":{"self":[{"href":"https:\/\/nordicmart.andreevmaster.com\/fi\/wp-json\/wp\/v2\/product\/37801","targetHints":{"allow":["GET"]}}],"collection":[{"href":"https:\/\/nordicmart.andreevmaster.com\/fi\/wp-json\/wp\/v2\/product"}],"about":[{"href":"https:\/\/nordicmart.andreevmaster.com\/fi\/wp-json\/wp\/v2\/types\/product"}],"replies":[{"embeddable":true,"href":"https:\/\/nordicmart.andreevmaster.com\/fi\/wp-json\/wp\/v2\/comments?post=37801"}],"wp:featuredmedia":[{"embeddable":true,"href":"https:\/\/nordicmart.andreevmaster.com\/fi\/wp-json\/wp\/v2\/media\/45650"}],"wp:attachment":[{"href":"https:\/\/nordicmart.andreevmaster.com\/fi\/wp-json\/wp\/v2\/media?parent=37801"}],"wp:term":[{"taxonomy":"product_brand","embeddable":true,"href":"https:\/\/nordicmart.andreevmaster.com\/fi\/wp-json\/wp\/v2\/product_brand?post=37801"},{"taxonomy":"product_cat","embeddable":true,"href":"https:\/\/nordicmart.andreevmaster.com\/fi\/wp-json\/wp\/v2\/product_cat?post=37801"},{"taxonomy":"product_tag","embeddable":true,"href":"https:\/\/nordicmart.andreevmaster.com\/fi\/wp-json\/wp\/v2\/product_tag?post=37801"}],"curies":[{"name":"wp","href":"https:\/\/api.w.org\/{rel}","templated":true}]}}