{"id":37800,"date":"2026-02-27T00:40:57","date_gmt":"2026-02-27T00:40:57","guid":{"rendered":"https:\/\/nordicmart.andreevmaster.com\/product\/vasagle-puinen-vaatekaappi\/"},"modified":"2026-02-27T09:57:12","modified_gmt":"2026-02-27T09:57:12","slug":"vasagle-puinen-vaatekaappi","status":"publish","type":"product","link":"https:\/\/nordicmart.andreevmaster.com\/fi\/tuote\/vasagle-puinen-vaatekaappi\/","title":{"rendered":"VASAGLE puinen vaatekaappi"},"content":{"rendered":"<p>VASAGLE vaateripustin, vaateripustin massiivipuusta, puumainen vaateripustin, 7 koukkua, 3 s\u00e4\u00e4dett\u00e4v\u00e4\u00e4 korkeutta, takkeja, p\u00e4\u00e4llystakkeja, laukkuja varten, eteiseen, makuuhuoneeseen, valkoinen RCR07WT<br \/>\nV\u00e4ri: musta<br \/>\nMateriaali: kumipuu (teline ja koukut), MDF (keskitihe\u00e4 kuitulevy) (py\u00f6re\u00e4 jalusta)<br \/>\nKoko: 38 x 175 cm (\u00d8 x K)<br \/>\nYksitt\u00e4isten koukkujen pituus: 12,5 cm<br \/>\nPaino: 3,3 kg<br \/>\nKoukkujen maks. staattinen kantavuus: 5 kg<br \/>\nMaks. staattinen kokonaiskuormitus: 20 kg<\/p>\n","protected":false},"excerpt":{"rendered":"<p>VASAGLE vaateripustin, vaateripustin massiivipuusta, puumainen vaateripustin, 7 koukkua, 3 s\u00e4\u00e4dett\u00e4v\u00e4\u00e4 korkeutta, takkeja, p\u00e4\u00e4llystakkeja, laukkuja varten, eteiseen, makuuhuoneeseen, valkoinen RCR07WT<\/p>\n","protected":false},"featured_media":0,"comment_status":"open","ping_status":"closed","template":"","meta":[],"product_brand":[],"product_cat":[32],"product_tag":[],"class_list":{"0":"post-37800","1":"product","2":"type-product","3":"status-publish","5":"product_cat-uncategorized-fi","7":"first","8":"instock","9":"shipping-taxable","10":"purchasable","11":"product-type-simple"},"_links":{"self":[{"href":"https:\/\/nordicmart.andreevmaster.com\/fi\/wp-json\/wp\/v2\/product\/37800","targetHints":{"allow":["GET"]}}],"collection":[{"href":"https:\/\/nordicmart.andreevmaster.com\/fi\/wp-json\/wp\/v2\/product"}],"about":[{"href":"https:\/\/nordicmart.andreevmaster.com\/fi\/wp-json\/wp\/v2\/types\/product"}],"replies":[{"embeddable":true,"href":"https:\/\/nordicmart.andreevmaster.com\/fi\/wp-json\/wp\/v2\/comments?post=37800"}],"wp:attachment":[{"href":"https:\/\/nordicmart.andreevmaster.com\/fi\/wp-json\/wp\/v2\/media?parent=37800"}],"wp:term":[{"taxonomy":"product_brand","embeddable":true,"href":"https:\/\/nordicmart.andreevmaster.com\/fi\/wp-json\/wp\/v2\/product_brand?post=37800"},{"taxonomy":"product_cat","embeddable":true,"href":"https:\/\/nordicmart.andreevmaster.com\/fi\/wp-json\/wp\/v2\/product_cat?post=37800"},{"taxonomy":"product_tag","embeddable":true,"href":"https:\/\/nordicmart.andreevmaster.com\/fi\/wp-json\/wp\/v2\/product_tag?post=37800"}],"curies":[{"name":"wp","href":"https:\/\/api.w.org\/{rel}","templated":true}]}}