{"id":37799,"date":"2026-02-27T00:40:57","date_gmt":"2026-02-27T00:40:57","guid":{"rendered":"https:\/\/nordicmart.andreevmaster.com\/product\/vasagle-b0d926mv74-puumuotoinen-vaateripustin-3-saadettavaa-korkeutta-pastellinvaaleanpunainen\/"},"modified":"2026-02-27T09:57:11","modified_gmt":"2026-02-27T09:57:11","slug":"vasagle-b0d926mv74-puumuotoinen-vaateripustin-3-saadettavaa-korkeutta-pastellinvaaleanpunainen","status":"publish","type":"product","link":"https:\/\/nordicmart.andreevmaster.com\/fi\/tuote\/vasagle-b0d926mv74-puumuotoinen-vaateripustin-3-saadettavaa-korkeutta-pastellinvaaleanpunainen\/","title":{"rendered":"VASAGLE B0D926MV74    Puumuotoinen vaateripustin, 3 s\u00e4\u00e4dett\u00e4v\u00e4\u00e4 korkeutta, pastellinvaaleanpunainen"},"content":{"rendered":"<p>VASAGLE vaateteline, vapaasti seisova vaateteline, vaateteline massiivipuusta, puun muotoinen, 8 koukulla, vaatteille, hattuille, laukkuille, eteiseen, sis\u00e4\u00e4nk\u00e4yntialueelle, valkoinen RCR04WT<br \/>\nV\u00e4ri: pastellinpunainen<br \/>\nMateriaali: massiivipuu<br \/>\nKoko: 47 x 47 x 175 cm (S x L x K)<br \/>\nYksitt\u00e4isten koukkujen pituus: 12,3 cm<br \/>\nPaino: 2,2 kg<br \/>\nMaks. staattinen kokonaiskuormitus: 24 kg<\/p>\n","protected":false},"excerpt":{"rendered":"<p>VASAGLE vaateteline, vapaasti seisova vaateteline, vaateteline massiivipuusta, puun muotoinen, 8 koukulla, vaatteille, hattuille, laukkuille, eteiseen, sis\u00e4\u00e4nk\u00e4yntialueelle, valkoinen RCR04WT<\/p>\n","protected":false},"featured_media":45649,"comment_status":"open","ping_status":"closed","template":"","meta":[],"product_brand":[],"product_cat":[32],"product_tag":[],"class_list":{"0":"post-37799","1":"product","2":"type-product","3":"status-publish","4":"has-post-thumbnail","6":"product_cat-uncategorized-fi","8":"first","9":"instock","10":"shipping-taxable","11":"purchasable","12":"product-type-simple"},"_links":{"self":[{"href":"https:\/\/nordicmart.andreevmaster.com\/fi\/wp-json\/wp\/v2\/product\/37799","targetHints":{"allow":["GET"]}}],"collection":[{"href":"https:\/\/nordicmart.andreevmaster.com\/fi\/wp-json\/wp\/v2\/product"}],"about":[{"href":"https:\/\/nordicmart.andreevmaster.com\/fi\/wp-json\/wp\/v2\/types\/product"}],"replies":[{"embeddable":true,"href":"https:\/\/nordicmart.andreevmaster.com\/fi\/wp-json\/wp\/v2\/comments?post=37799"}],"wp:featuredmedia":[{"embeddable":true,"href":"https:\/\/nordicmart.andreevmaster.com\/fi\/wp-json\/wp\/v2\/media\/45649"}],"wp:attachment":[{"href":"https:\/\/nordicmart.andreevmaster.com\/fi\/wp-json\/wp\/v2\/media?parent=37799"}],"wp:term":[{"taxonomy":"product_brand","embeddable":true,"href":"https:\/\/nordicmart.andreevmaster.com\/fi\/wp-json\/wp\/v2\/product_brand?post=37799"},{"taxonomy":"product_cat","embeddable":true,"href":"https:\/\/nordicmart.andreevmaster.com\/fi\/wp-json\/wp\/v2\/product_cat?post=37799"},{"taxonomy":"product_tag","embeddable":true,"href":"https:\/\/nordicmart.andreevmaster.com\/fi\/wp-json\/wp\/v2\/product_tag?post=37799"}],"curies":[{"name":"wp","href":"https:\/\/api.w.org\/{rel}","templated":true}]}}