{"id":37796,"date":"2026-02-27T00:40:55","date_gmt":"2026-02-27T00:40:55","guid":{"rendered":"https:\/\/nordicmart.andreevmaster.com\/product\/vasagle-vaateripustin-harmaa\/"},"modified":"2026-02-27T09:57:11","modified_gmt":"2026-02-27T09:57:11","slug":"vasagle-vaateripustin-harmaa","status":"publish","type":"product","link":"https:\/\/nordicmart.andreevmaster.com\/fi\/tuote\/vasagle-vaateripustin-harmaa\/","title":{"rendered":"VASAGLE vaateripustin, harmaa"},"content":{"rendered":"<p>T\u00e4m\u00e4 vapaasti seisova vaatekaappi on juuri se, mit\u00e4 sinun onni tarvitsee Siisti koti tekee yksinkertaisesti onnelliseksi. Hanki t\u00e4m\u00e4 VASAGLE-vaatekaappi ja ota ensimm\u00e4inen askel kohti onnellisempaa kotia. Siivoa vaatekasat sohvalta ja muuta asuntosi j\u00e4lleen viihtyis\u00e4ksi. T\u00e4m\u00e4n vaatekaapin kohokohdat yhdell\u00e4 silm\u00e4yksell\u00e4: &#8211; Kolmijalkainen jalusta tukee vaatekaappia, joten se on vakaa eik\u00e4 kaadu, kun ripustat takkisi koukkuun. Se on my\u00f6s eritt\u00e4in kest\u00e4v\u00e4 ja pitk\u00e4ik\u00e4inen. &#8211; K\u00e4yt\u00f6ss\u00e4si on 8 koukkua, joissa on py\u00f6ristetyt p\u00e4\u00e4t ja joihin voit ripustaa vaatteet, laukut ja muut tavarat k\u00e4tev\u00e4sti saataville ja siististi. &#8211; Asennus ei aiheuta p\u00e4\u00e4nvaivaa: t\u00e4m\u00e4n vaatekaapin kokoaminen on lastenleikki\u00e4! Tuotetiedot: &#8211; V\u00e4ri: harmaa &#8211; Materiaali: kumipuu &#8211; Koko: 47 x 47 x 175 cm (P x L x K) &#8211; Koukun pituus: 12,3 cm &#8211; Paino: 2,2 kg &#8211; Koukun maks. staattinen kantavuus: 5 kg &#8211; Maks. staattinen kokonaiskantavuus: 15 kg Toimitus sis\u00e4lt\u00e4\u00e4:- 1 x vaatekaappi &#8211; 1 x ohjeet (DE, EN, FR, ES, IT) VASAGLE-ohjeet: &#8211; \u00c4l\u00e4 altista tuotetta suoralle auringonvalolle pitk\u00e4ksi aikaa.<\/p>\n","protected":false},"excerpt":{"rendered":"<p>VASAGLE vaateteline, vapaasti seisova vaateteline, vaateteline massiivipuusta, puun muotoinen, 8 koukulla, vaatteille, hattuille, laukkuille, eteiseen, sis\u00e4\u00e4nk\u00e4yntialueelle, valkoinen RCR04WT<\/p>\n","protected":false},"featured_media":0,"comment_status":"open","ping_status":"closed","template":"","meta":[],"product_brand":[],"product_cat":[32],"product_tag":[],"class_list":{"0":"post-37796","1":"product","2":"type-product","3":"status-publish","5":"product_cat-uncategorized-fi","7":"first","8":"instock","9":"shipping-taxable","10":"purchasable","11":"product-type-simple"},"_links":{"self":[{"href":"https:\/\/nordicmart.andreevmaster.com\/fi\/wp-json\/wp\/v2\/product\/37796","targetHints":{"allow":["GET"]}}],"collection":[{"href":"https:\/\/nordicmart.andreevmaster.com\/fi\/wp-json\/wp\/v2\/product"}],"about":[{"href":"https:\/\/nordicmart.andreevmaster.com\/fi\/wp-json\/wp\/v2\/types\/product"}],"replies":[{"embeddable":true,"href":"https:\/\/nordicmart.andreevmaster.com\/fi\/wp-json\/wp\/v2\/comments?post=37796"}],"wp:attachment":[{"href":"https:\/\/nordicmart.andreevmaster.com\/fi\/wp-json\/wp\/v2\/media?parent=37796"}],"wp:term":[{"taxonomy":"product_brand","embeddable":true,"href":"https:\/\/nordicmart.andreevmaster.com\/fi\/wp-json\/wp\/v2\/product_brand?post=37796"},{"taxonomy":"product_cat","embeddable":true,"href":"https:\/\/nordicmart.andreevmaster.com\/fi\/wp-json\/wp\/v2\/product_cat?post=37796"},{"taxonomy":"product_tag","embeddable":true,"href":"https:\/\/nordicmart.andreevmaster.com\/fi\/wp-json\/wp\/v2\/product_tag?post=37796"}],"curies":[{"name":"wp","href":"https:\/\/api.w.org\/{rel}","templated":true}]}}