{"id":37794,"date":"2026-02-27T00:40:55","date_gmt":"2026-02-27T00:40:55","guid":{"rendered":"https:\/\/nordicmart.andreevmaster.com\/product\/vasagle-vaateripustin-tammivari\/"},"modified":"2026-02-27T09:57:10","modified_gmt":"2026-02-27T09:57:10","slug":"vasagle-vaateripustin-tammivari","status":"publish","type":"product","link":"https:\/\/nordicmart.andreevmaster.com\/fi\/tuote\/vasagle-vaateripustin-tammivari\/","title":{"rendered":"VASAGLE vaateripustin tammiv\u00e4ri"},"content":{"rendered":"<p>T\u00e4m\u00e4 vapaasti seisova vaatekaappi on juuri se, mit\u00e4 sinun onni tarvitsee Siisti koti tekee yksinkertaisesti onnelliseksi. Hanki t\u00e4m\u00e4 VASAGLE-vaatekaappi ja ota ensimm\u00e4inen askel kohti onnellisempaa kotia. Siivoa vaatekasat sohvalta ja muuta asuntosi j\u00e4lleen viihtyis\u00e4ksi. T\u00e4m\u00e4n vaatekaapin kohokohdat yhdell\u00e4 silm\u00e4yksell\u00e4: &#8211; Kolmen jalan tukemana t\u00e4m\u00e4 vaatekaappi on vakaa eik\u00e4 kaadu, kun ripustat takkisi koukkuun. Se on my\u00f6s eritt\u00e4in kest\u00e4v\u00e4 ja pitk\u00e4ik\u00e4inen. &#8211; K\u00e4yt\u00f6ss\u00e4si on 11 koukkua, joissa on py\u00f6ristetyt p\u00e4\u00e4t ja joihin voit ripustaa vaatteet, laukut ja muut tavarat k\u00e4tev\u00e4sti saataville ja siististi. &#8211; Asennus ei aiheuta p\u00e4\u00e4nvaivaa: t\u00e4m\u00e4n vaatekaapin kokoaminen on lastenleikki\u00e4! Tuotetiedot:- V\u00e4ri: tammenv\u00e4rinen &#8211; Materiaali: kumipuu &#8211; Koko: 57 x 57 x 172 cm (P x L x K) &#8211; Koukun pituus: 13 cm &#8211; Paino: 3,4 kg &#8211; Koukun maks. staattinen kantavuus: 5 kg &#8211; Maks. staattinen kokonaiskantavuus: 15 kg Toimitus sis\u00e4lt\u00e4\u00e4:- 1 x vaatekaappi &#8211; 1 x ohjeet (DE, EN, FR, ES, IT) VASAGLE-ohjeet: &#8211; \u00c4l\u00e4 altista tuotetta suoralle auringonvalolle pitk\u00e4ksi aikaa. &#8211; Tekstiss\u00e4 mainittu maks. kantavuus viittaa staattiseen maksimipainoon.<\/p>\n","protected":false},"excerpt":{"rendered":"<p>VASAGLE vaatekaappi, vaateripustin 11 koukulla, vapaasti seisova puumainen vaatekaappi, massiivipuuta, vaatteille, hattuille, laukkuille, tammiv\u00e4ri RCR002R01<\/p>\n","protected":false},"featured_media":45645,"comment_status":"open","ping_status":"closed","template":"","meta":[],"product_brand":[],"product_cat":[32],"product_tag":[],"class_list":{"0":"post-37794","1":"product","2":"type-product","3":"status-publish","4":"has-post-thumbnail","6":"product_cat-uncategorized-fi","8":"first","9":"instock","10":"shipping-taxable","11":"purchasable","12":"product-type-simple"},"_links":{"self":[{"href":"https:\/\/nordicmart.andreevmaster.com\/fi\/wp-json\/wp\/v2\/product\/37794","targetHints":{"allow":["GET"]}}],"collection":[{"href":"https:\/\/nordicmart.andreevmaster.com\/fi\/wp-json\/wp\/v2\/product"}],"about":[{"href":"https:\/\/nordicmart.andreevmaster.com\/fi\/wp-json\/wp\/v2\/types\/product"}],"replies":[{"embeddable":true,"href":"https:\/\/nordicmart.andreevmaster.com\/fi\/wp-json\/wp\/v2\/comments?post=37794"}],"wp:featuredmedia":[{"embeddable":true,"href":"https:\/\/nordicmart.andreevmaster.com\/fi\/wp-json\/wp\/v2\/media\/45645"}],"wp:attachment":[{"href":"https:\/\/nordicmart.andreevmaster.com\/fi\/wp-json\/wp\/v2\/media?parent=37794"}],"wp:term":[{"taxonomy":"product_brand","embeddable":true,"href":"https:\/\/nordicmart.andreevmaster.com\/fi\/wp-json\/wp\/v2\/product_brand?post=37794"},{"taxonomy":"product_cat","embeddable":true,"href":"https:\/\/nordicmart.andreevmaster.com\/fi\/wp-json\/wp\/v2\/product_cat?post=37794"},{"taxonomy":"product_tag","embeddable":true,"href":"https:\/\/nordicmart.andreevmaster.com\/fi\/wp-json\/wp\/v2\/product_tag?post=37794"}],"curies":[{"name":"wp","href":"https:\/\/api.w.org\/{rel}","templated":true}]}}