{"id":37792,"date":"2026-02-27T00:40:54","date_gmt":"2026-02-27T00:40:54","guid":{"rendered":"https:\/\/nordicmart.andreevmaster.com\/product\/songmics-varikkaat-sailytyslaatikot-3-kpl\/"},"modified":"2026-02-27T09:57:10","modified_gmt":"2026-02-27T09:57:10","slug":"songmics-varikkaat-sailytyslaatikot-3-kpl","status":"publish","type":"product","link":"https:\/\/nordicmart.andreevmaster.com\/fi\/tuote\/songmics-varikkaat-sailytyslaatikot-3-kpl\/","title":{"rendered":"SONGMICS V\u00e4rikk\u00e4\u00e4t s\u00e4ilytyslaatikot, 3 kpl"},"content":{"rendered":"<p>Eri v\u00e4reiss\u00e4: Puuttuuko lastenhuoneesta s\u00e4ilytystilaa? Kokeile n\u00e4it\u00e4 3 v\u00e4rikk\u00e4it\u00e4 s\u00e4ilytyslaatikoita SONGMICS:lt\u00e4! El\u00e4v\u00e4t v\u00e4rit, k\u00e4yt\u00e4nn\u00f6llinen muotoilu \u2013 n\u00e4m\u00e4 laatikot auttavat lapsia pit\u00e4m\u00e4\u00e4n tavaransa j\u00e4rjestyksess\u00e4 ja kannustavat heit\u00e4 siivoamaan. Pinottavat: N\u00e4m\u00e4 laatikot voidaan pinota p\u00e4\u00e4llekk\u00e4in, jotta ne viev\u00e4t v\u00e4hemm\u00e4n tilaa asunnossasi. Sijoita ne kaappiin, sohvan tai s\u00e4ngyn viereen, jotta vaatteet, lelut, kirjat, keng\u00e4t tai laukut pysyv\u00e4t siististi paikoillaan.Vakaa pinottuina: Jokaisen laatikon sis\u00e4ll\u00e4 on tukeva metallirunko, joka takaa hyv\u00e4n vakauden pinottaessa; lis\u00e4ksi yl\u00e4osa on varustettu tarranauhoilla, jotka est\u00e4v\u00e4t tahattoman liukumisen.Taitettava: Kun laatikoita ei k\u00e4ytet\u00e4, ne voidaan taittaa kokoon ja ty\u00f6nt\u00e4\u00e4 s\u00e4ngyn alle. Tuotetiedot: V\u00e4ri: sininen, oranssi, keltainen Materiaali: kuitukangas, jossa on pellavankaltainen tekstuuri, rautakehys, pahvi, 600D Oxford-kangas Koko: 38 x 35 x 25 cm (P x L x K) Paino per laatikko: 3 kg Maks. staattinen kantavuus per laatikko: 10 kg Toimitus sis\u00e4lt\u00e4\u00e4: 3 x s\u00e4ilytyslaatikko (1 sininen, 1 oranssi, 1 keltainen) 1 x ohjeet (DE, EN, FR, ES, IT) SONGMICS Huomautukset:\u00c4l\u00e4 pese tuotetta suoraan vedell\u00e4. Pyyhi se kostealla liinalla lian poistamiseksi. Tuote saattaa tuoksua hieman avattaessa. Siirr\u00e4 se t\u00e4ll\u00f6in hyvin ilmastoituun paikkaan. Tuoksu h\u00e4vi\u00e4\u00e4 pian.<\/p>\n","protected":false},"excerpt":{"rendered":"<p>SONGMICS s\u00e4ilytyslaatikot, 3 kpl, taitettavat laatikot magneettisella kansilla, pinottavat kangaslaatikot metallikehyksell\u00e4 ja kahvoilla, leluille ja vaatteille, sininen, oranssi, keltainen RCLB03G<\/p>\n","protected":false},"featured_media":45643,"comment_status":"open","ping_status":"closed","template":"","meta":[],"product_brand":[],"product_cat":[32],"product_tag":[],"class_list":{"0":"post-37792","1":"product","2":"type-product","3":"status-publish","4":"has-post-thumbnail","6":"product_cat-uncategorized-fi","8":"first","9":"instock","10":"shipping-taxable","11":"purchasable","12":"product-type-simple"},"_links":{"self":[{"href":"https:\/\/nordicmart.andreevmaster.com\/fi\/wp-json\/wp\/v2\/product\/37792","targetHints":{"allow":["GET"]}}],"collection":[{"href":"https:\/\/nordicmart.andreevmaster.com\/fi\/wp-json\/wp\/v2\/product"}],"about":[{"href":"https:\/\/nordicmart.andreevmaster.com\/fi\/wp-json\/wp\/v2\/types\/product"}],"replies":[{"embeddable":true,"href":"https:\/\/nordicmart.andreevmaster.com\/fi\/wp-json\/wp\/v2\/comments?post=37792"}],"wp:featuredmedia":[{"embeddable":true,"href":"https:\/\/nordicmart.andreevmaster.com\/fi\/wp-json\/wp\/v2\/media\/45643"}],"wp:attachment":[{"href":"https:\/\/nordicmart.andreevmaster.com\/fi\/wp-json\/wp\/v2\/media?parent=37792"}],"wp:term":[{"taxonomy":"product_brand","embeddable":true,"href":"https:\/\/nordicmart.andreevmaster.com\/fi\/wp-json\/wp\/v2\/product_brand?post=37792"},{"taxonomy":"product_cat","embeddable":true,"href":"https:\/\/nordicmart.andreevmaster.com\/fi\/wp-json\/wp\/v2\/product_cat?post=37792"},{"taxonomy":"product_tag","embeddable":true,"href":"https:\/\/nordicmart.andreevmaster.com\/fi\/wp-json\/wp\/v2\/product_tag?post=37792"}],"curies":[{"name":"wp","href":"https:\/\/api.w.org\/{rel}","templated":true}]}}