{"id":37791,"date":"2026-02-27T00:40:54","date_gmt":"2026-02-27T00:40:54","guid":{"rendered":"https:\/\/nordicmart.andreevmaster.com\/product\/songmics-ripustettava-sailytyslaatikko-2-laatikkoa-harmaa\/"},"modified":"2026-02-27T09:57:10","modified_gmt":"2026-02-27T09:57:10","slug":"songmics-ripustettava-sailytyslaatikko-2-laatikkoa-harmaa","status":"publish","type":"product","link":"https:\/\/nordicmart.andreevmaster.com\/fi\/tuote\/songmics-ripustettava-sailytyslaatikko-2-laatikkoa-harmaa\/","title":{"rendered":"SONGMICS ripustettava s\u00e4ilytyslaatikko, 2 laatikkoa, harmaa"},"content":{"rendered":"<p>\u00c4rsytt\u00e4\u00e4k\u00f6 sinua, ett\u00e4 siististi taitettu vaatepino kaatuu, kun etsit tarvitsemiasi vaatteita? Otatko hienot neulevaatteesi henkarista ja huomaat yht\u00e4kki\u00e4, ett\u00e4 vaatteissa on rumia kolhuja? Meill\u00e4 on sinulle salainen ase \u2013 SONGMICS-ripustettava s\u00e4ilytysj\u00e4rjestelm\u00e4! Sen avulla voit s\u00e4ilytt\u00e4\u00e4 vaatteesi, kenk\u00e4si jne. siististi ja ripustaa ne tankoon. Se voi piiloutua vaatekaappiisi: avaa vain kaapin ovi ja ota nopeasti tarvitsemasi tavarat! 5 ison lokeron ja 2 irrotettavan laatikon ansiosta s\u00e4ilytysj\u00e4rjestelm\u00e4 muuttaa vapaan tilan s\u00e4ilytystilaksi. Lis\u00e4ksi harmaa v\u00e4ri sopii kaikkialle. Lastenhuoneessa lelut, lastenvaatteet jne. voidaan s\u00e4ilytt\u00e4\u00e4 siististi; ripusta j\u00e4rjestelij\u00e4 vaateripustimeen, jotta saat enemm\u00e4n tilaa tavaroiden s\u00e4ilytt\u00e4miseen; asuntovaunussa se helpottaa pikkutavaroiden saatavuutta. SONGMICS on ottanut teht\u00e4v\u00e4kseen tarjota korkealaatuisia tuotteita ja helpottaa jokap\u00e4iv\u00e4ist\u00e4 el\u00e4m\u00e4\u00e4si! Tuotetiedot:V\u00e4ri: harmaa, musta Materiaali: sekoitekangas (teryleeni\/puuvilla), pahvi, ter\u00e4sputket, 80 g\/m2 kuitukangas Koko: 30 x 30 x 108 cm (P x L x K) Paino: 1,8 kg Maks. kantavuus: 15 kg Toimitus sis\u00e4lt\u00e4\u00e4: 1 x ripustettava s\u00e4ilytysj\u00e4rjestelm\u00e4 SONGMICS Huomautukset:Tuote saattaa tuoksua hieman avattaessa. T\u00e4ll\u00f6in voit sijoittaa sen hyvin ilmastoituun tilaan, jotta tuoksu h\u00e4vi\u00e4\u00e4 lyhyess\u00e4 ajassa. \u00c4l\u00e4 pese tuotetta vedell\u00e4, vaan pyyhi se kostealla liinalla.<\/p>\n","protected":false},"excerpt":{"rendered":"<p>SONGMICS 5-tasoinen ripustettava hylly, ripustettava s\u00e4ilytys 2 laatikolla, vaatekaapin j\u00e4rjestelij\u00e4, lokeroilla ja tukevalla metallirungolla, tilaa s\u00e4\u00e4st\u00e4v\u00e4, vaatteille, harmaa<\/p>\n","protected":false},"featured_media":45642,"comment_status":"open","ping_status":"closed","template":"","meta":[],"product_brand":[],"product_cat":[32],"product_tag":[],"class_list":{"0":"post-37791","1":"product","2":"type-product","3":"status-publish","4":"has-post-thumbnail","6":"product_cat-uncategorized-fi","8":"first","9":"instock","10":"shipping-taxable","11":"purchasable","12":"product-type-simple"},"_links":{"self":[{"href":"https:\/\/nordicmart.andreevmaster.com\/fi\/wp-json\/wp\/v2\/product\/37791","targetHints":{"allow":["GET"]}}],"collection":[{"href":"https:\/\/nordicmart.andreevmaster.com\/fi\/wp-json\/wp\/v2\/product"}],"about":[{"href":"https:\/\/nordicmart.andreevmaster.com\/fi\/wp-json\/wp\/v2\/types\/product"}],"replies":[{"embeddable":true,"href":"https:\/\/nordicmart.andreevmaster.com\/fi\/wp-json\/wp\/v2\/comments?post=37791"}],"wp:featuredmedia":[{"embeddable":true,"href":"https:\/\/nordicmart.andreevmaster.com\/fi\/wp-json\/wp\/v2\/media\/45642"}],"wp:attachment":[{"href":"https:\/\/nordicmart.andreevmaster.com\/fi\/wp-json\/wp\/v2\/media?parent=37791"}],"wp:term":[{"taxonomy":"product_brand","embeddable":true,"href":"https:\/\/nordicmart.andreevmaster.com\/fi\/wp-json\/wp\/v2\/product_brand?post=37791"},{"taxonomy":"product_cat","embeddable":true,"href":"https:\/\/nordicmart.andreevmaster.com\/fi\/wp-json\/wp\/v2\/product_cat?post=37791"},{"taxonomy":"product_tag","embeddable":true,"href":"https:\/\/nordicmart.andreevmaster.com\/fi\/wp-json\/wp\/v2\/product_tag?post=37791"}],"curies":[{"name":"wp","href":"https:\/\/api.w.org\/{rel}","templated":true}]}}