{"id":37790,"date":"2026-02-27T00:40:54","date_gmt":"2026-02-27T00:40:54","guid":{"rendered":"https:\/\/nordicmart.andreevmaster.com\/product\/songmics-ripustettava-sailytysjarjestelma-6-lokeroa-harmaa\/"},"modified":"2026-02-27T09:57:09","modified_gmt":"2026-02-27T09:57:09","slug":"songmics-ripustettava-sailytysjarjestelma-6-lokeroa-harmaa","status":"publish","type":"product","link":"https:\/\/nordicmart.andreevmaster.com\/fi\/tuote\/songmics-ripustettava-sailytysjarjestelma-6-lokeroa-harmaa\/","title":{"rendered":"SONGMICS ripustettava s\u00e4ilytysj\u00e4rjestelm\u00e4, 6 lokeroa, harmaa"},"content":{"rendered":"<p>Etsitk\u00f6 jotain, joka tarjoaa enemm\u00e4n s\u00e4ilytystilaa, jos sinulla ei ole paljon tilaa kaapissasi? Vai etk\u00f6 kest\u00e4 en\u00e4\u00e4 n\u00e4hd\u00e4 joka p\u00e4iv\u00e4 vain kaaosta vaatekaapissasi? Silloin t\u00e4m\u00e4 Songmics-ripustettava s\u00e4ilytysratkaisu voi olla t\u00e4ydellinen sinulle, koska se kiinnitet\u00e4\u00e4n helposti tankoon ja saat hetkess\u00e4 lis\u00e4\u00e4 s\u00e4ilytystilaa.Se tarjoaa joustavia s\u00e4ilytysmahdollisuuksia ja sopii makuuhuoneeseen, lastenhuoneeseen, kylpyhuoneeseen, eteiseen, retkeilyyn, asuntovaunuun&#8230; kaikkialle! Huomautukset: &#8211; Ei sovellu raskaille esineille, kuten k\u00e4sipainoille, eik\u00e4 herkille esineille, kuten lasiesineille. &#8211; Varmista, ett\u00e4 yleisk\u00e4ytt\u00f6iset tarranauhat ovat tiukasti kiinni ennen k\u00e4ytt\u00f6\u00e4. Jotta koko rakenne ei kallistu, esineet on parasta sijoittaa kunkin lokeron keskelle. &#8211; \u00c4l\u00e4 anna lasten vet\u00e4\u00e4 ripustettavaa s\u00e4ilytysj\u00e4rjestelm\u00e4\u00e4 tai kiivet\u00e4 sen p\u00e4\u00e4lle. &#8211; Tarkista tuotteen mitat huolellisesti ennen ostamista. Hoito-ohjeet: &#8211; Ei sovellu m\u00e4rille vaatteille.- Ei voi pest\u00e4, silitt\u00e4\u00e4 tai kuivata kuivausrummussa; puhdista kuivalla liinalla. Tuotetiedot: &#8211; V\u00e4ri: harmaa &#8211; Materiaali: kuitukangas + polyesteri + pahvi &#8211; Paino: 1,28 kg &#8211; Mitat: 30 x 130 x 30 cm (L x K x S) &#8211; Jokaisen lokeron mitat: 30 x 21 x 30 cm (L x K x S) &#8211; Pakkauksen mitat: 31 x 31 x 5,5 cm Toimitus sis\u00e4lt\u00e4\u00e4: &#8211; 1 x ripustettava s\u00e4ilytysj\u00e4rjestelm\u00e4 &#8211; 2 x taitettava pidike<\/p>\n","protected":false},"excerpt":{"rendered":"<p>SONGMICS Ripustettava hylly, ripustettava s\u00e4ilytys 6 lokerolla, sis\u00e4ll\u00e4 metallirunko, 2 kiinnikett\u00e4 ilmaiseksi, eri korkeuksille sopiviin vaatekaappeihin 30 x 130 x 30 cm (L x K x S) harmaa RCH06G<\/p>\n","protected":false},"featured_media":45641,"comment_status":"open","ping_status":"closed","template":"","meta":[],"product_brand":[],"product_cat":[32],"product_tag":[],"class_list":{"0":"post-37790","1":"product","2":"type-product","3":"status-publish","4":"has-post-thumbnail","6":"product_cat-uncategorized-fi","8":"first","9":"instock","10":"shipping-taxable","11":"purchasable","12":"product-type-simple"},"_links":{"self":[{"href":"https:\/\/nordicmart.andreevmaster.com\/fi\/wp-json\/wp\/v2\/product\/37790","targetHints":{"allow":["GET"]}}],"collection":[{"href":"https:\/\/nordicmart.andreevmaster.com\/fi\/wp-json\/wp\/v2\/product"}],"about":[{"href":"https:\/\/nordicmart.andreevmaster.com\/fi\/wp-json\/wp\/v2\/types\/product"}],"replies":[{"embeddable":true,"href":"https:\/\/nordicmart.andreevmaster.com\/fi\/wp-json\/wp\/v2\/comments?post=37790"}],"wp:featuredmedia":[{"embeddable":true,"href":"https:\/\/nordicmart.andreevmaster.com\/fi\/wp-json\/wp\/v2\/media\/45641"}],"wp:attachment":[{"href":"https:\/\/nordicmart.andreevmaster.com\/fi\/wp-json\/wp\/v2\/media?parent=37790"}],"wp:term":[{"taxonomy":"product_brand","embeddable":true,"href":"https:\/\/nordicmart.andreevmaster.com\/fi\/wp-json\/wp\/v2\/product_brand?post=37790"},{"taxonomy":"product_cat","embeddable":true,"href":"https:\/\/nordicmart.andreevmaster.com\/fi\/wp-json\/wp\/v2\/product_cat?post=37790"},{"taxonomy":"product_tag","embeddable":true,"href":"https:\/\/nordicmart.andreevmaster.com\/fi\/wp-json\/wp\/v2\/product_tag?post=37790"}],"curies":[{"name":"wp","href":"https:\/\/api.w.org\/{rel}","templated":true}]}}