{"id":37789,"date":"2026-02-27T00:40:53","date_gmt":"2026-02-27T00:40:53","guid":{"rendered":"https:\/\/nordicmart.andreevmaster.com\/product\/songmics-ripustettava-kangashylly-9-lokeroa-vaaleanharmaa\/"},"modified":"2026-02-27T09:57:09","modified_gmt":"2026-02-27T09:57:09","slug":"songmics-ripustettava-kangashylly-9-lokeroa-vaaleanharmaa","status":"publish","type":"product","link":"https:\/\/nordicmart.andreevmaster.com\/fi\/tuote\/songmics-ripustettava-kangashylly-9-lokeroa-vaaleanharmaa\/","title":{"rendered":"SONGMICS ripustettava kangashylly, 9 lokeroa, vaaleanharmaa"},"content":{"rendered":"<p>Monipuolinen k\u00e4ytt\u00f6: Vaatteiden s\u00e4ilytys: 2 erikokoista lokeroa mahdollistavat vaatteiden lajittelun ja k\u00e4ytett\u00e4viss\u00e4 olevan tilan t\u00e4yden hy\u00f6dynt\u00e4misen. Yl\u00e4osan 3 lokeroa sopivat suuremmille esineille, kuten T-paidoille, farkuille, housuille, villapaidoille, leluille ja hattuille. Alareunan 6 muuta lokeroa sopivat pienemmille esineille, kuten shortseille, k\u00e4sineille, huiveille ja pyyhkeille. Ulkovarastointi: Voit ottaa j\u00e4rjestelij\u00e4n mukaan my\u00f6s retkelle ja k\u00e4ytt\u00e4\u00e4 3 isoa lokeroa retkeilyvarusteille tai ensiapupakkaukselle ja 6 pient\u00e4 lokeroa v\u00e4lipaloille, nen\u00e4liinoille, aurinkovoiteelle jne. Tuotteen paino pakkaus mukaan lukien: 1,2 kg<\/p>\n","protected":false},"excerpt":{"rendered":"<p>SONGMICS ripustettava kenk\u00e4hylly kankaasta, ripustettava s\u00e4ilytys, vaatekaapin j\u00e4rjestelij\u00e4, 9 lokeroa erikokoisille kengille, ripustettava kenk\u00e4hylly tukevalla metallirungolla, harmaa RCH05G<\/p>\n","protected":false},"featured_media":45640,"comment_status":"open","ping_status":"closed","template":"","meta":[],"product_brand":[],"product_cat":[32],"product_tag":[],"class_list":{"0":"post-37789","1":"product","2":"type-product","3":"status-publish","4":"has-post-thumbnail","6":"product_cat-uncategorized-fi","8":"first","9":"instock","10":"shipping-taxable","11":"purchasable","12":"product-type-simple"},"_links":{"self":[{"href":"https:\/\/nordicmart.andreevmaster.com\/fi\/wp-json\/wp\/v2\/product\/37789","targetHints":{"allow":["GET"]}}],"collection":[{"href":"https:\/\/nordicmart.andreevmaster.com\/fi\/wp-json\/wp\/v2\/product"}],"about":[{"href":"https:\/\/nordicmart.andreevmaster.com\/fi\/wp-json\/wp\/v2\/types\/product"}],"replies":[{"embeddable":true,"href":"https:\/\/nordicmart.andreevmaster.com\/fi\/wp-json\/wp\/v2\/comments?post=37789"}],"wp:featuredmedia":[{"embeddable":true,"href":"https:\/\/nordicmart.andreevmaster.com\/fi\/wp-json\/wp\/v2\/media\/45640"}],"wp:attachment":[{"href":"https:\/\/nordicmart.andreevmaster.com\/fi\/wp-json\/wp\/v2\/media?parent=37789"}],"wp:term":[{"taxonomy":"product_brand","embeddable":true,"href":"https:\/\/nordicmart.andreevmaster.com\/fi\/wp-json\/wp\/v2\/product_brand?post=37789"},{"taxonomy":"product_cat","embeddable":true,"href":"https:\/\/nordicmart.andreevmaster.com\/fi\/wp-json\/wp\/v2\/product_cat?post=37789"},{"taxonomy":"product_tag","embeddable":true,"href":"https:\/\/nordicmart.andreevmaster.com\/fi\/wp-json\/wp\/v2\/product_tag?post=37789"}],"curies":[{"name":"wp","href":"https:\/\/api.w.org\/{rel}","templated":true}]}}