{"id":37784,"date":"2026-02-27T00:40:52","date_gmt":"2026-02-27T00:40:52","guid":{"rendered":"https:\/\/nordicmart.andreevmaster.com\/product\/songmics-ripustettava-sailytysjarjestelma-2-kpl\/"},"modified":"2026-02-27T09:57:08","modified_gmt":"2026-02-27T09:57:08","slug":"songmics-ripustettava-sailytysjarjestelma-2-kpl","status":"publish","type":"product","link":"https:\/\/nordicmart.andreevmaster.com\/fi\/tuote\/songmics-ripustettava-sailytysjarjestelma-2-kpl\/","title":{"rendered":"SONGMICS ripustettava s\u00e4ilytysj\u00e4rjestelm\u00e4, 2 kpl"},"content":{"rendered":"<p>SONGMICS ripustettava hylly, ripustettava s\u00e4ilytys, vaateorganisaattori, vaatekaappiin, tilaa s\u00e4\u00e4st\u00e4v\u00e4 ja taitettava, metallikoukut, bambu-sis\u00e4kkeet, pellavankaltainen tekstuuri, harmaa melange RCH005G01<br \/>\nV\u00e4ri: harmaa<br \/>\nMateriaali: 80 g\/m\u00b2 kuitukangas, bambu-insertit, metallirunko ja -koukut yl\u00e4osassa, 2 mm paksu pahvi<br \/>\nKoko per j\u00e4rjestelij\u00e4: 30 x 30 x 90 cm (S x L x K)<br \/>\nPaino per j\u00e4rjestelij\u00e4: 0,5 kg<br \/>\nMaks. staattinen kantavuus per lokero: 2 kg<br \/>\nJ\u00e4rjestelij\u00e4n maks. staattinen kantavuus yhteens\u00e4: 10 kg<\/p>\n","protected":false},"excerpt":{"rendered":"<p>SONGMICS ripustettava hylly, ripustettava s\u00e4ilytys, vaateorganisaattori, vaatekaappiin, tilaa s\u00e4\u00e4st\u00e4v\u00e4 ja taitettava, metallikoukut, bambu-sis\u00e4kkeet, pellavankaltainen tekstuuri, harmaa melange RCH005G01<\/p>\n","protected":false},"featured_media":45635,"comment_status":"open","ping_status":"closed","template":"","meta":[],"product_brand":[],"product_cat":[32],"product_tag":[],"class_list":{"0":"post-37784","1":"product","2":"type-product","3":"status-publish","4":"has-post-thumbnail","6":"product_cat-uncategorized-fi","8":"first","9":"instock","10":"shipping-taxable","11":"purchasable","12":"product-type-simple"},"_links":{"self":[{"href":"https:\/\/nordicmart.andreevmaster.com\/fi\/wp-json\/wp\/v2\/product\/37784","targetHints":{"allow":["GET"]}}],"collection":[{"href":"https:\/\/nordicmart.andreevmaster.com\/fi\/wp-json\/wp\/v2\/product"}],"about":[{"href":"https:\/\/nordicmart.andreevmaster.com\/fi\/wp-json\/wp\/v2\/types\/product"}],"replies":[{"embeddable":true,"href":"https:\/\/nordicmart.andreevmaster.com\/fi\/wp-json\/wp\/v2\/comments?post=37784"}],"wp:featuredmedia":[{"embeddable":true,"href":"https:\/\/nordicmart.andreevmaster.com\/fi\/wp-json\/wp\/v2\/media\/45635"}],"wp:attachment":[{"href":"https:\/\/nordicmart.andreevmaster.com\/fi\/wp-json\/wp\/v2\/media?parent=37784"}],"wp:term":[{"taxonomy":"product_brand","embeddable":true,"href":"https:\/\/nordicmart.andreevmaster.com\/fi\/wp-json\/wp\/v2\/product_brand?post=37784"},{"taxonomy":"product_cat","embeddable":true,"href":"https:\/\/nordicmart.andreevmaster.com\/fi\/wp-json\/wp\/v2\/product_cat?post=37784"},{"taxonomy":"product_tag","embeddable":true,"href":"https:\/\/nordicmart.andreevmaster.com\/fi\/wp-json\/wp\/v2\/product_tag?post=37784"}],"curies":[{"name":"wp","href":"https:\/\/api.w.org\/{rel}","templated":true}]}}