{"id":37783,"date":"2026-02-27T00:40:52","date_gmt":"2026-02-27T00:40:52","guid":{"rendered":"https:\/\/nordicmart.andreevmaster.com\/product\/songmics-ripustettava-kangashylly\/"},"modified":"2026-02-27T09:57:08","modified_gmt":"2026-02-27T09:57:08","slug":"songmics-ripustettava-kangashylly","status":"publish","type":"product","link":"https:\/\/nordicmart.andreevmaster.com\/fi\/tuote\/songmics-ripustettava-kangashylly\/","title":{"rendered":"SONGMICS ripustettava kangashylly"},"content":{"rendered":"<p>Oletko jo k\u00e4\u00e4nt\u00e4nyt koko vaatekaappisi yl\u00f6salaisin vain l\u00f6yt\u00e4\u00e4ksesi yhden mekon? T\u00e4m\u00e4n ripustettavan hyllyn avulla saat vaatekaappisi kuntoon ja v\u00e4lt\u00e4t turhan kaivelun. Villapaidat, hameet, mekot, farkut, k\u00e4silaukut, lelut, keng\u00e4t, asusteet jne. \u2013 kaikki mahtuu hyvin n\u00e4ihin 5 lokeroon. T\u00e4ydellinen valinta S\u00e4ilyt\u00e4 vaatteesi selke\u00e4sti ja k\u00e4tev\u00e4sti t\u00e4ss\u00e4 j\u00e4rjestelij\u00e4ss\u00e4 ja hy\u00f6dynn\u00e4 pystysuora tila optimaalisesti. Kiitos ommeltujen bambu-insertien, sinun ei tarvitse huolehtia hyllyjen taipumisesta. Lis\u00e4ksi pellavankaltainen tekstuuri ja harmaa s\u00e4vy tuovat l\u00e4mp\u00f6\u00e4 ja rauhallisuutta vaatekaappiisi, asuntovaunuusi tai vierashuoneeseesi. Tuotetiedot: &#8211; V\u00e4ri: harmaa melange &#8211; Materiaali: 80 g\/\u33a1 kuitukangas, bambu-insertit, metallirunko ja -koukut yl\u00e4osassa, 2 mm paksu pahvi &#8211; Koko: 30 x 30 x 90 cm (P x L x K) &#8211; Paino: 460 g &#8211; Hyllyn maks. staattinen kantavuus: 10 kg &#8211; Hyllylokeron maks. staattinen kantavuus: 2 kg Toimitus sis\u00e4lt\u00e4\u00e4: &#8211; 1 x ripustettava s\u00e4ilytys SONGMICS Huomautukset:- Pyyhi pinta p\u00e4ivitt\u00e4in hieman kostealla liinalla; \u00c4L\u00c4 pese vedell\u00e4. &#8211; Tuote ei saa joutua kosketuksiin ter\u00e4vien esineiden kanssa; \u00e4l\u00e4 s\u00e4ilyt\u00e4 t\u00e4ss\u00e4 tuotteessa esineit\u00e4, joiden kokonaispaino on yli 10 kg.<\/p>\n","protected":false},"excerpt":{"rendered":"<p>SONGMICS ripustettava hylly, ripustettava s\u00e4ilytys, vaateorganisaattori, vaatekaappiin, tilaa s\u00e4\u00e4st\u00e4v\u00e4 ja taitettava, metallikoukut, bambu-sis\u00e4kkeet, pellavankaltainen tekstuuri, harmaa melange RCH005G01<\/p>\n","protected":false},"featured_media":45634,"comment_status":"open","ping_status":"closed","template":"","meta":[],"product_brand":[],"product_cat":[32],"product_tag":[],"class_list":{"0":"post-37783","1":"product","2":"type-product","3":"status-publish","4":"has-post-thumbnail","6":"product_cat-uncategorized-fi","8":"first","9":"instock","10":"shipping-taxable","11":"purchasable","12":"product-type-simple"},"_links":{"self":[{"href":"https:\/\/nordicmart.andreevmaster.com\/fi\/wp-json\/wp\/v2\/product\/37783","targetHints":{"allow":["GET"]}}],"collection":[{"href":"https:\/\/nordicmart.andreevmaster.com\/fi\/wp-json\/wp\/v2\/product"}],"about":[{"href":"https:\/\/nordicmart.andreevmaster.com\/fi\/wp-json\/wp\/v2\/types\/product"}],"replies":[{"embeddable":true,"href":"https:\/\/nordicmart.andreevmaster.com\/fi\/wp-json\/wp\/v2\/comments?post=37783"}],"wp:featuredmedia":[{"embeddable":true,"href":"https:\/\/nordicmart.andreevmaster.com\/fi\/wp-json\/wp\/v2\/media\/45634"}],"wp:attachment":[{"href":"https:\/\/nordicmart.andreevmaster.com\/fi\/wp-json\/wp\/v2\/media?parent=37783"}],"wp:term":[{"taxonomy":"product_brand","embeddable":true,"href":"https:\/\/nordicmart.andreevmaster.com\/fi\/wp-json\/wp\/v2\/product_brand?post=37783"},{"taxonomy":"product_cat","embeddable":true,"href":"https:\/\/nordicmart.andreevmaster.com\/fi\/wp-json\/wp\/v2\/product_cat?post=37783"},{"taxonomy":"product_tag","embeddable":true,"href":"https:\/\/nordicmart.andreevmaster.com\/fi\/wp-json\/wp\/v2\/product_tag?post=37783"}],"curies":[{"name":"wp","href":"https:\/\/api.w.org\/{rel}","templated":true}]}}