{"id":37782,"date":"2026-02-27T00:40:51","date_gmt":"2026-02-27T00:40:51","guid":{"rendered":"https:\/\/nordicmart.andreevmaster.com\/product\/songmics-pelituoli-jalkatuella\/"},"modified":"2026-02-27T09:57:08","modified_gmt":"2026-02-27T09:57:08","slug":"songmics-pelituoli-jalkatuella","status":"publish","type":"product","link":"https:\/\/nordicmart.andreevmaster.com\/fi\/tuote\/songmics-pelituoli-jalkatuella\/","title":{"rendered":"SONGMICS pelituoli jalkatuella"},"content":{"rendered":"<p>Roolipelit, ensimm\u00e4isen persoonan ammuntapelit, tornipuolustuspelit tai online-pokeri \u2013 mik\u00e4 on suosikkisi tietokonepelien genrest\u00e4? Olitpa sitten maagi, joka kiroaa vastustajansa, tai innokkaasti royal flushia odottava pelaaja, pelituolimme tukee sinua matkalla voittoon. Laadukas, mukava, monik\u00e4ytt\u00f6inen: Ergonomisen muotoilun ja muodonpit\u00e4v\u00e4ll\u00e4 vaahtomuovilla varustetun istuimen ansiosta voit nauttia \u00e4\u00e4rimm\u00e4isest\u00e4 mukavuudesta, vaikka pelikaverisi olisi taas kerran poissa pitk\u00e4\u00e4n. Jos haluat ottaa torkut tai katsoa videota, voit helposti taittaa k\u00e4yt\u00e4nn\u00f6llisen jalkatuen esiin. Lis\u00e4ksi tietokonetuolissa on lukuisia toimintoja. K\u00e4sinojat ovat joustavasti liikkuvat yl\u00f6s, alas, vasemmalle ja oikealle. Lis\u00e4ksi tuoli voidaan kallistaa taaksep\u00e4in jopa 135 astetta. Tuolissa on my\u00f6s keinumekanismi. T\u00e4m\u00e4n pelituolin mukana saat my\u00f6s kulutusta kest\u00e4v\u00e4n tuotteen, jossa on ter\u00e4srunko. Jalkaristikkomme on l\u00e4p\u00e4issyt SGS:n iskunkest\u00e4vyystestin ja staattisen painetestin (sertifikaatti nro AJHL1811002706FT; omistaja: jalkaristikon valmistaja). Testattu laatu! Tuotetiedot: V\u00e4ri: musta-camouflage Materiaali: korkeatihe\u00e4 Reflex-vaahtomuovi, istuimen runko ja jalkaristikko ter\u00e4st\u00e4, verhoilu ymp\u00e4rist\u00f6yst\u00e4v\u00e4llist\u00e4 PU- ja verkkokangasta, py\u00f6r\u00e4t nailonia Koko: 69 x 70,5 x 128-138 cm (P x L x K) Paino: 22 kg Suurin kantavuus: 150 kg Toimitus sis\u00e4lt\u00e4\u00e4: 1 x pelituoli 1 x kuusiokoloavain 1 x lis\u00e4varustepussi 1 x ohjeet (DE, EN, ES, FR, IT) SONGMICS-ohjeet:Huomaa nuoli istuimen alla ja kokoa tuoli sen mukaisesti. \u00c4l\u00e4 istu tuolin etureunalle. N\u00e4in v\u00e4lt\u00e4t loukkaantumisen, jos tuoli kaatuu.<\/p>\n","protected":false},"excerpt":{"rendered":"<p>SONGMICS pelituoli jalkatuella, 150 kg, toimistotuoli, ty\u00f6tuoli, lannerangan tyyny, p\u00e4\u00e4ntuki, korkea selk\u00e4noja, ergonominen, ter\u00e4s, keinonahka, hengitt\u00e4v\u00e4 verkkokangas, musta-valkoinen RCG52BW<\/p>\n","protected":false},"featured_media":45633,"comment_status":"open","ping_status":"closed","template":"","meta":[],"product_brand":[],"product_cat":[32],"product_tag":[],"class_list":{"0":"post-37782","1":"product","2":"type-product","3":"status-publish","4":"has-post-thumbnail","6":"product_cat-uncategorized-fi","8":"first","9":"instock","10":"shipping-taxable","11":"purchasable","12":"product-type-simple"},"_links":{"self":[{"href":"https:\/\/nordicmart.andreevmaster.com\/fi\/wp-json\/wp\/v2\/product\/37782","targetHints":{"allow":["GET"]}}],"collection":[{"href":"https:\/\/nordicmart.andreevmaster.com\/fi\/wp-json\/wp\/v2\/product"}],"about":[{"href":"https:\/\/nordicmart.andreevmaster.com\/fi\/wp-json\/wp\/v2\/types\/product"}],"replies":[{"embeddable":true,"href":"https:\/\/nordicmart.andreevmaster.com\/fi\/wp-json\/wp\/v2\/comments?post=37782"}],"wp:featuredmedia":[{"embeddable":true,"href":"https:\/\/nordicmart.andreevmaster.com\/fi\/wp-json\/wp\/v2\/media\/45633"}],"wp:attachment":[{"href":"https:\/\/nordicmart.andreevmaster.com\/fi\/wp-json\/wp\/v2\/media?parent=37782"}],"wp:term":[{"taxonomy":"product_brand","embeddable":true,"href":"https:\/\/nordicmart.andreevmaster.com\/fi\/wp-json\/wp\/v2\/product_brand?post=37782"},{"taxonomy":"product_cat","embeddable":true,"href":"https:\/\/nordicmart.andreevmaster.com\/fi\/wp-json\/wp\/v2\/product_cat?post=37782"},{"taxonomy":"product_tag","embeddable":true,"href":"https:\/\/nordicmart.andreevmaster.com\/fi\/wp-json\/wp\/v2\/product_tag?post=37782"}],"curies":[{"name":"wp","href":"https:\/\/api.w.org\/{rel}","templated":true}]}}