{"id":37781,"date":"2026-02-27T00:40:51","date_gmt":"2026-02-27T00:40:51","guid":{"rendered":"https:\/\/nordicmart.andreevmaster.com\/product\/gaming-stol-med-fodstotte-2\/"},"modified":"2026-02-27T09:57:07","modified_gmt":"2026-02-27T09:57:07","slug":"gaming-stol-med-fodstotte-2","status":"publish","type":"product","link":"https:\/\/nordicmart.andreevmaster.com\/fi\/tuote\/gaming-stol-med-fodstotte-2\/","title":{"rendered":"Gaming-stol med fodst\u00f8tte"},"content":{"rendered":"<p>Rollespil, first-person shooters, tower defence eller online poker &#8211; hvilken computerspilsgenre er du til? Olitpa sitten taikuri, joka kiroaa vastustajasi tai odotat j\u00e4nnittyneen\u00e4 kuninkaallista suoraa, pelituolimme auttaa sinua voittoon. Korkealaatuinen, mukava, monitoiminen: Ergonominen muotoilu ja muotoaan s\u00e4ilytt\u00e4v\u00e4 vaahtomuovinen istuin takaavat maksimaalisen mukavuuden, vaikka vastustajasi olisi poissa pitk\u00e4\u00e4n. Jos haluat ottaa torkut tai katsoa videota v\u00e4lill\u00e4, sinun tarvitsee vain taittaa k\u00e4tev\u00e4 jalkatuki auki. Tietokonetuolissa on my\u00f6s monia muita toimintoja. K\u00e4sinojat voidaan liikuttaa joustavasti yl\u00f6s, alas, vasemmalle ja oikealle. Tuolia voidaan my\u00f6s kallistaa taaksep\u00e4in jopa 135 astetta. T\u00e4m\u00e4 pelituoli on my\u00f6s kest\u00e4v\u00e4 tuote, jossa on ter\u00e4srunko. T\u00e4htijalkamme on l\u00e4p\u00e4issyt SGS-iskutestin ja staattisen painotestin (sertifikaatti nro AJHL1811002706FT; omistaja: t\u00e4htijalan valmistaja). Testattu laatu! Tuotetiedot: V\u00e4ri: Musta camouflage Materiaali: Tihe\u00e4 heijastava vaahtomuovi, ter\u00e4sistuinrunko ja -jalusta, ymp\u00e4rist\u00f6yst\u00e4v\u00e4llinen PU- ja verkkokangasverhoilu, nailonpy\u00f6r\u00e4t Koko: 69 x 70,5 x 128-138 cm (P x L x K) Paino: 22 kg Suurin kantavuus: 150 kg Toimitus sis\u00e4lt\u00e4\u00e4: 1 x pelituoli 1 x kuusiokoloavain 1 x lis\u00e4varustelaukku 1 x k\u00e4ytt\u00f6ohje (DE, EN, ES, FR, IT)SONGMICS Huomautukset: Huomaa istuimen pohjassa oleva nuoli ja kokoa tuoli sen mukaisesti. \u00c4l\u00e4 istu tuolin etureunalla. N\u00e4in v\u00e4lt\u00e4t loukkaantumisen, jos tuoli kaatuu.<\/p>\n","protected":false},"excerpt":{"rendered":"<p>Rollespil, first-person shooters, tower defence eller online poker &#8211; hvilken computerspilsgenre er du til? Olitpa sitten taikuri, joka kiroaa vastustajasi tai odotat j\u00e4nnittyneen\u00e4 kuninkaallista suoraa, pelituolimme auttaa sinua voittoon. Korkealaatuinen, mukava, monitoiminen: Ergonominen muotoilu ja muotoaan s\u00e4ilytt\u00e4v\u00e4 vaahtomuovinen istuin takaavat maksimaalisen mukavuuden, vaikka vastustajasi olisi poissa pitk\u00e4\u00e4n. Jos haluat ottaa torkut tai katsoa videota v\u00e4lill\u00e4, [&hellip;]<\/p>\n","protected":false},"featured_media":0,"comment_status":"open","ping_status":"closed","template":"","meta":[],"product_brand":[],"product_cat":[32],"product_tag":[],"class_list":{"0":"post-37781","1":"product","2":"type-product","3":"status-publish","5":"product_cat-uncategorized-fi","7":"first","8":"instock","9":"shipping-taxable","10":"product-type-simple"},"_links":{"self":[{"href":"https:\/\/nordicmart.andreevmaster.com\/fi\/wp-json\/wp\/v2\/product\/37781","targetHints":{"allow":["GET"]}}],"collection":[{"href":"https:\/\/nordicmart.andreevmaster.com\/fi\/wp-json\/wp\/v2\/product"}],"about":[{"href":"https:\/\/nordicmart.andreevmaster.com\/fi\/wp-json\/wp\/v2\/types\/product"}],"replies":[{"embeddable":true,"href":"https:\/\/nordicmart.andreevmaster.com\/fi\/wp-json\/wp\/v2\/comments?post=37781"}],"wp:attachment":[{"href":"https:\/\/nordicmart.andreevmaster.com\/fi\/wp-json\/wp\/v2\/media?parent=37781"}],"wp:term":[{"taxonomy":"product_brand","embeddable":true,"href":"https:\/\/nordicmart.andreevmaster.com\/fi\/wp-json\/wp\/v2\/product_brand?post=37781"},{"taxonomy":"product_cat","embeddable":true,"href":"https:\/\/nordicmart.andreevmaster.com\/fi\/wp-json\/wp\/v2\/product_cat?post=37781"},{"taxonomy":"product_tag","embeddable":true,"href":"https:\/\/nordicmart.andreevmaster.com\/fi\/wp-json\/wp\/v2\/product_tag?post=37781"}],"curies":[{"name":"wp","href":"https:\/\/api.w.org\/{rel}","templated":true}]}}