{"id":37778,"date":"2026-02-27T00:40:50","date_gmt":"2026-02-27T00:40:50","guid":{"rendered":"https:\/\/nordicmart.andreevmaster.com\/product\/songmics-korkeussaadettava-pelituoli\/"},"modified":"2026-02-27T09:57:07","modified_gmt":"2026-02-27T09:57:07","slug":"songmics-korkeussaadettava-pelituoli","status":"publish","type":"product","link":"https:\/\/nordicmart.andreevmaster.com\/fi\/tuote\/songmics-korkeussaadettava-pelituoli\/","title":{"rendered":"SONGMICS korkeuss\u00e4\u00e4dett\u00e4v\u00e4 pelituoli"},"content":{"rendered":"<p>Roolipelit, ensimm\u00e4isen persoonan ammuntapelit, tornipuolustuspelit tai online-pokeri \u2013 mik\u00e4 on suosikkisi tietokonepelien genreist\u00e4? Riippumatta siit\u00e4, haluatko loitsia vastustajia tai odotatko innokkaasti kuninkaallista v\u00e4ri\u00e4, pelituolimme tukee sinua matkalla voittoon. Laadukas, mukava, monik\u00e4ytt\u00f6inen: ergonomisen muotoilun ja muodonpit\u00e4v\u00e4n vaahtomuovin ansiosta istuin on eritt\u00e4in mukava, vaikka pelikaverisi olisi taas pitk\u00e4\u00e4n poissa. Jos haluat ottaa torkut tai katsoa videota, voit helposti taittaa k\u00e4yt\u00e4nn\u00f6llisen jalkatuen esiin. Lis\u00e4ksi tietokonetuolissa on lukuisia toimintoja. K\u00e4sinojat ovat joustavasti liikkuvat yl\u00f6s, alas, vasemmalle ja oikealle. Tuolia voi my\u00f6s kallistaa taaksep\u00e4in jopa 135 astetta. Tuolissa on my\u00f6s keinumekanismi. T\u00e4m\u00e4n pelituolin mukana saat my\u00f6s kulutusta kest\u00e4v\u00e4n tuotteen, jossa on ter\u00e4srunko. Jalkaristi on l\u00e4p\u00e4issyt useita SGS:n testej\u00e4, joissa on varmistettu osan vakaus ja kest\u00e4vyys (sertifikaatti nro AJHL1811002706FT; omistaja: jalkaristien valmistaja).<br \/>\nTuotetiedot: &#8211; V\u00e4ri: musta &#8211; Materiaali: tihe\u00e4 Reflex-vaahtomuovi, istuimen runko ja jalkaristi ter\u00e4st\u00e4, verhoilu ymp\u00e4rist\u00f6yst\u00e4v\u00e4llist\u00e4 PU- ja verkkokangasta, py\u00f6r\u00e4t nailonia &#8211; Koko: 69 x 70,5 x 128-138 cm (P x L x K) &#8211; Paino: 22 kg &#8211; Suurin kantavuus: 150 kg Toimitus sis\u00e4lt\u00e4\u00e4: &#8211; 1 x pelituoli &#8211; 1 x kuusiokoloavain &#8211; 1 x lis\u00e4varustepussi &#8211; 1 x ohjeet (DE, EN, ES, FR, IT) SONGMICS-ohjeet:- Huomaa nuoli istuimen alla ja kokoa tuoli sen mukaisesti. &#8211; \u00c4l\u00e4 istu tuolin etureunalle. N\u00e4in v\u00e4lt\u00e4t loukkaantumisen, jos tuoli kaatuu.<\/p>\n","protected":false},"excerpt":{"rendered":"<p>SONGMICS pelituoli jalkatuella, 150 kg, toimistotuoli, ty\u00f6tuoli, lannerangan tyyny, p\u00e4\u00e4ntuki, korkea selk\u00e4noja, ergonominen, ter\u00e4s, keinonahka, hengitt\u00e4v\u00e4 verkkokangas, musta-valkoinen RCG52BW<\/p>\n","protected":false},"featured_media":45630,"comment_status":"open","ping_status":"closed","template":"","meta":[],"product_brand":[],"product_cat":[32],"product_tag":[],"class_list":{"0":"post-37778","1":"product","2":"type-product","3":"status-publish","4":"has-post-thumbnail","6":"product_cat-uncategorized-fi","8":"first","9":"instock","10":"shipping-taxable","11":"purchasable","12":"product-type-simple"},"_links":{"self":[{"href":"https:\/\/nordicmart.andreevmaster.com\/fi\/wp-json\/wp\/v2\/product\/37778","targetHints":{"allow":["GET"]}}],"collection":[{"href":"https:\/\/nordicmart.andreevmaster.com\/fi\/wp-json\/wp\/v2\/product"}],"about":[{"href":"https:\/\/nordicmart.andreevmaster.com\/fi\/wp-json\/wp\/v2\/types\/product"}],"replies":[{"embeddable":true,"href":"https:\/\/nordicmart.andreevmaster.com\/fi\/wp-json\/wp\/v2\/comments?post=37778"}],"wp:featuredmedia":[{"embeddable":true,"href":"https:\/\/nordicmart.andreevmaster.com\/fi\/wp-json\/wp\/v2\/media\/45630"}],"wp:attachment":[{"href":"https:\/\/nordicmart.andreevmaster.com\/fi\/wp-json\/wp\/v2\/media?parent=37778"}],"wp:term":[{"taxonomy":"product_brand","embeddable":true,"href":"https:\/\/nordicmart.andreevmaster.com\/fi\/wp-json\/wp\/v2\/product_brand?post=37778"},{"taxonomy":"product_cat","embeddable":true,"href":"https:\/\/nordicmart.andreevmaster.com\/fi\/wp-json\/wp\/v2\/product_cat?post=37778"},{"taxonomy":"product_tag","embeddable":true,"href":"https:\/\/nordicmart.andreevmaster.com\/fi\/wp-json\/wp\/v2\/product_tag?post=37778"}],"curies":[{"name":"wp","href":"https:\/\/api.w.org\/{rel}","templated":true}]}}