{"id":37777,"date":"2026-02-27T00:40:50","date_gmt":"2026-02-27T00:40:50","guid":{"rendered":"https:\/\/nordicmart.andreevmaster.com\/product\/songmics-ergonominen-pelituoli-musta\/"},"modified":"2026-02-27T09:57:07","modified_gmt":"2026-02-27T09:57:07","slug":"songmics-ergonominen-pelituoli-musta","status":"publish","type":"product","link":"https:\/\/nordicmart.andreevmaster.com\/fi\/tuote\/songmics-ergonominen-pelituoli-musta\/","title":{"rendered":"SONGMICS Ergonominen pelituoli, musta"},"content":{"rendered":"<p>Aivan kuin olisit osa videopeli\u00e4si: t\u00e4m\u00e4 kilpa-tuoli on luotu todellisille pelaajille! Jos rakastat nopeutta, tyyli\u00e4 ja tietokonepelej\u00e4, tulet kokemaan upeita hetki\u00e4 t\u00e4ll\u00e4 tuolilla. Sen ergonominen muotoilu takaa korkean istumamukavuuden, jopa pitkien pelisessioiden j\u00e4lkeen. Keinutoiminto mahdollistaa kevyen keinumisen edestakaisin, mik\u00e4 v\u00e4hent\u00e4\u00e4 v\u00e4symyst\u00e4. Istuinkorkeutta ja selk\u00e4nojan kallistuskulmaa voidaan s\u00e4\u00e4t\u00e4\u00e4 joustavasti, joten voit mukauttaa tuolin t\u00e4ydellisesti omiin tarpeisiisi. Automaattinen palautus sylinteri on my\u00f6s l\u00e4p\u00e4issyt T\u00dcV Rheinlandin turvallisuustestin standardin DIN 4550, luokka 4 mukaisesti (sertifikaatti my\u00f6nnetty: toimittaja).Kun istut t\u00e4ll\u00e4 ty\u00f6tuolilla, tunnet olevasi kuin istuisit tehokkaan urheiluauton ratissa \u2013 niin paljon voimaa! Tuotetiedot: V\u00e4ri: musta Materiaali: ter\u00e4s, PVC, vaahtomuovi Mitat: Kokonaiskorkeus: 121\u2013131 cm Kokonaisleveys: 69 cm Kokonaisleveys: 70,5 cm Rullan halkaisija: 50 mm Rullan akselin halkaisija: 11 mm T\u00e4htijalan halkaisija: 70 cm Istuimen korkeus: 46\u201356 cm Istuimen leveys: 41 cm K\u00e4sinojien korkeus: 17\u201324 cm Selk\u00e4nojan leveys: 55 cm Selk\u00e4nojan korkeus: 80 cm Paino: 19,5 kg Maks. staattinen kantavuus: 120 kg SONGMICS-ohjeet: Pitk\u00e4 istuminen voi vaikuttaa kielteisesti terveyteesi. Pid\u00e4 siksi s\u00e4\u00e4nn\u00f6llisesti taukoja ja venyttele puolen tunnin v\u00e4lein. \u00c4l\u00e4 istu pelk\u00e4st\u00e4\u00e4n tuolin etureunalla, koska tuoli voi kaatua eteenp\u00e4in.<\/p>\n","protected":false},"excerpt":{"rendered":"<p>SONGMICS pelituoli, toimistotuoli korkealla selk\u00e4nojalla, tietokonetuoli, kilpa-tuoli, pehmustettu istuin, s\u00e4\u00e4dett\u00e4v\u00e4 p\u00e4\u00e4ntuki ja lannerangan tuki, toimistoon, ty\u00f6huoneeseen, musta RCG47BK<\/p>\n","protected":false},"featured_media":45629,"comment_status":"open","ping_status":"closed","template":"","meta":[],"product_brand":[],"product_cat":[32],"product_tag":[],"class_list":{"0":"post-37777","1":"product","2":"type-product","3":"status-publish","4":"has-post-thumbnail","6":"product_cat-uncategorized-fi","8":"first","9":"instock","10":"shipping-taxable","11":"purchasable","12":"product-type-simple"},"_links":{"self":[{"href":"https:\/\/nordicmart.andreevmaster.com\/fi\/wp-json\/wp\/v2\/product\/37777","targetHints":{"allow":["GET"]}}],"collection":[{"href":"https:\/\/nordicmart.andreevmaster.com\/fi\/wp-json\/wp\/v2\/product"}],"about":[{"href":"https:\/\/nordicmart.andreevmaster.com\/fi\/wp-json\/wp\/v2\/types\/product"}],"replies":[{"embeddable":true,"href":"https:\/\/nordicmart.andreevmaster.com\/fi\/wp-json\/wp\/v2\/comments?post=37777"}],"wp:featuredmedia":[{"embeddable":true,"href":"https:\/\/nordicmart.andreevmaster.com\/fi\/wp-json\/wp\/v2\/media\/45629"}],"wp:attachment":[{"href":"https:\/\/nordicmart.andreevmaster.com\/fi\/wp-json\/wp\/v2\/media?parent=37777"}],"wp:term":[{"taxonomy":"product_brand","embeddable":true,"href":"https:\/\/nordicmart.andreevmaster.com\/fi\/wp-json\/wp\/v2\/product_brand?post=37777"},{"taxonomy":"product_cat","embeddable":true,"href":"https:\/\/nordicmart.andreevmaster.com\/fi\/wp-json\/wp\/v2\/product_cat?post=37777"},{"taxonomy":"product_tag","embeddable":true,"href":"https:\/\/nordicmart.andreevmaster.com\/fi\/wp-json\/wp\/v2\/product_tag?post=37777"}],"curies":[{"name":"wp","href":"https:\/\/api.w.org\/{rel}","templated":true}]}}