{"id":37775,"date":"2026-02-27T00:40:49","date_gmt":"2026-02-27T00:40:49","guid":{"rendered":"https:\/\/nordicmart.andreevmaster.com\/product\/songmics-tyotuoli-jalkatuella\/"},"modified":"2026-02-27T09:57:06","modified_gmt":"2026-02-27T09:57:06","slug":"songmics-tyotuoli-jalkatuella","status":"publish","type":"product","link":"https:\/\/nordicmart.andreevmaster.com\/fi\/tuote\/songmics-tyotuoli-jalkatuella\/","title":{"rendered":"SONGMICS-ty\u00f6tuoli jalkatuella"},"content":{"rendered":"<p>Hanki parhaat v\u00e4lineet, jotta voit olla paras: jos haluat tulla maailman parhaaksi pelaajaksi, sinun on hankittava oikeat v\u00e4lineet my\u00f6s tosiel\u00e4m\u00e4ss\u00e4. T\u00e4m\u00e4 ei kuitenkaan rajoitu vain tehokkaaseen prosessoriin tai erinomaiseen n\u00e4yt\u00f6nohjaimeen \u2013 tarvitset my\u00f6s oikeat lis\u00e4varusteet: n\u00e4pp\u00e4imist\u00f6n, hiiren ja jopa korkealaatuisen pelituolin.T\u00e4m\u00e4 SONGMICS-tuote on kehitetty erinomaisen suorituskyvyn saavuttamiseksi, jotta voit nauttia AAA-pelikokemuksesta edulliseen hintaan. Ylivoimainen mukavuus: T\u00e4m\u00e4 kilpaistuin tarjoaa all-in-one-paketin, joka sis\u00e4lt\u00e4\u00e4 jalkatuen, ergonomisen p\u00e4\u00e4ntuen, s\u00e4\u00e4dett\u00e4v\u00e4n lannerangan tuen ja erityisen paksun istuintyynyn. Istu siis rennosti ja mukavasti t\u00e4ll\u00e4 jopa 150 kg:n painolle tarkoitetulla ty\u00f6tuolilla ja anna adrenaliinitasosi nousta vain j\u00e4nnitt\u00e4vien pelien avulla. Testattu laatu: Ansaitset ty\u00f6tuolin, joka tukee sinua pitk\u00e4\u00e4n. T\u00e4m\u00e4n pelituolin py\u00f6r\u00e4t ovat l\u00e4p\u00e4isseet SGS:n BIFMA-kest\u00e4vyystestin (raportti nro SDHL1604003871FT). My\u00f6s jalkapohja on kest\u00e4nyt monenlaisia rasituksia (SGS-raportti nro SHHL1907037524FT).Tuotetiedot: V\u00e4ri: musta Materiaali: keinonahka (PU), tihe\u00e4 vaahtomuovi, ter\u00e4s Koko: 74 x 70 x 122\u2013132 cm (P x L x K) Paino: 23 kg Maks. staattinen kantavuus: 120 kgToimitus sis\u00e4lt\u00e4\u00e4:1 x pelituoli1 x lis\u00e4varustepussi1 x ohjeet (DE, EN, FR, ES, IT)SONGMICS-ohjeet:Pid\u00e4 tuoli poissa ter\u00e4vien tai ter\u00e4vien esineiden l\u00e4heisyydest\u00e4 vahingoittumisen v\u00e4ltt\u00e4miseksi.\u00c4l\u00e4 istu tuolin etureunalle, jotta se ei kaadu. Lapset saavat k\u00e4ytt\u00e4\u00e4 t\u00e4t\u00e4 tuotetta vain aikuisen valvonnassa; my\u00f6s raskaana olevat naiset saavat k\u00e4ytt\u00e4\u00e4 tuotetta vain varoen.<\/p>\n","protected":false},"excerpt":{"rendered":"<p>SONGMICS pelituoli, ty\u00f6tuoli jalkatuella, toimistotuoli ergonomisella p\u00e4\u00e4ntuella ja s\u00e4\u00e4dett\u00e4v\u00e4ll\u00e4 lannerangalla, keinonahka, paksu pehmuste, ter\u00e4ksinen jalkapohja, musta RCG45BK<\/p>\n","protected":false},"featured_media":45627,"comment_status":"open","ping_status":"closed","template":"","meta":[],"product_brand":[],"product_cat":[32],"product_tag":[],"class_list":{"0":"post-37775","1":"product","2":"type-product","3":"status-publish","4":"has-post-thumbnail","6":"product_cat-uncategorized-fi","8":"first","9":"instock","10":"shipping-taxable","11":"purchasable","12":"product-type-simple"},"_links":{"self":[{"href":"https:\/\/nordicmart.andreevmaster.com\/fi\/wp-json\/wp\/v2\/product\/37775","targetHints":{"allow":["GET"]}}],"collection":[{"href":"https:\/\/nordicmart.andreevmaster.com\/fi\/wp-json\/wp\/v2\/product"}],"about":[{"href":"https:\/\/nordicmart.andreevmaster.com\/fi\/wp-json\/wp\/v2\/types\/product"}],"replies":[{"embeddable":true,"href":"https:\/\/nordicmart.andreevmaster.com\/fi\/wp-json\/wp\/v2\/comments?post=37775"}],"wp:featuredmedia":[{"embeddable":true,"href":"https:\/\/nordicmart.andreevmaster.com\/fi\/wp-json\/wp\/v2\/media\/45627"}],"wp:attachment":[{"href":"https:\/\/nordicmart.andreevmaster.com\/fi\/wp-json\/wp\/v2\/media?parent=37775"}],"wp:term":[{"taxonomy":"product_brand","embeddable":true,"href":"https:\/\/nordicmart.andreevmaster.com\/fi\/wp-json\/wp\/v2\/product_brand?post=37775"},{"taxonomy":"product_cat","embeddable":true,"href":"https:\/\/nordicmart.andreevmaster.com\/fi\/wp-json\/wp\/v2\/product_cat?post=37775"},{"taxonomy":"product_tag","embeddable":true,"href":"https:\/\/nordicmart.andreevmaster.com\/fi\/wp-json\/wp\/v2\/product_tag?post=37775"}],"curies":[{"name":"wp","href":"https:\/\/api.w.org\/{rel}","templated":true}]}}