{"id":37774,"date":"2026-02-27T00:40:49","date_gmt":"2026-02-27T00:40:49","guid":{"rendered":"https:\/\/nordicmart.andreevmaster.com\/product\/songmics-pelituoli-kestaa-150-kgn-painon\/"},"modified":"2026-02-27T09:57:06","modified_gmt":"2026-02-27T09:57:06","slug":"songmics-pelituoli-kestaa-150-kgn-painon","status":"publish","type":"product","link":"https:\/\/nordicmart.andreevmaster.com\/fi\/tuote\/songmics-pelituoli-kestaa-150-kgn-painon\/","title":{"rendered":"SONGMICS-pelituoli kest\u00e4\u00e4 150 kg:n painon"},"content":{"rendered":"<p>Roolipelit, ensimm\u00e4isen persoonan ammuntapelit, tornipuolustuspelit tai online-pokeri \u2013 mik\u00e4 on suosikkisi tietokonepelien genrest\u00e4? Haluatpa sitten loitsua vastustajia tai odottaa innokkaasti kuninkaallista v\u00e4ri\u00e4, pelituolimme tukee sinua matkalla voittoon. Laadukas, mukava, monik\u00e4ytt\u00f6inen Ergonomisen muotoilun ja muodonpit\u00e4v\u00e4n vaahtomuovin ansiosta istuin on eritt\u00e4in mukava, vaikka pelikaverisi olisi taas pitk\u00e4\u00e4n poissa. Lis\u00e4ksi tietokonetuolissa on lukuisia toimintoja. K\u00e4sinojat ovat joustavasti liikkuvat yl\u00f6s, alas, vasemmalle ja oikealle. My\u00f6s lannerangan tyyny on korkeuss\u00e4\u00e4dett\u00e4v\u00e4. Lis\u00e4ksi tuoli voidaan kallistaa taaksep\u00e4in jopa 135 astetta. Tuolissa on my\u00f6s keinumekanismi. T\u00e4m\u00e4n pelituolin mukana saat my\u00f6s kulutusta kest\u00e4v\u00e4n tuotteen, jossa on tukeva ter\u00e4srunko. Jalkaristi ja rullat on testattu useita kertoja SGS:n toimesta komponenttien vakauden ja kest\u00e4vyyden varmistamiseksi (sertifikaatti nro AJHL1801000030FT; omistaja: rullien valmistaja) (sertifikaatti nro AJHL1811002706FT; omistaja: jalkaristien valmistaja).<br \/>\nTuotetiedot: &#8211; V\u00e4ri: maastov\u00e4ri &#8211; Materiaali: tihe\u00e4 heijastava vaahtomuovi, istuimen runko ja jalkarengas ter\u00e4st\u00e4, verhoilu ymp\u00e4rist\u00f6yst\u00e4v\u00e4llist\u00e4 PU:ta, py\u00f6r\u00e4t nailonia &#8211; Koko: 69 x 71 x 128-138 cm (P x L x K) &#8211; Paino: 22 kg &#8211; Suurin kantavuus: 150 kg Toimitus sis\u00e4lt\u00e4\u00e4: &#8211; 1 x pelituoli &#8211; 1 x kuusiokoloavain &#8211; 1 x lis\u00e4varustepussi &#8211; 1 x ohjeet (DE, EN, ES, FR, IT) SONGMICS Huomautukset:- Huomaa nuoli istuimen alla ja kokoa tuoli sen mukaisesti. &#8211; \u00c4l\u00e4 istu tuolin etureunalle. N\u00e4in v\u00e4lt\u00e4t loukkaantumisen, jos tuoli kaatuu.<\/p>\n","protected":false},"excerpt":{"rendered":"<p>SONGMICS pelituoli, ty\u00f6tuoli, kirjoitusp\u00f6yd\u00e4n tuoli, johtajan tuoli, k\u00e4sinojat, palautuva vaahtomuovi, musta-harmaa RCG42BG, 85 x 65 x 34 cm<\/p>\n","protected":false},"featured_media":45626,"comment_status":"open","ping_status":"closed","template":"","meta":[],"product_brand":[],"product_cat":[32],"product_tag":[],"class_list":{"0":"post-37774","1":"product","2":"type-product","3":"status-publish","4":"has-post-thumbnail","6":"product_cat-uncategorized-fi","8":"first","9":"instock","10":"shipping-taxable","11":"purchasable","12":"product-type-simple"},"_links":{"self":[{"href":"https:\/\/nordicmart.andreevmaster.com\/fi\/wp-json\/wp\/v2\/product\/37774","targetHints":{"allow":["GET"]}}],"collection":[{"href":"https:\/\/nordicmart.andreevmaster.com\/fi\/wp-json\/wp\/v2\/product"}],"about":[{"href":"https:\/\/nordicmart.andreevmaster.com\/fi\/wp-json\/wp\/v2\/types\/product"}],"replies":[{"embeddable":true,"href":"https:\/\/nordicmart.andreevmaster.com\/fi\/wp-json\/wp\/v2\/comments?post=37774"}],"wp:featuredmedia":[{"embeddable":true,"href":"https:\/\/nordicmart.andreevmaster.com\/fi\/wp-json\/wp\/v2\/media\/45626"}],"wp:attachment":[{"href":"https:\/\/nordicmart.andreevmaster.com\/fi\/wp-json\/wp\/v2\/media?parent=37774"}],"wp:term":[{"taxonomy":"product_brand","embeddable":true,"href":"https:\/\/nordicmart.andreevmaster.com\/fi\/wp-json\/wp\/v2\/product_brand?post=37774"},{"taxonomy":"product_cat","embeddable":true,"href":"https:\/\/nordicmart.andreevmaster.com\/fi\/wp-json\/wp\/v2\/product_cat?post=37774"},{"taxonomy":"product_tag","embeddable":true,"href":"https:\/\/nordicmart.andreevmaster.com\/fi\/wp-json\/wp\/v2\/product_tag?post=37774"}],"curies":[{"name":"wp","href":"https:\/\/api.w.org\/{rel}","templated":true}]}}