{"id":37772,"date":"2026-02-27T00:40:48","date_gmt":"2026-02-27T00:40:48","guid":{"rendered":"https:\/\/nordicmart.andreevmaster.com\/product\/songmics-pelituoli-keinonahka-musta-harmaa\/"},"modified":"2026-02-27T09:57:05","modified_gmt":"2026-02-27T09:57:05","slug":"songmics-pelituoli-keinonahka-musta-harmaa","status":"publish","type":"product","link":"https:\/\/nordicmart.andreevmaster.com\/fi\/tuote\/songmics-pelituoli-keinonahka-musta-harmaa\/","title":{"rendered":"SONGMICS pelituoli keinonahka musta-harmaa"},"content":{"rendered":"<p> Tuotekuvaus: Roolipelit, ensimm\u00e4isen persoonan ammuntapelit, tornipuolustuspelit tai online-pokeri \u2013 mik\u00e4 tietokonepelien genre on suosikkisi? Olitpa sitten maagi, joka kiroaa vastustajansa, tai innokkaasti royal flushia odottava pelaaja, pelituolimme tukee sinua matkalla voittoon. Laadukas, mukava, monitoiminen Ergonomisen muotoilun ja muodonpit\u00e4v\u00e4ll\u00e4 vaahtomuovilla varustetun istuimen ansiosta voit nauttia \u00e4\u00e4rimm\u00e4isest\u00e4 mukavuudesta, vaikka pelikaverisi olisi taas kerran pitk\u00e4\u00e4n poissa. Lis\u00e4ksi tietokonetuolissa on lukuisia toimintoja. K\u00e4sinojat ovat joustavasti liikkuvat yl\u00f6s, alas, vasemmalle ja oikealle. My\u00f6s lannerangan tuki on korkeuss\u00e4\u00e4dett\u00e4v\u00e4. Tuoli voidaan kallistaa taaksep\u00e4in jopa 135 astetta. Siin\u00e4 on my\u00f6s keinumekanismi.  T\u00e4m\u00e4n pelituolin mukana saat my\u00f6s kulutusta kest\u00e4v\u00e4n tuotteen, jossa on tukeva ter\u00e4srunko. Jalkaristi ja rullat on testattu useita kertoja SGS:n toimesta komponenttien vakauden ja kest\u00e4vyyden varmistamiseksi (sertifikaatti nro AJHL1801000030FT; omistaja: rullien valmistaja) (sertifikaatti nro AJHL1811002706FT; omistaja: jalkaristien valmistaja). Tuotetiedot: &#8211; V\u00e4ri: musta, harmaa &#8211; Materiaali: korkeatihe\u00e4 Reflex-vaahtomuovi, istuimen runko ja jalkaristi ter\u00e4st\u00e4, verhoilu ymp\u00e4rist\u00f6yst\u00e4v\u00e4llist\u00e4 PU:ta, py\u00f6r\u00e4t nailonia &#8211; Koko: 69 x 71 x 128-138 cm (P x L x K) &#8211; Paino: 22 kg &#8211; Suurin kantavuus: 150 kg Toimitus sis\u00e4lt\u00e4\u00e4: &#8211; 1x pelituoli &#8211; 1x kuusiokoloavain &#8211; 1x lis\u00e4varustepussi &#8211; 1x ohjeet (DE, EN, ES, FR, IT) SONGMICS Huomautukset: &#8211; Huomaa nuoli istuimen alla ja kokoa tuoli sen mukaisesti. &#8211; \u00c4l\u00e4 istu tuolin etureunalle. N\u00e4in v\u00e4lt\u00e4t loukkaantumisen, jos tuoli kaatuu.<\/p>\n","protected":false},"excerpt":{"rendered":"<p>SONGMICS pelituoli, ty\u00f6tuoli, kirjoitusp\u00f6yd\u00e4n tuoli, johtajan tuoli, k\u00e4sinojat, palautuva vaahtomuovi, musta-harmaa RCG42BG, 85 x 65 x 34 cm<\/p>\n","protected":false},"featured_media":45624,"comment_status":"open","ping_status":"closed","template":"","meta":[],"product_brand":[],"product_cat":[32],"product_tag":[],"class_list":{"0":"post-37772","1":"product","2":"type-product","3":"status-publish","4":"has-post-thumbnail","6":"product_cat-uncategorized-fi","8":"first","9":"instock","10":"shipping-taxable","11":"purchasable","12":"product-type-simple"},"_links":{"self":[{"href":"https:\/\/nordicmart.andreevmaster.com\/fi\/wp-json\/wp\/v2\/product\/37772","targetHints":{"allow":["GET"]}}],"collection":[{"href":"https:\/\/nordicmart.andreevmaster.com\/fi\/wp-json\/wp\/v2\/product"}],"about":[{"href":"https:\/\/nordicmart.andreevmaster.com\/fi\/wp-json\/wp\/v2\/types\/product"}],"replies":[{"embeddable":true,"href":"https:\/\/nordicmart.andreevmaster.com\/fi\/wp-json\/wp\/v2\/comments?post=37772"}],"wp:featuredmedia":[{"embeddable":true,"href":"https:\/\/nordicmart.andreevmaster.com\/fi\/wp-json\/wp\/v2\/media\/45624"}],"wp:attachment":[{"href":"https:\/\/nordicmart.andreevmaster.com\/fi\/wp-json\/wp\/v2\/media?parent=37772"}],"wp:term":[{"taxonomy":"product_brand","embeddable":true,"href":"https:\/\/nordicmart.andreevmaster.com\/fi\/wp-json\/wp\/v2\/product_brand?post=37772"},{"taxonomy":"product_cat","embeddable":true,"href":"https:\/\/nordicmart.andreevmaster.com\/fi\/wp-json\/wp\/v2\/product_cat?post=37772"},{"taxonomy":"product_tag","embeddable":true,"href":"https:\/\/nordicmart.andreevmaster.com\/fi\/wp-json\/wp\/v2\/product_tag?post=37772"}],"curies":[{"name":"wp","href":"https:\/\/api.w.org\/{rel}","templated":true}]}}