{"id":37771,"date":"2026-02-27T00:40:48","date_gmt":"2026-02-27T00:40:48","guid":{"rendered":"https:\/\/nordicmart.andreevmaster.com\/product\/songmics-pelituoli-saadettavalla-lannerangalla\/"},"modified":"2026-02-27T09:57:05","modified_gmt":"2026-02-27T09:57:05","slug":"songmics-pelituoli-saadettavalla-lannerangalla","status":"publish","type":"product","link":"https:\/\/nordicmart.andreevmaster.com\/fi\/tuote\/songmics-pelituoli-saadettavalla-lannerangalla\/","title":{"rendered":"SONGMICS-pelituoli s\u00e4\u00e4dett\u00e4v\u00e4ll\u00e4 lannerangalla"},"content":{"rendered":"<p>SONGMICS pelituoli, toimistotuoli, jossa s\u00e4\u00e4dett\u00e4v\u00e4 lannerangan tuki, keinonahka, pehme\u00e4 p\u00e4\u00e4ntuki, paksu pehmuste, ter\u00e4ksinen jalkaristi, musta RCG35BK<\/p>\n","protected":false},"excerpt":{"rendered":"<p>SONGMICS pelituoli, toimistotuoli, jossa s\u00e4\u00e4dett\u00e4v\u00e4 lannerangan tuki, keinonahka, pehme\u00e4 p\u00e4\u00e4ntuki, paksu pehmuste, ter\u00e4ksinen jalkaristi, musta RCG35BK<\/p>\n","protected":false},"featured_media":45623,"comment_status":"open","ping_status":"closed","template":"","meta":[],"product_brand":[],"product_cat":[32],"product_tag":[],"class_list":{"0":"post-37771","1":"product","2":"type-product","3":"status-publish","4":"has-post-thumbnail","6":"product_cat-uncategorized-fi","8":"first","9":"instock","10":"shipping-taxable","11":"purchasable","12":"product-type-simple"},"_links":{"self":[{"href":"https:\/\/nordicmart.andreevmaster.com\/fi\/wp-json\/wp\/v2\/product\/37771","targetHints":{"allow":["GET"]}}],"collection":[{"href":"https:\/\/nordicmart.andreevmaster.com\/fi\/wp-json\/wp\/v2\/product"}],"about":[{"href":"https:\/\/nordicmart.andreevmaster.com\/fi\/wp-json\/wp\/v2\/types\/product"}],"replies":[{"embeddable":true,"href":"https:\/\/nordicmart.andreevmaster.com\/fi\/wp-json\/wp\/v2\/comments?post=37771"}],"wp:featuredmedia":[{"embeddable":true,"href":"https:\/\/nordicmart.andreevmaster.com\/fi\/wp-json\/wp\/v2\/media\/45623"}],"wp:attachment":[{"href":"https:\/\/nordicmart.andreevmaster.com\/fi\/wp-json\/wp\/v2\/media?parent=37771"}],"wp:term":[{"taxonomy":"product_brand","embeddable":true,"href":"https:\/\/nordicmart.andreevmaster.com\/fi\/wp-json\/wp\/v2\/product_brand?post=37771"},{"taxonomy":"product_cat","embeddable":true,"href":"https:\/\/nordicmart.andreevmaster.com\/fi\/wp-json\/wp\/v2\/product_cat?post=37771"},{"taxonomy":"product_tag","embeddable":true,"href":"https:\/\/nordicmart.andreevmaster.com\/fi\/wp-json\/wp\/v2\/product_tag?post=37771"}],"curies":[{"name":"wp","href":"https:\/\/api.w.org\/{rel}","templated":true}]}}