{"id":37770,"date":"2026-02-27T00:40:48","date_gmt":"2026-02-27T00:40:48","guid":{"rendered":"https:\/\/nordicmart.andreevmaster.com\/product\/songmics-pelituoli-musta-oranssi\/"},"modified":"2026-02-27T09:57:05","modified_gmt":"2026-02-27T09:57:05","slug":"songmics-pelituoli-musta-oranssi","status":"publish","type":"product","link":"https:\/\/nordicmart.andreevmaster.com\/fi\/tuote\/songmics-pelituoli-musta-oranssi\/","title":{"rendered":"SONGMICS pelituoli musta-oranssi"},"content":{"rendered":"<p>Tuotetiedot: Korkeus (kokonais): 124\u2013132 cm Istuinkorkeus: 43\u201351 cm Jalkaristin halkaisija: 70 cm Rullan halkaisija: 60 mm Istuinkupin mitat: 53 x 52 cm (L x S) Selk\u00e4nojan mitat: 85 x 54 cm (K x S) Bruttopaino: 25,12 kg Runko: yhten\u00e4inen ter\u00e4srunko 3D-k\u00e4sinojat: PU-k\u00e4sinojat, korkeuss\u00e4\u00e4dett\u00e4v\u00e4t, k\u00e4\u00e4ntyv\u00e4t vasemmalle\/oikealle Materiaali: PU-verhoilu, kylm\u00e4vaahtomuovipehmuste, lakattu nailonjalustan<\/p>\n","protected":false},"excerpt":{"rendered":"<p>SONGMICS Songmics Racing -tuoli toimistotuoli ty\u00f6p\u00f6yt\u00e4tuoli tietokonetuoli k\u00e4sinojilla palautuva vaahtomuovi musta-oranssi RCG32J<\/p>\n","protected":false},"featured_media":45622,"comment_status":"open","ping_status":"closed","template":"","meta":[],"product_brand":[],"product_cat":[32],"product_tag":[],"class_list":{"0":"post-37770","1":"product","2":"type-product","3":"status-publish","4":"has-post-thumbnail","6":"product_cat-uncategorized-fi","8":"first","9":"instock","10":"shipping-taxable","11":"purchasable","12":"product-type-simple"},"_links":{"self":[{"href":"https:\/\/nordicmart.andreevmaster.com\/fi\/wp-json\/wp\/v2\/product\/37770","targetHints":{"allow":["GET"]}}],"collection":[{"href":"https:\/\/nordicmart.andreevmaster.com\/fi\/wp-json\/wp\/v2\/product"}],"about":[{"href":"https:\/\/nordicmart.andreevmaster.com\/fi\/wp-json\/wp\/v2\/types\/product"}],"replies":[{"embeddable":true,"href":"https:\/\/nordicmart.andreevmaster.com\/fi\/wp-json\/wp\/v2\/comments?post=37770"}],"wp:featuredmedia":[{"embeddable":true,"href":"https:\/\/nordicmart.andreevmaster.com\/fi\/wp-json\/wp\/v2\/media\/45622"}],"wp:attachment":[{"href":"https:\/\/nordicmart.andreevmaster.com\/fi\/wp-json\/wp\/v2\/media?parent=37770"}],"wp:term":[{"taxonomy":"product_brand","embeddable":true,"href":"https:\/\/nordicmart.andreevmaster.com\/fi\/wp-json\/wp\/v2\/product_brand?post=37770"},{"taxonomy":"product_cat","embeddable":true,"href":"https:\/\/nordicmart.andreevmaster.com\/fi\/wp-json\/wp\/v2\/product_cat?post=37770"},{"taxonomy":"product_tag","embeddable":true,"href":"https:\/\/nordicmart.andreevmaster.com\/fi\/wp-json\/wp\/v2\/product_tag?post=37770"}],"curies":[{"name":"wp","href":"https:\/\/api.w.org\/{rel}","templated":true}]}}