{"id":37768,"date":"2026-02-27T00:40:47","date_gmt":"2026-02-27T00:40:47","guid":{"rendered":"https:\/\/nordicmart.andreevmaster.com\/product\/songmics-pelituoli-lannerangatyynylla-harmaa\/"},"modified":"2026-02-27T09:57:05","modified_gmt":"2026-02-27T09:57:05","slug":"songmics-pelituoli-lannerangatyynylla-harmaa","status":"publish","type":"product","link":"https:\/\/nordicmart.andreevmaster.com\/fi\/tuote\/songmics-pelituoli-lannerangatyynylla-harmaa\/","title":{"rendered":"SONGMICS pelituoli lannerangatyynyll\u00e4, harmaa"},"content":{"rendered":"<p>Tuotetiedot: V\u00e4ri: Harmaa-musta Materiaali: Verhoilu: Polyesterikangas Pehmuste: Kylm\u00e4vaahto Jalkaristi: Ter\u00e4s K\u00e4sinojien varsi: Ter\u00e4s K\u00e4sinojat: PU Py\u00f6r\u00e4t: Nylonydin PU-pinnoitteella Mitat: Korkeus (kokonais): 129\u2013139 cm Leveys (kokonais): 70 cm Syvyys (kokonais): 71 cm Istuinkorkeus: 48\u201358 cm K\u00e4sinojan korkeus (istuinpinnasta): 23\u201330 cm Paino: 20,5 kg Maks. staattinen kantavuus: 150 kg Toimitus sis\u00e4lt\u00e4\u00e4: 1 x pelituoli 1 x lis\u00e4varustepaketti 1 x ohjeet SONGMICS Huomautukset: Nojaa selk\u00e4nojaa vasten, kun haluat palauttaa sen pystyasentoon, muuten selk\u00e4noja voi liikahtaa \u00e4killisesti eteenp\u00e4in.<\/p>\n","protected":false},"excerpt":{"rendered":"<p>SONGMICS toimistotuoli pelituoli ergonominen johtajatuoli s\u00e4\u00e4dett\u00e4vill\u00e4 k\u00e4sinojilla, p\u00e4\u00e4tyyny ja lanneratatyyny 66 x 72 x 124-132 cm harmaa-musta RCG13G<\/p>\n","protected":false},"featured_media":45620,"comment_status":"open","ping_status":"closed","template":"","meta":[],"product_brand":[],"product_cat":[32],"product_tag":[],"class_list":{"0":"post-37768","1":"product","2":"type-product","3":"status-publish","4":"has-post-thumbnail","6":"product_cat-uncategorized-fi","8":"first","9":"instock","10":"shipping-taxable","11":"purchasable","12":"product-type-simple"},"_links":{"self":[{"href":"https:\/\/nordicmart.andreevmaster.com\/fi\/wp-json\/wp\/v2\/product\/37768","targetHints":{"allow":["GET"]}}],"collection":[{"href":"https:\/\/nordicmart.andreevmaster.com\/fi\/wp-json\/wp\/v2\/product"}],"about":[{"href":"https:\/\/nordicmart.andreevmaster.com\/fi\/wp-json\/wp\/v2\/types\/product"}],"replies":[{"embeddable":true,"href":"https:\/\/nordicmart.andreevmaster.com\/fi\/wp-json\/wp\/v2\/comments?post=37768"}],"wp:featuredmedia":[{"embeddable":true,"href":"https:\/\/nordicmart.andreevmaster.com\/fi\/wp-json\/wp\/v2\/media\/45620"}],"wp:attachment":[{"href":"https:\/\/nordicmart.andreevmaster.com\/fi\/wp-json\/wp\/v2\/media?parent=37768"}],"wp:term":[{"taxonomy":"product_brand","embeddable":true,"href":"https:\/\/nordicmart.andreevmaster.com\/fi\/wp-json\/wp\/v2\/product_brand?post=37768"},{"taxonomy":"product_cat","embeddable":true,"href":"https:\/\/nordicmart.andreevmaster.com\/fi\/wp-json\/wp\/v2\/product_cat?post=37768"},{"taxonomy":"product_tag","embeddable":true,"href":"https:\/\/nordicmart.andreevmaster.com\/fi\/wp-json\/wp\/v2\/product_tag?post=37768"}],"curies":[{"name":"wp","href":"https:\/\/api.w.org\/{rel}","templated":true}]}}