{"id":37767,"date":"2026-02-27T00:40:47","date_gmt":"2026-02-27T00:40:47","guid":{"rendered":"https:\/\/nordicmart.andreevmaster.com\/product\/songmics-pelituoli-keinonahka-musta-valkoinen\/"},"modified":"2026-02-27T09:57:05","modified_gmt":"2026-02-27T09:57:05","slug":"songmics-pelituoli-keinonahka-musta-valkoinen","status":"publish","type":"product","link":"https:\/\/nordicmart.andreevmaster.com\/fi\/tuote\/songmics-pelituoli-keinonahka-musta-valkoinen\/","title":{"rendered":"SONGMICS pelituoli keinonahka musta-valkoinen"},"content":{"rendered":"<p>Onko pelaaminen sinulle enemm\u00e4n kuin vain hauskaa ajanvietett\u00e4, vaan vakavasti otettava harrastus tai jopa ammatti? Sitten on korkea aika sisustaa pelialueesi ammattimaisesti. Todelliset pelaajat odottavat seuraavia etuja:Leve\u00e4, tihe\u00e4ll\u00e4 vaahtomuovilla pehmustettu istuin S\u00e4\u00e4dett\u00e4v\u00e4 lannerangan tuki ja irrotettava p\u00e4\u00e4ntuki Helppo puhdistaa keinonahkainen p\u00e4\u00e4llinen Keinutoiminto Yl\u00f6s ja alas, vasemmalle ja oikealle s\u00e4\u00e4dett\u00e4v\u00e4t 2D-k\u00e4sinojat Selk\u00e4nojan kallistuskulma 135 astetta Vakaa ter\u00e4ksinen t\u00e4htijalka ja kevyesti liikkuvat nailonrullat Testattu laatu: T\u00e4m\u00e4 pelituoli on testattu perusteellisesti, jotta se t\u00e4ytt\u00e4isi vaatimuksesi. SGS on tarkistanut jalustan vakauden (raportti nro AJHL1808001818FT; raportin omistaja: toimittaja) sek\u00e4 selk\u00e4nojan, istuimen ja k\u00e4sinojien vakauden (raportti nro AJHL1809002301FT; raportin omistaja: toimittaja). Kaikki testit sujuivat positiivisesti. Lis\u00e4ksi T\u00dcV Rheinland on testannut pelituolin kaasujousen DIN 4550 -standardin mukaisesti ja my\u00f6nt\u00e4nyt sille &#8221;tyyppihyv\u00e4ksytty&#8221; -sinetin (sertifikaatti nro 94634129-01; sertifikaatin haltija: toimittaja). Tuotetiedot: V\u00e4ri: musta-valkoinen Materiaali: Verhoilu: PU Verhoilu: korkeatihe\u00e4 Reflex-vaahtomuovi T\u00e4htijalka: ter\u00e4s K\u00e4sinojat (runko): ter\u00e4s Rullat: Nailon Koko: Kokonaiskorkeus: 125\u2013135 cm Kokonaisleveys: 70,5 cm Kokonaispituus: 69 cm Istuinkorkeus: 46\u201356 cm Istuimen leveys: 42\u201355 cm Istuimen syvyys: 52 cm K\u00e4sinojien korkeus (mitattuna istuimesta): 17\u201324 cm Selk\u00e4nojan korkeus: 84 cm Selk\u00e4nojan leveys: 61 cm T\u00e4htijalan halkaisija: 70 cm Py\u00f6rien halkaisija: 65 mm Akselin halkaisija: 11 mm Paino: 21 kg Maks. staattinen kantavuus: 150 kg Toimitus sis\u00e4lt\u00e4\u00e4: 1 x pelituoli 1 x lis\u00e4varustepaketti 1 x ohjeet SONGMICS Huomautukset: Kirist\u00e4 ruuvit s\u00e4\u00e4nn\u00f6llisesti.<\/p>\n","protected":false},"excerpt":{"rendered":"<p>SONGMICS toimistotuoli, kilpa-tuoli, pelituoli, korkea selk\u00e4noja, muotoiltu vaahtomuovi, pehmustettu istuin, s\u00e4\u00e4dett\u00e4v\u00e4 p\u00e4\u00e4ntuki ja lannerangan tuki, toimisto, kotitoimisto, musta-valkoinen RCG12W<\/p>\n","protected":false},"featured_media":45619,"comment_status":"open","ping_status":"closed","template":"","meta":[],"product_brand":[],"product_cat":[32],"product_tag":[],"class_list":{"0":"post-37767","1":"product","2":"type-product","3":"status-publish","4":"has-post-thumbnail","6":"product_cat-uncategorized-fi","8":"first","9":"instock","10":"shipping-taxable","11":"purchasable","12":"product-type-simple"},"_links":{"self":[{"href":"https:\/\/nordicmart.andreevmaster.com\/fi\/wp-json\/wp\/v2\/product\/37767","targetHints":{"allow":["GET"]}}],"collection":[{"href":"https:\/\/nordicmart.andreevmaster.com\/fi\/wp-json\/wp\/v2\/product"}],"about":[{"href":"https:\/\/nordicmart.andreevmaster.com\/fi\/wp-json\/wp\/v2\/types\/product"}],"replies":[{"embeddable":true,"href":"https:\/\/nordicmart.andreevmaster.com\/fi\/wp-json\/wp\/v2\/comments?post=37767"}],"wp:featuredmedia":[{"embeddable":true,"href":"https:\/\/nordicmart.andreevmaster.com\/fi\/wp-json\/wp\/v2\/media\/45619"}],"wp:attachment":[{"href":"https:\/\/nordicmart.andreevmaster.com\/fi\/wp-json\/wp\/v2\/media?parent=37767"}],"wp:term":[{"taxonomy":"product_brand","embeddable":true,"href":"https:\/\/nordicmart.andreevmaster.com\/fi\/wp-json\/wp\/v2\/product_brand?post=37767"},{"taxonomy":"product_cat","embeddable":true,"href":"https:\/\/nordicmart.andreevmaster.com\/fi\/wp-json\/wp\/v2\/product_cat?post=37767"},{"taxonomy":"product_tag","embeddable":true,"href":"https:\/\/nordicmart.andreevmaster.com\/fi\/wp-json\/wp\/v2\/product_tag?post=37767"}],"curies":[{"name":"wp","href":"https:\/\/api.w.org\/{rel}","templated":true}]}}